{"id":968,"date":"2025-10-29T21:43:35","date_gmt":"2025-10-29T21:43:35","guid":{"rendered":"https:\/\/www.biogranel.com\/?post_type=product&#038;p=968"},"modified":"2025-10-30T16:14:00","modified_gmt":"2025-10-30T16:14:00","slug":"caju-cru","status":"publish","type":"product","link":"https:\/\/www.biogranel.com\/en\/product\/caju-cru\/","title":{"rendered":"Caju Cru"},"content":{"rendered":"<p data-start=\"154\" data-end=\"335\">Sabor suave, textura cremosa e 100% natural. Os nossos <strong data-start=\"209\" data-end=\"223\">cajus crus<\/strong> s\u00e3o ricos em energia, prote\u00ednas e gorduras saud\u00e1veis \u2014 o snack perfeito para quem procura equil\u00edbrio e sabor.<\/p>\n<p data-start=\"337\" data-end=\"458\">Perfeitos para petiscar, adicionar a saladas ou usar em receitas saud\u00e1veis.<br data-start=\"412\" data-end=\"415\" \/>\ud83c\udf31 <strong data-start=\"418\" data-end=\"458\">Sem sal. Sem aditivos. S\u00f3 caju puro!<\/strong><\/p>","protected":false},"excerpt":{"rendered":"<p>Cajus crus.<\/p>","protected":false},"featured_media":953,"comment_status":"open","ping_status":"closed","template":"","meta":{"om_disable_all_campaigns":false,"_monsterinsights_skip_tracking":false,"_monsterinsights_sitenote_active":false,"_monsterinsights_sitenote_note":"","_monsterinsights_sitenote_category":0,"_uf_show_specific_survey":0,"_uf_disable_surveys":false,"_iconic_wsb_product_page_order_bump_ids":[[]],"_sku":["Ref#2"],"_iconic_wsb_product_page_bump_modal_ids":[[]]},"product_brand":[],"product_cat":[20],"product_tag":[19],"class_list":{"0":"post-968","1":"product","2":"type-product","3":"status-publish","4":"has-post-thumbnail","6":"product_cat-frutos-secos","7":"product_tag-caju","9":"first","10":"instock","11":"taxable","12":"shipping-taxable","13":"purchasable","14":"product-type-variable"},"aioseo_notices":[],"jetpack_sharing_enabled":true,"_links":{"self":[{"href":"https:\/\/www.biogranel.com\/en\/wp-json\/wp\/v2\/product\/968","targetHints":{"allow":["GET"]}}],"collection":[{"href":"https:\/\/www.biogranel.com\/en\/wp-json\/wp\/v2\/product"}],"about":[{"href":"https:\/\/www.biogranel.com\/en\/wp-json\/wp\/v2\/types\/product"}],"replies":[{"embeddable":true,"href":"https:\/\/www.biogranel.com\/en\/wp-json\/wp\/v2\/comments?post=968"}],"version-history":[{"count":3,"href":"https:\/\/www.biogranel.com\/en\/wp-json\/wp\/v2\/product\/968\/revisions"}],"predecessor-version":[{"id":1044,"href":"https:\/\/www.biogranel.com\/en\/wp-json\/wp\/v2\/product\/968\/revisions\/1044"}],"wp:featuredmedia":[{"embeddable":true,"href":"https:\/\/www.biogranel.com\/en\/wp-json\/wp\/v2\/media\/953"}],"wp:attachment":[{"href":"https:\/\/www.biogranel.com\/en\/wp-json\/wp\/v2\/media?parent=968"}],"wp:term":[{"taxonomy":"product_brand","embeddable":true,"href":"https:\/\/www.biogranel.com\/en\/wp-json\/wp\/v2\/product_brand?post=968"},{"taxonomy":"product_cat","embeddable":true,"href":"https:\/\/www.biogranel.com\/en\/wp-json\/wp\/v2\/product_cat?post=968"},{"taxonomy":"product_tag","embeddable":true,"href":"https:\/\/www.biogranel.com\/en\/wp-json\/wp\/v2\/product_tag?post=968"}],"curies":[{"name":"wp","href":"https:\/\/api.w.org\/{rel}","templated":true}]}}