{"id":1718,"date":"2026-01-08T19:48:47","date_gmt":"2026-01-08T19:48:47","guid":{"rendered":"https:\/\/www.biogranel.com\/?post_type=product&#038;p=1718"},"modified":"2026-01-08T20:01:00","modified_gmt":"2026-01-08T20:01:00","slug":"trigo-sarraceno","status":"publish","type":"product","link":"https:\/\/www.biogranel.com\/en\/product\/trigo-sarraceno\/","title":{"rendered":"Trigo Sarraceno"},"content":{"rendered":"<p data-start=\"231\" data-end=\"451\">O <strong data-start=\"233\" data-end=\"252\">trigo sarraceno<\/strong> \u00e9 um pseudocereal rico em nutrientes, com sabor ligeiramente a noz e textura agrad\u00e1vel. Apesar do nome, <strong data-start=\"357\" data-end=\"378\">n\u00e3o cont\u00e9m gl\u00faten<\/strong>, sendo uma excelente alternativa para dietas equilibradas e conscientes.<\/p>\n<p data-start=\"453\" data-end=\"645\">Rico em <strong data-start=\"461\" data-end=\"474\">prote\u00ednas<\/strong>, <strong data-start=\"476\" data-end=\"486\">fibras<\/strong>, <strong data-start=\"488\" data-end=\"500\">minerais<\/strong> e <strong data-start=\"503\" data-end=\"520\">antioxidantes<\/strong>, \u00e9 perfeito para <strong data-start=\"538\" data-end=\"549\">saladas<\/strong>, <strong data-start=\"551\" data-end=\"560\">papas<\/strong>, <strong data-start=\"562\" data-end=\"581\">acompanhamentos<\/strong>, <strong data-start=\"583\" data-end=\"608\">receitas vegetarianas<\/strong>, ou como base para pratos saud\u00e1veis.<\/p>\n<p data-start=\"647\" data-end=\"769\">\ud83c\udf3e <strong data-start=\"650\" data-end=\"677\">Naturalmente sem gl\u00faten<\/strong><br data-start=\"677\" data-end=\"680\" \/>\ud83d\udcaa <strong data-start=\"683\" data-end=\"721\">Fonte de prote\u00edna vegetal e fibras<\/strong><br data-start=\"721\" data-end=\"724\" \/>\ud83e\udd57 <strong data-start=\"727\" data-end=\"769\">Vers\u00e1til para pratos doces ou salgados<\/strong><\/p>\n<p data-start=\"771\" data-end=\"835\"><strong data-start=\"771\" data-end=\"835\">Trigo Sarraceno \u2013 nutri\u00e7\u00e3o completa com sabor e consci\u00eancia!<\/strong><\/p>","protected":false},"excerpt":{"rendered":"<p>Trigo Sarraceno.<\/p>","protected":false},"featured_media":1723,"comment_status":"open","ping_status":"closed","template":"","meta":{"om_disable_all_campaigns":false,"_monsterinsights_skip_tracking":false,"_monsterinsights_sitenote_active":false,"_monsterinsights_sitenote_note":"","_monsterinsights_sitenote_category":0,"_uf_show_specific_survey":0,"_uf_disable_surveys":false,"_iconic_wsb_product_page_order_bump_ids":[[]],"_sku":["Ref#80"],"_iconic_wsb_product_page_bump_modal_ids":[[]]},"product_brand":[],"product_cat":[29],"product_tag":[85],"class_list":{"0":"post-1718","1":"product","2":"type-product","3":"status-publish","4":"has-post-thumbnail","6":"product_cat-sementes","7":"product_tag-trigo-sarraceno","9":"first","10":"instock","11":"taxable","12":"shipping-taxable","13":"purchasable","14":"product-type-variable"},"aioseo_notices":[],"jetpack_sharing_enabled":true,"_links":{"self":[{"href":"https:\/\/www.biogranel.com\/en\/wp-json\/wp\/v2\/product\/1718","targetHints":{"allow":["GET"]}}],"collection":[{"href":"https:\/\/www.biogranel.com\/en\/wp-json\/wp\/v2\/product"}],"about":[{"href":"https:\/\/www.biogranel.com\/en\/wp-json\/wp\/v2\/types\/product"}],"replies":[{"embeddable":true,"href":"https:\/\/www.biogranel.com\/en\/wp-json\/wp\/v2\/comments?post=1718"}],"version-history":[{"count":1,"href":"https:\/\/www.biogranel.com\/en\/wp-json\/wp\/v2\/product\/1718\/revisions"}],"predecessor-version":[{"id":1724,"href":"https:\/\/www.biogranel.com\/en\/wp-json\/wp\/v2\/product\/1718\/revisions\/1724"}],"wp:featuredmedia":[{"embeddable":true,"href":"https:\/\/www.biogranel.com\/en\/wp-json\/wp\/v2\/media\/1723"}],"wp:attachment":[{"href":"https:\/\/www.biogranel.com\/en\/wp-json\/wp\/v2\/media?parent=1718"}],"wp:term":[{"taxonomy":"product_brand","embeddable":true,"href":"https:\/\/www.biogranel.com\/en\/wp-json\/wp\/v2\/product_brand?post=1718"},{"taxonomy":"product_cat","embeddable":true,"href":"https:\/\/www.biogranel.com\/en\/wp-json\/wp\/v2\/product_cat?post=1718"},{"taxonomy":"product_tag","embeddable":true,"href":"https:\/\/www.biogranel.com\/en\/wp-json\/wp\/v2\/product_tag?post=1718"}],"curies":[{"name":"wp","href":"https:\/\/api.w.org\/{rel}","templated":true}]}}