{"id":1711,"date":"2026-01-08T19:45:40","date_gmt":"2026-01-08T19:45:40","guid":{"rendered":"https:\/\/www.biogranel.com\/?post_type=product&#038;p=1711"},"modified":"2026-01-08T19:47:14","modified_gmt":"2026-01-08T19:47:14","slug":"semente-de-sesamo-negro","status":"publish","type":"product","link":"https:\/\/www.biogranel.com\/en\/product\/semente-de-sesamo-negro\/","title":{"rendered":"Semente de S\u00e9samo Negro"},"content":{"rendered":"<p data-start=\"245\" data-end=\"449\">A <strong data-start=\"247\" data-end=\"274\">semente de s\u00e9samo preto<\/strong> destaca-se pelo seu sabor mais profundo e ligeiramente tostado, al\u00e9m da cor marcante que d\u00e1 car\u00e1cter a qualquer prato. Um ingrediente essencial na cozinha moderna e oriental.<\/p>\n<p data-start=\"451\" data-end=\"640\">Rica em <strong data-start=\"459\" data-end=\"469\">c\u00e1lcio<\/strong>, <strong data-start=\"471\" data-end=\"481\">fibras<\/strong>, <strong data-start=\"483\" data-end=\"496\">prote\u00ednas<\/strong> e <strong data-start=\"499\" data-end=\"516\">antioxidantes<\/strong>, \u00e9 perfeita para <strong data-start=\"534\" data-end=\"554\">pratos asi\u00e1ticos<\/strong>, <strong data-start=\"556\" data-end=\"565\">sushi<\/strong>, <strong data-start=\"567\" data-end=\"578\">saladas<\/strong>, <strong data-start=\"580\" data-end=\"587\">p\u00e3o<\/strong>, <strong data-start=\"589\" data-end=\"601\">bolachas<\/strong> ou como topping decorativo e saboroso.<\/p>\n<p data-start=\"642\" data-end=\"784\">\u26ab <strong data-start=\"644\" data-end=\"677\">Sabor intenso e aroma tostado<\/strong><br data-start=\"677\" data-end=\"680\" \/>\ud83d\udcaa <strong data-start=\"683\" data-end=\"726\">Fonte de c\u00e1lcio e nutrientes essenciais<\/strong><br data-start=\"726\" data-end=\"729\" \/>\ud83c\udf63 <strong data-start=\"732\" data-end=\"784\">Ideal para cozinha oriental e receitas criativas<\/strong><\/p>\n<p data-start=\"786\" data-end=\"852\"><strong data-start=\"786\" data-end=\"852\">Semente de S\u00e9samo Preto \u2013 o detalhe escuro que real\u00e7a o sabor!<\/strong><\/p>","protected":false},"excerpt":{"rendered":"<p>Semente de S\u00e9samo Negro.<\/p>","protected":false},"featured_media":1716,"comment_status":"open","ping_status":"closed","template":"","meta":{"om_disable_all_campaigns":false,"_monsterinsights_skip_tracking":false,"_monsterinsights_sitenote_active":false,"_monsterinsights_sitenote_note":"","_monsterinsights_sitenote_category":0,"_uf_show_specific_survey":0,"_uf_disable_surveys":false,"_iconic_wsb_product_page_order_bump_ids":[[]],"_sku":["Ref#79"],"_iconic_wsb_product_page_bump_modal_ids":[[]]},"product_brand":[],"product_cat":[29],"product_tag":[84],"class_list":{"0":"post-1711","1":"product","2":"type-product","3":"status-publish","4":"has-post-thumbnail","6":"product_cat-sementes","7":"product_tag-sesamo","9":"first","10":"instock","11":"taxable","12":"shipping-taxable","13":"purchasable","14":"product-type-variable"},"aioseo_notices":[],"jetpack_sharing_enabled":true,"_links":{"self":[{"href":"https:\/\/www.biogranel.com\/en\/wp-json\/wp\/v2\/product\/1711","targetHints":{"allow":["GET"]}}],"collection":[{"href":"https:\/\/www.biogranel.com\/en\/wp-json\/wp\/v2\/product"}],"about":[{"href":"https:\/\/www.biogranel.com\/en\/wp-json\/wp\/v2\/types\/product"}],"replies":[{"embeddable":true,"href":"https:\/\/www.biogranel.com\/en\/wp-json\/wp\/v2\/comments?post=1711"}],"version-history":[{"count":1,"href":"https:\/\/www.biogranel.com\/en\/wp-json\/wp\/v2\/product\/1711\/revisions"}],"predecessor-version":[{"id":1717,"href":"https:\/\/www.biogranel.com\/en\/wp-json\/wp\/v2\/product\/1711\/revisions\/1717"}],"wp:featuredmedia":[{"embeddable":true,"href":"https:\/\/www.biogranel.com\/en\/wp-json\/wp\/v2\/media\/1716"}],"wp:attachment":[{"href":"https:\/\/www.biogranel.com\/en\/wp-json\/wp\/v2\/media?parent=1711"}],"wp:term":[{"taxonomy":"product_brand","embeddable":true,"href":"https:\/\/www.biogranel.com\/en\/wp-json\/wp\/v2\/product_brand?post=1711"},{"taxonomy":"product_cat","embeddable":true,"href":"https:\/\/www.biogranel.com\/en\/wp-json\/wp\/v2\/product_cat?post=1711"},{"taxonomy":"product_tag","embeddable":true,"href":"https:\/\/www.biogranel.com\/en\/wp-json\/wp\/v2\/product_tag?post=1711"}],"curies":[{"name":"wp","href":"https:\/\/api.w.org\/{rel}","templated":true}]}}