{"id":1702,"date":"2026-01-08T19:42:33","date_gmt":"2026-01-08T19:42:33","guid":{"rendered":"https:\/\/www.biogranel.com\/?post_type=product&#038;p=1702"},"modified":"2026-01-08T19:48:15","modified_gmt":"2026-01-08T19:48:15","slug":"semente-de-sesamo-dourado","status":"publish","type":"product","link":"https:\/\/www.biogranel.com\/en\/product\/semente-de-sesamo-dourado\/","title":{"rendered":"Semente de S\u00e9samo Dourado"},"content":{"rendered":"<p data-start=\"240\" data-end=\"489\">A <strong data-start=\"242\" data-end=\"271\">semente de s\u00e9samo dourado<\/strong>\u00a0destaca-se pelo seu sabor mais intenso e ligeiramente tostado, sendo perfeita para dar um toque especial \u00e0s tuas receitas. Pequena mas cheia de personalidade, \u00e9 um ingrediente essencial na cozinha saud\u00e1vel e criativa.<\/p>\n<p data-start=\"491\" data-end=\"661\">Rica em <strong data-start=\"499\" data-end=\"509\">c\u00e1lcio<\/strong>, <strong data-start=\"511\" data-end=\"521\">fibras<\/strong>, <strong data-start=\"523\" data-end=\"536\">prote\u00ednas<\/strong> e <strong data-start=\"539\" data-end=\"561\">gorduras saud\u00e1veis<\/strong>, \u00e9 ideal para <strong data-start=\"576\" data-end=\"587\">saladas<\/strong>, <strong data-start=\"589\" data-end=\"597\">p\u00e3es<\/strong>, <strong data-start=\"599\" data-end=\"611\">bolachas<\/strong>, <strong data-start=\"613\" data-end=\"633\">pratos orientais<\/strong>, ou como topping arom\u00e1tico.<\/p>\n<p data-start=\"663\" data-end=\"812\">\ud83c\udf3e <strong data-start=\"666\" data-end=\"702\">Sabor intenso e textura crocante<\/strong><br data-start=\"702\" data-end=\"705\" \/>\ud83d\udcaa <strong data-start=\"708\" data-end=\"751\">Fonte de c\u00e1lcio e nutrientes essenciais<\/strong><br data-start=\"751\" data-end=\"754\" \/>\ud83e\udd57 <strong data-start=\"757\" data-end=\"812\">Perfeita para cozinha oriental e receitas saud\u00e1veis<\/strong><\/p>\n<p data-start=\"814\" data-end=\"887\"><strong data-start=\"814\" data-end=\"887\">Semente de S\u00e9samo Dourado \u2013 o toque dourado que eleva qualquer prato!<\/strong><\/p>","protected":false},"excerpt":{"rendered":"<p>Semente de S\u00e9samo Dourado.<\/p>","protected":false},"featured_media":1707,"comment_status":"open","ping_status":"closed","template":"","meta":{"om_disable_all_campaigns":false,"_monsterinsights_skip_tracking":false,"_monsterinsights_sitenote_active":false,"_monsterinsights_sitenote_note":"","_monsterinsights_sitenote_category":0,"_uf_show_specific_survey":0,"_uf_disable_surveys":false,"_iconic_wsb_product_page_order_bump_ids":[[]],"_sku":["Ref#78"],"_iconic_wsb_product_page_bump_modal_ids":[[]]},"product_brand":[],"product_cat":[29],"product_tag":[84],"class_list":{"0":"post-1702","1":"product","2":"type-product","3":"status-publish","4":"has-post-thumbnail","6":"product_cat-sementes","7":"product_tag-sesamo","9":"first","10":"instock","11":"taxable","12":"shipping-taxable","13":"purchasable","14":"product-type-variable"},"aioseo_notices":[],"jetpack_sharing_enabled":true,"_links":{"self":[{"href":"https:\/\/www.biogranel.com\/en\/wp-json\/wp\/v2\/product\/1702","targetHints":{"allow":["GET"]}}],"collection":[{"href":"https:\/\/www.biogranel.com\/en\/wp-json\/wp\/v2\/product"}],"about":[{"href":"https:\/\/www.biogranel.com\/en\/wp-json\/wp\/v2\/types\/product"}],"replies":[{"embeddable":true,"href":"https:\/\/www.biogranel.com\/en\/wp-json\/wp\/v2\/comments?post=1702"}],"version-history":[{"count":3,"href":"https:\/\/www.biogranel.com\/en\/wp-json\/wp\/v2\/product\/1702\/revisions"}],"predecessor-version":[{"id":1710,"href":"https:\/\/www.biogranel.com\/en\/wp-json\/wp\/v2\/product\/1702\/revisions\/1710"}],"wp:featuredmedia":[{"embeddable":true,"href":"https:\/\/www.biogranel.com\/en\/wp-json\/wp\/v2\/media\/1707"}],"wp:attachment":[{"href":"https:\/\/www.biogranel.com\/en\/wp-json\/wp\/v2\/media?parent=1702"}],"wp:term":[{"taxonomy":"product_brand","embeddable":true,"href":"https:\/\/www.biogranel.com\/en\/wp-json\/wp\/v2\/product_brand?post=1702"},{"taxonomy":"product_cat","embeddable":true,"href":"https:\/\/www.biogranel.com\/en\/wp-json\/wp\/v2\/product_cat?post=1702"},{"taxonomy":"product_tag","embeddable":true,"href":"https:\/\/www.biogranel.com\/en\/wp-json\/wp\/v2\/product_tag?post=1702"}],"curies":[{"name":"wp","href":"https:\/\/api.w.org\/{rel}","templated":true}]}}