{"id":1695,"date":"2026-01-08T19:38:06","date_gmt":"2026-01-08T19:38:06","guid":{"rendered":"https:\/\/www.biogranel.com\/?post_type=product&#038;p=1695"},"modified":"2026-01-08T19:40:37","modified_gmt":"2026-01-08T19:40:37","slug":"semente-de-papoila","status":"publish","type":"product","link":"https:\/\/www.biogranel.com\/en\/product\/semente-de-papoila\/","title":{"rendered":"Semente de Papoila"},"content":{"rendered":"<p data-start=\"227\" data-end=\"447\">A <strong data-start=\"229\" data-end=\"251\">semente de papoila<\/strong> \u00e9 um ingrediente cl\u00e1ssico e vers\u00e1til, muito apreciado pelo seu sabor delicado e ligeiramente a noz. Pequena no tamanho, mas rica em car\u00e1cter, \u00e9 perfeita para dar textura e aroma \u00e0s tuas receitas.<\/p>\n<p data-start=\"449\" data-end=\"569\">Ideal para <strong data-start=\"460\" data-end=\"474\">pastelaria<\/strong>, <strong data-start=\"476\" data-end=\"491\">p\u00e3o caseiro<\/strong>, <strong data-start=\"493\" data-end=\"502\">bolos<\/strong>, <strong data-start=\"504\" data-end=\"517\">biscoitos<\/strong>, <strong data-start=\"519\" data-end=\"530\">saladas<\/strong> ou como topping decorativo e saboroso.<\/p>\n<p data-start=\"571\" data-end=\"711\">\ud83c\udf31 <strong data-start=\"574\" data-end=\"608\">Sabor suave e textura crocante<\/strong><br data-start=\"608\" data-end=\"611\" \/>\ud83d\udcaa <strong data-start=\"614\" data-end=\"653\">Fonte natural de minerais e energia<\/strong><br data-start=\"653\" data-end=\"656\" \/>\ud83e\udd56 <strong data-start=\"659\" data-end=\"711\">Perfeita para pastelaria e receitas tradicionais<\/strong><\/p>\n<p data-start=\"713\" data-end=\"783\"><strong data-start=\"713\" data-end=\"783\">Semente de Papoila \u2013 o detalhe arom\u00e1tico que faz toda a diferen\u00e7a!<\/strong><\/p>","protected":false},"excerpt":{"rendered":"<p>Semente de Papoila.<\/p>","protected":false},"featured_media":1700,"comment_status":"open","ping_status":"closed","template":"","meta":{"om_disable_all_campaigns":false,"_monsterinsights_skip_tracking":false,"_monsterinsights_sitenote_active":false,"_monsterinsights_sitenote_note":"","_monsterinsights_sitenote_category":0,"_uf_show_specific_survey":0,"_uf_disable_surveys":false,"_iconic_wsb_product_page_order_bump_ids":[[]],"_sku":["Ref#77"],"_iconic_wsb_product_page_bump_modal_ids":[[]]},"product_brand":[],"product_cat":[29],"product_tag":[83],"class_list":{"0":"post-1695","1":"product","2":"type-product","3":"status-publish","4":"has-post-thumbnail","6":"product_cat-sementes","7":"product_tag-papoila","9":"first","10":"instock","11":"taxable","12":"shipping-taxable","13":"purchasable","14":"product-type-variable"},"aioseo_notices":[],"jetpack_sharing_enabled":true,"_links":{"self":[{"href":"https:\/\/www.biogranel.com\/en\/wp-json\/wp\/v2\/product\/1695","targetHints":{"allow":["GET"]}}],"collection":[{"href":"https:\/\/www.biogranel.com\/en\/wp-json\/wp\/v2\/product"}],"about":[{"href":"https:\/\/www.biogranel.com\/en\/wp-json\/wp\/v2\/types\/product"}],"replies":[{"embeddable":true,"href":"https:\/\/www.biogranel.com\/en\/wp-json\/wp\/v2\/comments?post=1695"}],"version-history":[{"count":1,"href":"https:\/\/www.biogranel.com\/en\/wp-json\/wp\/v2\/product\/1695\/revisions"}],"predecessor-version":[{"id":1701,"href":"https:\/\/www.biogranel.com\/en\/wp-json\/wp\/v2\/product\/1695\/revisions\/1701"}],"wp:featuredmedia":[{"embeddable":true,"href":"https:\/\/www.biogranel.com\/en\/wp-json\/wp\/v2\/media\/1700"}],"wp:attachment":[{"href":"https:\/\/www.biogranel.com\/en\/wp-json\/wp\/v2\/media?parent=1695"}],"wp:term":[{"taxonomy":"product_brand","embeddable":true,"href":"https:\/\/www.biogranel.com\/en\/wp-json\/wp\/v2\/product_brand?post=1695"},{"taxonomy":"product_cat","embeddable":true,"href":"https:\/\/www.biogranel.com\/en\/wp-json\/wp\/v2\/product_cat?post=1695"},{"taxonomy":"product_tag","embeddable":true,"href":"https:\/\/www.biogranel.com\/en\/wp-json\/wp\/v2\/product_tag?post=1695"}],"curies":[{"name":"wp","href":"https:\/\/api.w.org\/{rel}","templated":true}]}}