{"id":1688,"date":"2026-01-08T19:35:21","date_gmt":"2026-01-08T19:35:21","guid":{"rendered":"https:\/\/www.biogranel.com\/?post_type=product&#038;p=1688"},"modified":"2026-01-08T19:41:45","modified_gmt":"2026-01-08T19:41:45","slug":"semente-de-canhamo","status":"publish","type":"product","link":"https:\/\/www.biogranel.com\/en\/product\/semente-de-canhamo\/","title":{"rendered":"Semente de C\u00e2nhamo"},"content":{"rendered":"<p data-start=\"227\" data-end=\"432\">A <strong data-start=\"229\" data-end=\"251\">semente de c\u00e2nhamo<\/strong> \u00e9 um superalimento altamente nutritivo, conhecida pelo seu sabor suave e ligeiramente a noz. F\u00e1cil de integrar no dia a dia, \u00e9 perfeita para enriquecer uma alimenta\u00e7\u00e3o equilibrada.<\/p>\n<p data-start=\"434\" data-end=\"656\">Rica em <strong data-start=\"442\" data-end=\"471\">prote\u00edna vegetal completa<\/strong>, <strong data-start=\"473\" data-end=\"494\">\u00f3mega-3 e \u00f3mega-6<\/strong>, <strong data-start=\"496\" data-end=\"506\">fibras<\/strong> e <strong data-start=\"509\" data-end=\"521\">minerais<\/strong>, contribui para a energia e bem-estar geral. Ideal para <strong data-start=\"578\" data-end=\"589\">saladas<\/strong>, <strong data-start=\"591\" data-end=\"602\">batidos<\/strong>, <strong data-start=\"604\" data-end=\"616\">iogurtes<\/strong>, <strong data-start=\"618\" data-end=\"630\">granolas<\/strong> ou como topping saud\u00e1vel.<\/p>\n<p data-start=\"658\" data-end=\"785\">\ud83c\udf3f <strong data-start=\"661\" data-end=\"699\">Fonte de prote\u00edna vegetal completa<\/strong><br data-start=\"699\" data-end=\"702\" \/>\ud83d\udcaa <strong data-start=\"705\" data-end=\"747\">Rica em \u00f3megas e nutrientes essenciais<\/strong><br data-start=\"747\" data-end=\"750\" \/>\ud83e\udd57 <strong data-start=\"753\" data-end=\"785\">Vers\u00e1til e pronta a consumir<\/strong><\/p>\n<p data-start=\"787\" data-end=\"849\"><strong data-start=\"787\" data-end=\"849\">Semente de C\u00e2nhamo \u2013 nutri\u00e7\u00e3o poderosa, simples e natural!<\/strong><\/p>","protected":false},"excerpt":{"rendered":"<p>Semente de C\u00e2nhamo.<\/p>","protected":false},"featured_media":1693,"comment_status":"open","ping_status":"closed","template":"","meta":{"om_disable_all_campaigns":false,"_monsterinsights_skip_tracking":false,"_monsterinsights_sitenote_active":false,"_monsterinsights_sitenote_note":"","_monsterinsights_sitenote_category":0,"_uf_show_specific_survey":0,"_uf_disable_surveys":false,"_iconic_wsb_product_page_order_bump_ids":[[]],"_sku":["Ref#76"],"_iconic_wsb_product_page_bump_modal_ids":[[]]},"product_brand":[],"product_cat":[29],"product_tag":[82],"class_list":{"0":"post-1688","1":"product","2":"type-product","3":"status-publish","4":"has-post-thumbnail","6":"product_cat-sementes","7":"product_tag-canhamo","9":"first","10":"instock","11":"taxable","12":"shipping-taxable","13":"purchasable","14":"product-type-variable"},"aioseo_notices":[],"jetpack_sharing_enabled":true,"_links":{"self":[{"href":"https:\/\/www.biogranel.com\/en\/wp-json\/wp\/v2\/product\/1688","targetHints":{"allow":["GET"]}}],"collection":[{"href":"https:\/\/www.biogranel.com\/en\/wp-json\/wp\/v2\/product"}],"about":[{"href":"https:\/\/www.biogranel.com\/en\/wp-json\/wp\/v2\/types\/product"}],"replies":[{"embeddable":true,"href":"https:\/\/www.biogranel.com\/en\/wp-json\/wp\/v2\/comments?post=1688"}],"version-history":[{"count":1,"href":"https:\/\/www.biogranel.com\/en\/wp-json\/wp\/v2\/product\/1688\/revisions"}],"predecessor-version":[{"id":1694,"href":"https:\/\/www.biogranel.com\/en\/wp-json\/wp\/v2\/product\/1688\/revisions\/1694"}],"wp:featuredmedia":[{"embeddable":true,"href":"https:\/\/www.biogranel.com\/en\/wp-json\/wp\/v2\/media\/1693"}],"wp:attachment":[{"href":"https:\/\/www.biogranel.com\/en\/wp-json\/wp\/v2\/media?parent=1688"}],"wp:term":[{"taxonomy":"product_brand","embeddable":true,"href":"https:\/\/www.biogranel.com\/en\/wp-json\/wp\/v2\/product_brand?post=1688"},{"taxonomy":"product_cat","embeddable":true,"href":"https:\/\/www.biogranel.com\/en\/wp-json\/wp\/v2\/product_cat?post=1688"},{"taxonomy":"product_tag","embeddable":true,"href":"https:\/\/www.biogranel.com\/en\/wp-json\/wp\/v2\/product_tag?post=1688"}],"curies":[{"name":"wp","href":"https:\/\/api.w.org\/{rel}","templated":true}]}}