{"id":1681,"date":"2026-01-08T19:31:59","date_gmt":"2026-01-08T19:31:59","guid":{"rendered":"https:\/\/www.biogranel.com\/?post_type=product&#038;p=1681"},"modified":"2026-01-08T19:34:05","modified_gmt":"2026-01-08T19:34:05","slug":"semente-de-quinoa-vermelha","status":"publish","type":"product","link":"https:\/\/www.biogranel.com\/en\/product\/semente-de-quinoa-vermelha\/","title":{"rendered":"Semente de Quinoa Vermelha"},"content":{"rendered":"<p data-start=\"231\" data-end=\"400\">A <strong data-start=\"233\" data-end=\"252\">quinoa vermelha<\/strong> distingue-se pela sua textura mais firme e sabor ligeiramente mais intenso, sendo perfeita para pratos que pedem mais consist\u00eancia e personalidade.<\/p>\n<p data-start=\"402\" data-end=\"565\">Rica em <strong data-start=\"410\" data-end=\"439\">prote\u00edna vegetal completa<\/strong>, <strong data-start=\"441\" data-end=\"451\">fibras<\/strong> e <strong data-start=\"454\" data-end=\"466\">minerais<\/strong>, e naturalmente <strong data-start=\"483\" data-end=\"497\">sem gl\u00faten<\/strong>, \u00e9 uma excelente op\u00e7\u00e3o para uma alimenta\u00e7\u00e3o equilibrada e criativa.<\/p>\n<p data-start=\"567\" data-end=\"667\">Ideal para <strong data-start=\"578\" data-end=\"589\">saladas<\/strong>, <strong data-start=\"591\" data-end=\"600\">bowls<\/strong>, <strong data-start=\"602\" data-end=\"621\">acompanhamentos<\/strong>, <strong data-start=\"623\" data-end=\"648\">receitas vegetarianas<\/strong> ou pratos gourmet.<\/p>\n<p data-start=\"669\" data-end=\"803\">\ud83c\udf3e <strong data-start=\"672\" data-end=\"713\">Prote\u00edna vegetal completa e nutritiva<\/strong><br data-start=\"713\" data-end=\"716\" \/>\ud83d\udcaa <strong data-start=\"719\" data-end=\"748\">Rica em fibras e minerais<\/strong><br data-start=\"748\" data-end=\"751\" \/>\ud83e\udd57 <strong data-start=\"754\" data-end=\"803\">Perfeita para pratos estruturados e coloridos<\/strong><\/p>\n<p data-start=\"805\" data-end=\"884\"><strong data-start=\"805\" data-end=\"884\">Semente de Quinoa Vermelha \u2013 nutri\u00e7\u00e3o completa com mais textura e car\u00e1cter!<\/strong><\/p>","protected":false},"excerpt":{"rendered":"<p>Semente de Quinoa Vermelha.<\/p>","protected":false},"featured_media":1686,"comment_status":"open","ping_status":"closed","template":"","meta":{"om_disable_all_campaigns":false,"_monsterinsights_skip_tracking":false,"_monsterinsights_sitenote_active":false,"_monsterinsights_sitenote_note":"","_monsterinsights_sitenote_category":0,"_uf_show_specific_survey":0,"_uf_disable_surveys":false,"_iconic_wsb_product_page_order_bump_ids":[[]],"_sku":["Ref#75"],"_iconic_wsb_product_page_bump_modal_ids":[[]]},"product_brand":[],"product_cat":[29],"product_tag":[81],"class_list":{"0":"post-1681","1":"product","2":"type-product","3":"status-publish","4":"has-post-thumbnail","6":"product_cat-sementes","7":"product_tag-quinoa","9":"first","10":"instock","11":"taxable","12":"shipping-taxable","13":"purchasable","14":"product-type-variable"},"aioseo_notices":[],"jetpack_sharing_enabled":true,"_links":{"self":[{"href":"https:\/\/www.biogranel.com\/en\/wp-json\/wp\/v2\/product\/1681","targetHints":{"allow":["GET"]}}],"collection":[{"href":"https:\/\/www.biogranel.com\/en\/wp-json\/wp\/v2\/product"}],"about":[{"href":"https:\/\/www.biogranel.com\/en\/wp-json\/wp\/v2\/types\/product"}],"replies":[{"embeddable":true,"href":"https:\/\/www.biogranel.com\/en\/wp-json\/wp\/v2\/comments?post=1681"}],"version-history":[{"count":1,"href":"https:\/\/www.biogranel.com\/en\/wp-json\/wp\/v2\/product\/1681\/revisions"}],"predecessor-version":[{"id":1687,"href":"https:\/\/www.biogranel.com\/en\/wp-json\/wp\/v2\/product\/1681\/revisions\/1687"}],"wp:featuredmedia":[{"embeddable":true,"href":"https:\/\/www.biogranel.com\/en\/wp-json\/wp\/v2\/media\/1686"}],"wp:attachment":[{"href":"https:\/\/www.biogranel.com\/en\/wp-json\/wp\/v2\/media?parent=1681"}],"wp:term":[{"taxonomy":"product_brand","embeddable":true,"href":"https:\/\/www.biogranel.com\/en\/wp-json\/wp\/v2\/product_brand?post=1681"},{"taxonomy":"product_cat","embeddable":true,"href":"https:\/\/www.biogranel.com\/en\/wp-json\/wp\/v2\/product_cat?post=1681"},{"taxonomy":"product_tag","embeddable":true,"href":"https:\/\/www.biogranel.com\/en\/wp-json\/wp\/v2\/product_tag?post=1681"}],"curies":[{"name":"wp","href":"https:\/\/api.w.org\/{rel}","templated":true}]}}