{"id":1674,"date":"2026-01-08T19:28:12","date_gmt":"2026-01-08T19:28:12","guid":{"rendered":"https:\/\/www.biogranel.com\/?post_type=product&#038;p=1674"},"modified":"2026-01-08T19:35:06","modified_gmt":"2026-01-08T19:35:06","slug":"semente-de-quinoa-branca","status":"publish","type":"product","link":"https:\/\/www.biogranel.com\/en\/product\/semente-de-quinoa-branca\/","title":{"rendered":"Semente de Quinoa Branca"},"content":{"rendered":"<p data-start=\"229\" data-end=\"415\">A <strong data-start=\"231\" data-end=\"248\">quinoa branca<\/strong> \u00e9 um superalimento completo, conhecida pela sua textura leve e sabor suave. Vers\u00e1til e nutritiva, \u00e9 perfeita para quem procura uma alimenta\u00e7\u00e3o equilibrada e saud\u00e1vel.<\/p>\n<p data-start=\"417\" data-end=\"554\">Rica em <strong data-start=\"425\" data-end=\"448\">prote\u00ednas completas<\/strong>, <strong data-start=\"450\" data-end=\"460\">fibras<\/strong>, <strong data-start=\"462\" data-end=\"474\">minerais<\/strong> e naturalmente <strong data-start=\"490\" data-end=\"504\">sem gl\u00faten<\/strong>, adapta-se facilmente a pratos doces ou salgados.<\/p>\n<p data-start=\"556\" data-end=\"671\">Ideal para <strong data-start=\"567\" data-end=\"578\">saladas<\/strong>, <strong data-start=\"580\" data-end=\"599\">acompanhamentos<\/strong>, <strong data-start=\"601\" data-end=\"610\">papas<\/strong>, <strong data-start=\"612\" data-end=\"621\">bowls<\/strong>, ou como base de receitas criativas e funcionais.<\/p>\n<p data-start=\"673\" data-end=\"798\">\ud83c\udf3e <strong data-start=\"676\" data-end=\"714\">Fonte de prote\u00edna vegetal completa<\/strong><br data-start=\"714\" data-end=\"717\" \/>\ud83d\udcaa <strong data-start=\"720\" data-end=\"760\">Rica em fibras e minerais essenciais<\/strong><br data-start=\"760\" data-end=\"763\" \/>\ud83e\udd57 <strong data-start=\"766\" data-end=\"798\">Vers\u00e1til e f\u00e1cil de preparar<\/strong><\/p>\n<p data-start=\"800\" data-end=\"870\"><strong data-start=\"800\" data-end=\"870\">Semente de Quinoa Branca \u2013 nutri\u00e7\u00e3o completa, simples e deliciosa!<\/strong><\/p>","protected":false},"excerpt":{"rendered":"<p>Semente de Quinoa Branca.<\/p>","protected":false},"featured_media":1679,"comment_status":"open","ping_status":"closed","template":"","meta":{"om_disable_all_campaigns":false,"_monsterinsights_skip_tracking":false,"_monsterinsights_sitenote_active":false,"_monsterinsights_sitenote_note":"","_monsterinsights_sitenote_category":0,"_uf_show_specific_survey":0,"_uf_disable_surveys":false,"_iconic_wsb_product_page_order_bump_ids":[[]],"_sku":["Ref#74"],"_iconic_wsb_product_page_bump_modal_ids":[[]]},"product_brand":[],"product_cat":[29],"product_tag":[81],"class_list":{"0":"post-1674","1":"product","2":"type-product","3":"status-publish","4":"has-post-thumbnail","6":"product_cat-sementes","7":"product_tag-quinoa","9":"first","10":"instock","11":"taxable","12":"shipping-taxable","13":"purchasable","14":"product-type-variable"},"aioseo_notices":[],"jetpack_sharing_enabled":true,"_links":{"self":[{"href":"https:\/\/www.biogranel.com\/en\/wp-json\/wp\/v2\/product\/1674","targetHints":{"allow":["GET"]}}],"collection":[{"href":"https:\/\/www.biogranel.com\/en\/wp-json\/wp\/v2\/product"}],"about":[{"href":"https:\/\/www.biogranel.com\/en\/wp-json\/wp\/v2\/types\/product"}],"replies":[{"embeddable":true,"href":"https:\/\/www.biogranel.com\/en\/wp-json\/wp\/v2\/comments?post=1674"}],"version-history":[{"count":1,"href":"https:\/\/www.biogranel.com\/en\/wp-json\/wp\/v2\/product\/1674\/revisions"}],"predecessor-version":[{"id":1680,"href":"https:\/\/www.biogranel.com\/en\/wp-json\/wp\/v2\/product\/1674\/revisions\/1680"}],"wp:featuredmedia":[{"embeddable":true,"href":"https:\/\/www.biogranel.com\/en\/wp-json\/wp\/v2\/media\/1679"}],"wp:attachment":[{"href":"https:\/\/www.biogranel.com\/en\/wp-json\/wp\/v2\/media?parent=1674"}],"wp:term":[{"taxonomy":"product_brand","embeddable":true,"href":"https:\/\/www.biogranel.com\/en\/wp-json\/wp\/v2\/product_brand?post=1674"},{"taxonomy":"product_cat","embeddable":true,"href":"https:\/\/www.biogranel.com\/en\/wp-json\/wp\/v2\/product_cat?post=1674"},{"taxonomy":"product_tag","embeddable":true,"href":"https:\/\/www.biogranel.com\/en\/wp-json\/wp\/v2\/product_tag?post=1674"}],"curies":[{"name":"wp","href":"https:\/\/api.w.org\/{rel}","templated":true}]}}