{"id":1667,"date":"2026-01-08T19:24:59","date_gmt":"2026-01-08T19:24:59","guid":{"rendered":"https:\/\/www.biogranel.com\/?post_type=product&#038;p=1667"},"modified":"2026-01-08T19:27:41","modified_gmt":"2026-01-08T19:27:41","slug":"pevide-de-girassol","status":"publish","type":"product","link":"https:\/\/www.biogranel.com\/en\/product\/pevide-de-girassol\/","title":{"rendered":"Pevide de Girassol"},"content":{"rendered":"<p data-start=\"222\" data-end=\"417\">O <strong data-start=\"224\" data-end=\"246\">pevide de girassol<\/strong> \u00e9 uma semente cheia de sabor e benef\u00edcios, perfeita para enriquecer a tua alimenta\u00e7\u00e3o di\u00e1ria. Com textura crocante e sabor suave, adapta-se facilmente a qualquer receita.<\/p>\n<p data-start=\"419\" data-end=\"593\">Rico em <strong data-start=\"427\" data-end=\"441\">vitamina E<\/strong>, <strong data-start=\"443\" data-end=\"453\">fibras<\/strong>, <strong data-start=\"455\" data-end=\"468\">prote\u00ednas<\/strong> e <strong data-start=\"471\" data-end=\"493\">gorduras saud\u00e1veis<\/strong>, \u00e9 ideal para <strong data-start=\"508\" data-end=\"519\">saladas<\/strong>, <strong data-start=\"521\" data-end=\"533\">granolas<\/strong>, <strong data-start=\"535\" data-end=\"550\">p\u00e3o caseiro<\/strong>, <strong data-start=\"552\" data-end=\"564\">iogurtes<\/strong> ou para consumir ao natural.<\/p>\n<p data-start=\"595\" data-end=\"722\">\ud83c\udf3b <strong data-start=\"598\" data-end=\"629\">100% natural e sem aditivos<\/strong><br data-start=\"629\" data-end=\"632\" \/>\ud83d\udcaa <strong data-start=\"635\" data-end=\"671\">Fonte de energia e antioxidantes<\/strong><br data-start=\"671\" data-end=\"674\" \/>\ud83e\udd57 <strong data-start=\"677\" data-end=\"722\">Perfeito para snacks e receitas saud\u00e1veis<\/strong><\/p>\n<p data-start=\"724\" data-end=\"798\"><strong data-start=\"724\" data-end=\"798\">Pevide de Girassol \u2013 simplicidade nutritiva que faz bem todos os dias!<\/strong><\/p>","protected":false},"excerpt":{"rendered":"<p>Pevide de Girassol.<\/p>","protected":false},"featured_media":1672,"comment_status":"open","ping_status":"closed","template":"","meta":{"om_disable_all_campaigns":false,"_monsterinsights_skip_tracking":false,"_monsterinsights_sitenote_active":false,"_monsterinsights_sitenote_note":"","_monsterinsights_sitenote_category":0,"_uf_show_specific_survey":0,"_uf_disable_surveys":false,"_iconic_wsb_product_page_order_bump_ids":[[]],"_sku":["Ref#73"],"_iconic_wsb_product_page_bump_modal_ids":[[]]},"product_brand":[],"product_cat":[29],"product_tag":[80],"class_list":{"0":"post-1667","1":"product","2":"type-product","3":"status-publish","4":"has-post-thumbnail","6":"product_cat-sementes","7":"product_tag-girassol","9":"first","10":"instock","11":"taxable","12":"shipping-taxable","13":"purchasable","14":"product-type-variable"},"aioseo_notices":[],"jetpack_sharing_enabled":true,"_links":{"self":[{"href":"https:\/\/www.biogranel.com\/en\/wp-json\/wp\/v2\/product\/1667","targetHints":{"allow":["GET"]}}],"collection":[{"href":"https:\/\/www.biogranel.com\/en\/wp-json\/wp\/v2\/product"}],"about":[{"href":"https:\/\/www.biogranel.com\/en\/wp-json\/wp\/v2\/types\/product"}],"replies":[{"embeddable":true,"href":"https:\/\/www.biogranel.com\/en\/wp-json\/wp\/v2\/comments?post=1667"}],"version-history":[{"count":1,"href":"https:\/\/www.biogranel.com\/en\/wp-json\/wp\/v2\/product\/1667\/revisions"}],"predecessor-version":[{"id":1673,"href":"https:\/\/www.biogranel.com\/en\/wp-json\/wp\/v2\/product\/1667\/revisions\/1673"}],"wp:featuredmedia":[{"embeddable":true,"href":"https:\/\/www.biogranel.com\/en\/wp-json\/wp\/v2\/media\/1672"}],"wp:attachment":[{"href":"https:\/\/www.biogranel.com\/en\/wp-json\/wp\/v2\/media?parent=1667"}],"wp:term":[{"taxonomy":"product_brand","embeddable":true,"href":"https:\/\/www.biogranel.com\/en\/wp-json\/wp\/v2\/product_brand?post=1667"},{"taxonomy":"product_cat","embeddable":true,"href":"https:\/\/www.biogranel.com\/en\/wp-json\/wp\/v2\/product_cat?post=1667"},{"taxonomy":"product_tag","embeddable":true,"href":"https:\/\/www.biogranel.com\/en\/wp-json\/wp\/v2\/product_tag?post=1667"}],"curies":[{"name":"wp","href":"https:\/\/api.w.org\/{rel}","templated":true}]}}