{"id":1660,"date":"2026-01-08T19:21:51","date_gmt":"2026-01-08T19:21:51","guid":{"rendered":"https:\/\/www.biogranel.com\/?post_type=product&#038;p=1660"},"modified":"2026-01-08T19:23:47","modified_gmt":"2026-01-08T19:23:47","slug":"semente-de-linhaca-dourada","status":"publish","type":"product","link":"https:\/\/www.biogranel.com\/en\/product\/semente-de-linhaca-dourada\/","title":{"rendered":"Semente de Linha\u00e7a Dourada"},"content":{"rendered":"<p data-start=\"245\" data-end=\"432\">A <strong data-start=\"247\" data-end=\"277\">semente de linha\u00e7a dourada<\/strong> destaca-se pelo seu sabor mais suave e textura delicada, sendo perfeita para quem procura uma op\u00e7\u00e3o equilibrada e f\u00e1cil de integrar na alimenta\u00e7\u00e3o di\u00e1ria.<\/p>\n<p data-start=\"434\" data-end=\"654\">Rica em <strong data-start=\"442\" data-end=\"452\">fibras<\/strong>, <strong data-start=\"454\" data-end=\"465\">\u00f3mega-3<\/strong>, <strong data-start=\"467\" data-end=\"480\">prote\u00ednas<\/strong> e <strong data-start=\"483\" data-end=\"500\">antioxidantes<\/strong>, contribui para o bem-estar digestivo e para uma dieta saud\u00e1vel. Ideal para <strong data-start=\"577\" data-end=\"589\">iogurtes<\/strong>, <strong data-start=\"591\" data-end=\"602\">batidos<\/strong>, <strong data-start=\"604\" data-end=\"613\">papas<\/strong>, <strong data-start=\"615\" data-end=\"626\">saladas<\/strong> ou <strong data-start=\"630\" data-end=\"653\">receitas funcionais<\/strong>.<\/p>\n<p data-start=\"656\" data-end=\"787\">\ud83c\udf3e <strong data-start=\"659\" data-end=\"690\">100% natural e sem aditivos<\/strong><br data-start=\"690\" data-end=\"693\" \/>\ud83d\udcaa <strong data-start=\"696\" data-end=\"736\">Fonte de fibras e gorduras saud\u00e1veis<\/strong><br data-start=\"736\" data-end=\"739\" \/>\ud83e\udd63 <strong data-start=\"742\" data-end=\"787\">Perfeita para snacks e receitas saud\u00e1veis<\/strong><\/p>\n<p data-start=\"789\" data-end=\"863\"><strong data-start=\"789\" data-end=\"863\">Semente de Linha\u00e7a Dourada \u2013 nutri\u00e7\u00e3o simples com um toque mais suave!<\/strong><\/p>","protected":false},"excerpt":{"rendered":"<p>Semente de Linha\u00e7a Dourada.<\/p>","protected":false},"featured_media":1665,"comment_status":"open","ping_status":"closed","template":"","meta":{"om_disable_all_campaigns":false,"_monsterinsights_skip_tracking":false,"_monsterinsights_sitenote_active":false,"_monsterinsights_sitenote_note":"","_monsterinsights_sitenote_category":0,"_uf_show_specific_survey":0,"_uf_disable_surveys":false,"_iconic_wsb_product_page_order_bump_ids":[[]],"_sku":["Ref#72"],"_iconic_wsb_product_page_bump_modal_ids":[[]]},"product_brand":[],"product_cat":[29],"product_tag":[79],"class_list":{"0":"post-1660","1":"product","2":"type-product","3":"status-publish","4":"has-post-thumbnail","6":"product_cat-sementes","7":"product_tag-linhaca","9":"first","10":"instock","11":"taxable","12":"shipping-taxable","13":"purchasable","14":"product-type-variable"},"aioseo_notices":[],"jetpack_sharing_enabled":true,"_links":{"self":[{"href":"https:\/\/www.biogranel.com\/en\/wp-json\/wp\/v2\/product\/1660","targetHints":{"allow":["GET"]}}],"collection":[{"href":"https:\/\/www.biogranel.com\/en\/wp-json\/wp\/v2\/product"}],"about":[{"href":"https:\/\/www.biogranel.com\/en\/wp-json\/wp\/v2\/types\/product"}],"replies":[{"embeddable":true,"href":"https:\/\/www.biogranel.com\/en\/wp-json\/wp\/v2\/comments?post=1660"}],"version-history":[{"count":1,"href":"https:\/\/www.biogranel.com\/en\/wp-json\/wp\/v2\/product\/1660\/revisions"}],"predecessor-version":[{"id":1666,"href":"https:\/\/www.biogranel.com\/en\/wp-json\/wp\/v2\/product\/1660\/revisions\/1666"}],"wp:featuredmedia":[{"embeddable":true,"href":"https:\/\/www.biogranel.com\/en\/wp-json\/wp\/v2\/media\/1665"}],"wp:attachment":[{"href":"https:\/\/www.biogranel.com\/en\/wp-json\/wp\/v2\/media?parent=1660"}],"wp:term":[{"taxonomy":"product_brand","embeddable":true,"href":"https:\/\/www.biogranel.com\/en\/wp-json\/wp\/v2\/product_brand?post=1660"},{"taxonomy":"product_cat","embeddable":true,"href":"https:\/\/www.biogranel.com\/en\/wp-json\/wp\/v2\/product_cat?post=1660"},{"taxonomy":"product_tag","embeddable":true,"href":"https:\/\/www.biogranel.com\/en\/wp-json\/wp\/v2\/product_tag?post=1660"}],"curies":[{"name":"wp","href":"https:\/\/api.w.org\/{rel}","templated":true}]}}