{"id":1653,"date":"2026-01-08T19:19:05","date_gmt":"2026-01-08T19:19:05","guid":{"rendered":"https:\/\/www.biogranel.com\/?post_type=product&#038;p=1653"},"modified":"2026-01-08T19:24:47","modified_gmt":"2026-01-08T19:24:47","slug":"semente-de-linhaca-castanha","status":"publish","type":"product","link":"https:\/\/www.biogranel.com\/en\/product\/semente-de-linhaca-castanha\/","title":{"rendered":"Semente de Linha\u00e7a Castanha"},"content":{"rendered":"<p data-start=\"239\" data-end=\"430\">A <strong data-start=\"241\" data-end=\"272\">semente de linha\u00e7a castanha<\/strong> \u00e9 um aliado essencial de uma alimenta\u00e7\u00e3o equilibrada. Com sabor suave e textura ligeiramente crocante, adapta-se facilmente a in\u00fameras receitas do dia a dia.<\/p>\n<p data-start=\"432\" data-end=\"637\">Rica em <strong data-start=\"440\" data-end=\"450\">fibras<\/strong>, <strong data-start=\"452\" data-end=\"463\">\u00f3mega-3<\/strong> e <strong data-start=\"466\" data-end=\"491\">nutrientes essenciais<\/strong>, contribui para o bem-estar digestivo e para uma dieta saud\u00e1vel. Ideal para <strong data-start=\"568\" data-end=\"580\">iogurtes<\/strong>, <strong data-start=\"582\" data-end=\"593\">batidos<\/strong>, <strong data-start=\"595\" data-end=\"604\">papas<\/strong>, <strong data-start=\"606\" data-end=\"617\">saladas<\/strong> ou <strong data-start=\"621\" data-end=\"636\">p\u00e3o caseiro<\/strong>.<\/p>\n<p data-start=\"639\" data-end=\"774\">\ud83c\udf3e <strong data-start=\"642\" data-end=\"673\">100% natural e sem aditivos<\/strong><br data-start=\"673\" data-end=\"676\" \/>\ud83d\udcaa <strong data-start=\"679\" data-end=\"719\">Fonte de fibras e gorduras saud\u00e1veis<\/strong><br data-start=\"719\" data-end=\"722\" \/>\ud83e\udd63 <strong data-start=\"725\" data-end=\"774\">Perfeita para receitas saud\u00e1veis e funcionais<\/strong><\/p>\n<p data-start=\"776\" data-end=\"857\"><strong data-start=\"776\" data-end=\"857\">Semente de Linha\u00e7a Castanha \u2013 simplicidade natural que faz bem todos os dias!<\/strong><\/p>","protected":false},"excerpt":{"rendered":"<p>Semente de Linha\u00e7a Castanha.<\/p>","protected":false},"featured_media":1658,"comment_status":"open","ping_status":"closed","template":"","meta":{"om_disable_all_campaigns":false,"_monsterinsights_skip_tracking":false,"_monsterinsights_sitenote_active":false,"_monsterinsights_sitenote_note":"","_monsterinsights_sitenote_category":0,"_uf_show_specific_survey":0,"_uf_disable_surveys":false,"_iconic_wsb_product_page_order_bump_ids":[[]],"_sku":["Ref#71"],"_iconic_wsb_product_page_bump_modal_ids":[[]]},"product_brand":[],"product_cat":[29],"product_tag":[79],"class_list":{"0":"post-1653","1":"product","2":"type-product","3":"status-publish","4":"has-post-thumbnail","6":"product_cat-sementes","7":"product_tag-linhaca","9":"first","10":"instock","11":"taxable","12":"shipping-taxable","13":"purchasable","14":"product-type-variable"},"aioseo_notices":[],"jetpack_sharing_enabled":true,"_links":{"self":[{"href":"https:\/\/www.biogranel.com\/en\/wp-json\/wp\/v2\/product\/1653","targetHints":{"allow":["GET"]}}],"collection":[{"href":"https:\/\/www.biogranel.com\/en\/wp-json\/wp\/v2\/product"}],"about":[{"href":"https:\/\/www.biogranel.com\/en\/wp-json\/wp\/v2\/types\/product"}],"replies":[{"embeddable":true,"href":"https:\/\/www.biogranel.com\/en\/wp-json\/wp\/v2\/comments?post=1653"}],"version-history":[{"count":1,"href":"https:\/\/www.biogranel.com\/en\/wp-json\/wp\/v2\/product\/1653\/revisions"}],"predecessor-version":[{"id":1659,"href":"https:\/\/www.biogranel.com\/en\/wp-json\/wp\/v2\/product\/1653\/revisions\/1659"}],"wp:featuredmedia":[{"embeddable":true,"href":"https:\/\/www.biogranel.com\/en\/wp-json\/wp\/v2\/media\/1658"}],"wp:attachment":[{"href":"https:\/\/www.biogranel.com\/en\/wp-json\/wp\/v2\/media?parent=1653"}],"wp:term":[{"taxonomy":"product_brand","embeddable":true,"href":"https:\/\/www.biogranel.com\/en\/wp-json\/wp\/v2\/product_brand?post=1653"},{"taxonomy":"product_cat","embeddable":true,"href":"https:\/\/www.biogranel.com\/en\/wp-json\/wp\/v2\/product_cat?post=1653"},{"taxonomy":"product_tag","embeddable":true,"href":"https:\/\/www.biogranel.com\/en\/wp-json\/wp\/v2\/product_tag?post=1653"}],"curies":[{"name":"wp","href":"https:\/\/api.w.org\/{rel}","templated":true}]}}