{"id":1644,"date":"2026-01-08T19:10:45","date_gmt":"2026-01-08T19:10:45","guid":{"rendered":"https:\/\/www.biogranel.com\/?post_type=product&#038;p=1644"},"modified":"2026-01-08T19:18:37","modified_gmt":"2026-01-08T19:18:37","slug":"semente-de-chia-negra","status":"publish","type":"product","link":"https:\/\/www.biogranel.com\/en\/product\/semente-de-chia-negra\/","title":{"rendered":"Semente de Chia Negra"},"content":{"rendered":"<p data-start=\"211\" data-end=\"425\">A <strong>semente de chia negra<\/strong> \u00e9 um verdadeiro superalimento, conhecida pela sua riqueza nutricional e enorme versatilidade. Com sabor neutro e textura \u00fanica quando hidratada, \u00e9 perfeitas para enriquecer a tua alimenta\u00e7\u00e3o di\u00e1ria.<\/p>\n<p data-start=\"427\" data-end=\"635\">Rica em <strong data-start=\"435\" data-end=\"445\">fibras<\/strong>, <strong data-start=\"447\" data-end=\"458\">\u00f3mega-3<\/strong>, <strong data-start=\"460\" data-end=\"473\">prote\u00ednas<\/strong> e <strong data-start=\"476\" data-end=\"493\">antioxidantes<\/strong>, ajuda a promover a saciedade e o bem-estar geral. Ideal para <strong data-start=\"556\" data-end=\"568\">iogurtes<\/strong>, <strong data-start=\"570\" data-end=\"581\">batidos<\/strong>, <strong data-start=\"583\" data-end=\"592\">papas<\/strong>, <strong data-start=\"594\" data-end=\"612\">pudins de chia<\/strong> ou receitas saud\u00e1veis.<\/p>\n<p data-start=\"637\" data-end=\"767\">\ud83c\udf31 <strong data-start=\"640\" data-end=\"671\">100% natural e sem aditivos<\/strong><br data-start=\"671\" data-end=\"674\" \/>\ud83d\udcaa <strong data-start=\"677\" data-end=\"715\">Fonte de \u00f3mega-3, fibras e energia<\/strong><br data-start=\"715\" data-end=\"718\" \/>\ud83e\udd63 <strong data-start=\"721\" data-end=\"767\">Perfeita para snacks e receitas funcionais<\/strong><\/p>\n<p data-start=\"769\" data-end=\"829\"><strong data-start=\"769\" data-end=\"829\">Semente de Chia Negra \u2013 nutri\u00e7\u00e3o simples e poderosa, todos os dias!<\/strong><\/p>","protected":false},"excerpt":{"rendered":"<p>Semente de Chia Negra.<\/p>","protected":false},"featured_media":1649,"comment_status":"open","ping_status":"closed","template":"","meta":{"om_disable_all_campaigns":false,"_monsterinsights_skip_tracking":false,"_monsterinsights_sitenote_active":false,"_monsterinsights_sitenote_note":"","_monsterinsights_sitenote_category":0,"_uf_show_specific_survey":0,"_uf_disable_surveys":false,"_iconic_wsb_product_page_order_bump_ids":[[]],"_sku":["Ref#70"],"_iconic_wsb_product_page_bump_modal_ids":[[]]},"product_brand":[],"product_cat":[29],"product_tag":[78],"class_list":{"0":"post-1644","1":"product","2":"type-product","3":"status-publish","4":"has-post-thumbnail","6":"product_cat-sementes","7":"product_tag-chia","9":"first","10":"instock","11":"taxable","12":"shipping-taxable","13":"purchasable","14":"product-type-variable"},"aioseo_notices":[],"jetpack_sharing_enabled":true,"_links":{"self":[{"href":"https:\/\/www.biogranel.com\/en\/wp-json\/wp\/v2\/product\/1644","targetHints":{"allow":["GET"]}}],"collection":[{"href":"https:\/\/www.biogranel.com\/en\/wp-json\/wp\/v2\/product"}],"about":[{"href":"https:\/\/www.biogranel.com\/en\/wp-json\/wp\/v2\/types\/product"}],"replies":[{"embeddable":true,"href":"https:\/\/www.biogranel.com\/en\/wp-json\/wp\/v2\/comments?post=1644"}],"version-history":[{"count":3,"href":"https:\/\/www.biogranel.com\/en\/wp-json\/wp\/v2\/product\/1644\/revisions"}],"predecessor-version":[{"id":1652,"href":"https:\/\/www.biogranel.com\/en\/wp-json\/wp\/v2\/product\/1644\/revisions\/1652"}],"wp:featuredmedia":[{"embeddable":true,"href":"https:\/\/www.biogranel.com\/en\/wp-json\/wp\/v2\/media\/1649"}],"wp:attachment":[{"href":"https:\/\/www.biogranel.com\/en\/wp-json\/wp\/v2\/media?parent=1644"}],"wp:term":[{"taxonomy":"product_brand","embeddable":true,"href":"https:\/\/www.biogranel.com\/en\/wp-json\/wp\/v2\/product_brand?post=1644"},{"taxonomy":"product_cat","embeddable":true,"href":"https:\/\/www.biogranel.com\/en\/wp-json\/wp\/v2\/product_cat?post=1644"},{"taxonomy":"product_tag","embeddable":true,"href":"https:\/\/www.biogranel.com\/en\/wp-json\/wp\/v2\/product_tag?post=1644"}],"curies":[{"name":"wp","href":"https:\/\/api.w.org\/{rel}","templated":true}]}}