{"id":1621,"date":"2025-12-09T18:39:20","date_gmt":"2025-12-09T18:39:20","guid":{"rendered":"https:\/\/www.biogranel.com\/?post_type=product&#038;p=1621"},"modified":"2025-12-09T18:43:04","modified_gmt":"2025-12-09T18:43:04","slug":"manga-desidratada-sem-acucar-copia","status":"publish","type":"product","link":"https:\/\/www.biogranel.com\/en\/product\/manga-desidratada-sem-acucar-copia\/","title":{"rendered":"Manga Desidratada sem A\u00e7\u00facar"},"content":{"rendered":"<p data-start=\"251\" data-end=\"491\">A nossa <strong data-start=\"259\" data-end=\"291\">manga desidratada sem a\u00e7\u00facar<\/strong> preserva todo o sabor aut\u00eantico e a do\u00e7ura natural da fruta, numa vers\u00e3o leve, saud\u00e1vel e irresist\u00edvel. Com textura macia e aroma tropical intenso, \u00e9 perfeita para quem procura um snack mais natural.<\/p>\n<p data-start=\"493\" data-end=\"632\">Ideal para <strong data-start=\"504\" data-end=\"516\">petiscar<\/strong>, <strong data-start=\"518\" data-end=\"542\">misturar em granolas<\/strong>, <strong data-start=\"544\" data-end=\"570\">acrescentar a iogurtes<\/strong>, <strong data-start=\"572\" data-end=\"596\">incluir em smoothies<\/strong>, ou usar em <strong data-start=\"609\" data-end=\"631\">receitas saud\u00e1veis<\/strong>.<\/p>\n<p data-start=\"634\" data-end=\"776\">\ud83e\udd6d <strong data-start=\"637\" data-end=\"691\">Sabor aut\u00eantico da manga, sem a\u00e7\u00facares adicionados<\/strong><br data-start=\"691\" data-end=\"694\" \/>\ud83c\udf31 <strong data-start=\"697\" data-end=\"725\">100% natural e nutritiva<\/strong><br data-start=\"725\" data-end=\"728\" \/>\ud83e\udd63 <strong data-start=\"731\" data-end=\"776\">Perfeita para snacks e receitas tropicais<\/strong><\/p>\n<p data-start=\"778\" data-end=\"849\"><strong data-start=\"778\" data-end=\"849\">Manga Desidratada sem A\u00e7\u00facar \u2013 simplicidade tropical no seu melhor!<\/strong><\/p>","protected":false},"excerpt":{"rendered":"<p>Manga Desidratada sem A\u00e7\u00facar.<\/p>","protected":false},"featured_media":1626,"comment_status":"open","ping_status":"closed","template":"","meta":{"om_disable_all_campaigns":false,"_monsterinsights_skip_tracking":false,"_monsterinsights_sitenote_active":false,"_monsterinsights_sitenote_note":"","_monsterinsights_sitenote_category":0,"_uf_show_specific_survey":0,"_uf_disable_surveys":false,"_iconic_wsb_product_page_order_bump_ids":[[]],"_sku":["Ref#69"],"_iconic_wsb_product_page_bump_modal_ids":[[]]},"product_brand":[],"product_cat":[43],"product_tag":[77],"class_list":{"0":"post-1621","1":"product","2":"type-product","3":"status-publish","4":"has-post-thumbnail","6":"product_cat-frutas-desidratadas","7":"product_tag-manga","9":"first","10":"instock","11":"taxable","12":"shipping-taxable","13":"purchasable","14":"product-type-variable"},"aioseo_notices":[],"jetpack_sharing_enabled":true,"_links":{"self":[{"href":"https:\/\/www.biogranel.com\/en\/wp-json\/wp\/v2\/product\/1621","targetHints":{"allow":["GET"]}}],"collection":[{"href":"https:\/\/www.biogranel.com\/en\/wp-json\/wp\/v2\/product"}],"about":[{"href":"https:\/\/www.biogranel.com\/en\/wp-json\/wp\/v2\/types\/product"}],"replies":[{"embeddable":true,"href":"https:\/\/www.biogranel.com\/en\/wp-json\/wp\/v2\/comments?post=1621"}],"version-history":[{"count":1,"href":"https:\/\/www.biogranel.com\/en\/wp-json\/wp\/v2\/product\/1621\/revisions"}],"predecessor-version":[{"id":1627,"href":"https:\/\/www.biogranel.com\/en\/wp-json\/wp\/v2\/product\/1621\/revisions\/1627"}],"wp:featuredmedia":[{"embeddable":true,"href":"https:\/\/www.biogranel.com\/en\/wp-json\/wp\/v2\/media\/1626"}],"wp:attachment":[{"href":"https:\/\/www.biogranel.com\/en\/wp-json\/wp\/v2\/media?parent=1621"}],"wp:term":[{"taxonomy":"product_brand","embeddable":true,"href":"https:\/\/www.biogranel.com\/en\/wp-json\/wp\/v2\/product_brand?post=1621"},{"taxonomy":"product_cat","embeddable":true,"href":"https:\/\/www.biogranel.com\/en\/wp-json\/wp\/v2\/product_cat?post=1621"},{"taxonomy":"product_tag","embeddable":true,"href":"https:\/\/www.biogranel.com\/en\/wp-json\/wp\/v2\/product_tag?post=1621"}],"curies":[{"name":"wp","href":"https:\/\/api.w.org\/{rel}","templated":true}]}}