{"id":1614,"date":"2025-12-09T18:35:25","date_gmt":"2025-12-09T18:35:25","guid":{"rendered":"https:\/\/www.biogranel.com\/?post_type=product&#038;p=1614"},"modified":"2025-12-09T18:42:32","modified_gmt":"2025-12-09T18:42:32","slug":"manga-desidratada-com-acucar","status":"publish","type":"product","link":"https:\/\/www.biogranel.com\/en\/product\/manga-desidratada-com-acucar\/","title":{"rendered":"Manga Desidratada com A\u00e7\u00facar"},"content":{"rendered":"<p data-start=\"255\" data-end=\"455\">A nossa <strong data-start=\"263\" data-end=\"295\">manga desidratada com a\u00e7\u00facar<\/strong> \u00e9 um verdadeiro prazer tropical: macia, arom\u00e1tica e com uma do\u00e7ura que conquista desde a primeira dentada. Um snack vibrante, cheio de cor e perfei\u00e7\u00e3o frutada.<\/p>\n<p data-start=\"457\" data-end=\"634\">Ideal para <strong data-start=\"468\" data-end=\"480\">petiscar<\/strong>, <strong data-start=\"482\" data-end=\"506\">misturar em granolas<\/strong>, <strong data-start=\"508\" data-end=\"534\">acrescentar a iogurtes<\/strong>, <strong data-start=\"536\" data-end=\"562\">toppings de sobremesas<\/strong>, ou simplesmente saborear sempre que te apetecer algo doce e delicioso.<\/p>\n<p data-start=\"636\" data-end=\"774\">\ud83e\udd6d <strong data-start=\"639\" data-end=\"681\">Sabor tropical intenso e textura macia<\/strong><br data-start=\"681\" data-end=\"684\" \/>\ud83c\udf6c <strong data-start=\"687\" data-end=\"723\">Com a\u00e7\u00facar para uma do\u00e7ura extra<\/strong><br data-start=\"723\" data-end=\"726\" \/>\ud83c\udf31 <strong data-start=\"729\" data-end=\"774\">Perfeita para snacks e receitas criativas<\/strong><\/p>\n<p data-start=\"776\" data-end=\"851\"><strong data-start=\"776\" data-end=\"851\">Manga Desidratada com A\u00e7\u00facar \u2013 um doce tropical imposs\u00edvel de resistir!<\/strong><\/p>","protected":false},"excerpt":{"rendered":"<p>Manga Desidratada com A\u00e7\u00facar.<\/p>","protected":false},"featured_media":1619,"comment_status":"open","ping_status":"closed","template":"","meta":{"om_disable_all_campaigns":false,"_monsterinsights_skip_tracking":false,"_monsterinsights_sitenote_active":false,"_monsterinsights_sitenote_note":"","_monsterinsights_sitenote_category":0,"_uf_show_specific_survey":0,"_uf_disable_surveys":false,"_iconic_wsb_product_page_order_bump_ids":[[]],"_sku":["Ref#68"],"_iconic_wsb_product_page_bump_modal_ids":[[]]},"product_brand":[],"product_cat":[43],"product_tag":[77],"class_list":{"0":"post-1614","1":"product","2":"type-product","3":"status-publish","4":"has-post-thumbnail","6":"product_cat-frutas-desidratadas","7":"product_tag-manga","9":"first","10":"instock","11":"taxable","12":"shipping-taxable","13":"purchasable","14":"product-type-variable"},"aioseo_notices":[],"jetpack_sharing_enabled":true,"_links":{"self":[{"href":"https:\/\/www.biogranel.com\/en\/wp-json\/wp\/v2\/product\/1614","targetHints":{"allow":["GET"]}}],"collection":[{"href":"https:\/\/www.biogranel.com\/en\/wp-json\/wp\/v2\/product"}],"about":[{"href":"https:\/\/www.biogranel.com\/en\/wp-json\/wp\/v2\/types\/product"}],"replies":[{"embeddable":true,"href":"https:\/\/www.biogranel.com\/en\/wp-json\/wp\/v2\/comments?post=1614"}],"version-history":[{"count":1,"href":"https:\/\/www.biogranel.com\/en\/wp-json\/wp\/v2\/product\/1614\/revisions"}],"predecessor-version":[{"id":1620,"href":"https:\/\/www.biogranel.com\/en\/wp-json\/wp\/v2\/product\/1614\/revisions\/1620"}],"wp:featuredmedia":[{"embeddable":true,"href":"https:\/\/www.biogranel.com\/en\/wp-json\/wp\/v2\/media\/1619"}],"wp:attachment":[{"href":"https:\/\/www.biogranel.com\/en\/wp-json\/wp\/v2\/media?parent=1614"}],"wp:term":[{"taxonomy":"product_brand","embeddable":true,"href":"https:\/\/www.biogranel.com\/en\/wp-json\/wp\/v2\/product_brand?post=1614"},{"taxonomy":"product_cat","embeddable":true,"href":"https:\/\/www.biogranel.com\/en\/wp-json\/wp\/v2\/product_cat?post=1614"},{"taxonomy":"product_tag","embeddable":true,"href":"https:\/\/www.biogranel.com\/en\/wp-json\/wp\/v2\/product_tag?post=1614"}],"curies":[{"name":"wp","href":"https:\/\/api.w.org\/{rel}","templated":true}]}}