{"id":1607,"date":"2025-12-09T17:21:29","date_gmt":"2025-12-09T17:21:29","guid":{"rendered":"https:\/\/www.biogranel.com\/?post_type=product&#038;p=1607"},"modified":"2025-12-09T17:48:17","modified_gmt":"2025-12-09T17:48:17","slug":"fruta-italiana","status":"publish","type":"product","link":"https:\/\/www.biogranel.com\/en\/product\/fruta-italiana\/","title":{"rendered":"Fruta Italiana"},"content":{"rendered":"<p data-start=\"236\" data-end=\"492\">A nossa <strong data-start=\"244\" data-end=\"262\">fruta italiana<\/strong> \u00e9 uma mistura deliciosa de frutas selecionadas e cuidadosamente preparadas ao estilo tradicional italiano. Colorida, arom\u00e1tica e cheia de sabor, \u00e9 o ingrediente ideal para dar vida e personalidade \u00e0s tuas receitas mais especiais.<\/p>\n<p data-start=\"494\" data-end=\"626\">Perfeita para <strong data-start=\"508\" data-end=\"517\">bolos<\/strong>, <strong data-start=\"519\" data-end=\"532\">p\u00e3o-de-l\u00f3<\/strong>, <strong data-start=\"534\" data-end=\"547\">panetones<\/strong>, <strong data-start=\"549\" data-end=\"559\">trufas<\/strong>, <strong data-start=\"561\" data-end=\"572\">gelados<\/strong>, ou para decorar <strong data-start=\"590\" data-end=\"625\">sobremesas e pastelaria gourmet<\/strong>.<\/p>\n<p data-start=\"628\" data-end=\"784\">\ud83c\udf4a <strong data-start=\"631\" data-end=\"667\">Mistura vibrante e rica em aroma<\/strong><br data-start=\"667\" data-end=\"670\" \/>\ud83c\uddee\ud83c\uddf9 <strong data-start=\"675\" data-end=\"719\">Preparada ao estilo tradicional italiano<\/strong><br data-start=\"719\" data-end=\"722\" \/>\ud83c\udf70 <strong data-start=\"725\" data-end=\"784\">Ideal para pastelaria, panetones e sobremesas criativas<\/strong><\/p>\n<p data-start=\"786\" data-end=\"867\"><strong data-start=\"786\" data-end=\"867\">Fruta Italiana \u2013 o toque cl\u00e1ssico e elegante que transforma qualquer receita!<\/strong><\/p>","protected":false},"excerpt":{"rendered":"<p>Fruta Italiana.<\/p>","protected":false},"featured_media":1612,"comment_status":"open","ping_status":"closed","template":"","meta":{"om_disable_all_campaigns":false,"_monsterinsights_skip_tracking":false,"_monsterinsights_sitenote_active":false,"_monsterinsights_sitenote_note":"","_monsterinsights_sitenote_category":0,"_uf_show_specific_survey":0,"_uf_disable_surveys":false,"_iconic_wsb_product_page_order_bump_ids":[[]],"_sku":["Ref#67"],"_iconic_wsb_product_page_bump_modal_ids":[[]]},"product_brand":[],"product_cat":[43],"product_tag":[76],"class_list":{"0":"post-1607","1":"product","2":"type-product","3":"status-publish","4":"has-post-thumbnail","6":"product_cat-frutas-desidratadas","7":"product_tag-frutas","9":"first","10":"instock","11":"taxable","12":"shipping-taxable","13":"purchasable","14":"product-type-variable"},"aioseo_notices":[],"jetpack_sharing_enabled":true,"_links":{"self":[{"href":"https:\/\/www.biogranel.com\/en\/wp-json\/wp\/v2\/product\/1607","targetHints":{"allow":["GET"]}}],"collection":[{"href":"https:\/\/www.biogranel.com\/en\/wp-json\/wp\/v2\/product"}],"about":[{"href":"https:\/\/www.biogranel.com\/en\/wp-json\/wp\/v2\/types\/product"}],"replies":[{"embeddable":true,"href":"https:\/\/www.biogranel.com\/en\/wp-json\/wp\/v2\/comments?post=1607"}],"version-history":[{"count":1,"href":"https:\/\/www.biogranel.com\/en\/wp-json\/wp\/v2\/product\/1607\/revisions"}],"predecessor-version":[{"id":1613,"href":"https:\/\/www.biogranel.com\/en\/wp-json\/wp\/v2\/product\/1607\/revisions\/1613"}],"wp:featuredmedia":[{"embeddable":true,"href":"https:\/\/www.biogranel.com\/en\/wp-json\/wp\/v2\/media\/1612"}],"wp:attachment":[{"href":"https:\/\/www.biogranel.com\/en\/wp-json\/wp\/v2\/media?parent=1607"}],"wp:term":[{"taxonomy":"product_brand","embeddable":true,"href":"https:\/\/www.biogranel.com\/en\/wp-json\/wp\/v2\/product_brand?post=1607"},{"taxonomy":"product_cat","embeddable":true,"href":"https:\/\/www.biogranel.com\/en\/wp-json\/wp\/v2\/product_cat?post=1607"},{"taxonomy":"product_tag","embeddable":true,"href":"https:\/\/www.biogranel.com\/en\/wp-json\/wp\/v2\/product_tag?post=1607"}],"curies":[{"name":"wp","href":"https:\/\/api.w.org\/{rel}","templated":true}]}}