{"id":1598,"date":"2025-12-09T17:15:12","date_gmt":"2025-12-09T17:15:12","guid":{"rendered":"https:\/\/www.biogranel.com\/?post_type=product&#038;p=1598"},"modified":"2025-12-09T17:19:18","modified_gmt":"2025-12-09T17:19:18","slug":"ananas-desidratado-as-rodelas-sem-acucar-ac","status":"publish","type":"product","link":"https:\/\/www.biogranel.com\/en\/product\/ananas-desidratado-as-rodelas-sem-acucar-ac\/","title":{"rendered":"Anan\u00e1s Desidratado \u00e0s Rodelas sem A\u00e7\u00facar"},"content":{"rendered":"<p data-start=\"274\" data-end=\"515\">O nosso <strong data-start=\"282\" data-end=\"326\">anan\u00e1s desidratado \u00e0s rodelas sem a\u00e7\u00facar<\/strong> preserva todo o sabor fresco e tropical do anan\u00e1s, numa vers\u00e3o leve, arom\u00e1tica e 100% natural. Com textura macia e do\u00e7ura subtil, \u00e9 perfeito para quem procura um snack saud\u00e1vel e vibrante.<\/p>\n<p data-start=\"517\" data-end=\"658\">Ideal para <strong data-start=\"528\" data-end=\"540\">petiscar<\/strong>, <strong data-start=\"542\" data-end=\"566\">misturar em granolas<\/strong>, <strong data-start=\"568\" data-end=\"590\">decorar sobremesas<\/strong>, <strong data-start=\"592\" data-end=\"622\">incluir em t\u00e1buas de fruta<\/strong>, ou usar em <strong data-start=\"635\" data-end=\"657\">receitas tropicais<\/strong>.<\/p>\n<p data-start=\"660\" data-end=\"807\">\ud83c\udf4d <strong data-start=\"663\" data-end=\"717\">Sabor aut\u00eantico a anan\u00e1s, sem a\u00e7\u00facares adicionados<\/strong><br data-start=\"717\" data-end=\"720\" \/>\ud83c\udf31 <strong data-start=\"723\" data-end=\"756\">100% natural e cheio de aroma<\/strong><br data-start=\"756\" data-end=\"759\" \/>\ud83e\udd65 <strong data-start=\"762\" data-end=\"807\">Perfeito para snacks e receitas saud\u00e1veis<\/strong><\/p>\n<p data-start=\"809\" data-end=\"895\"><strong data-start=\"809\" data-end=\"895\">Anan\u00e1s Desidratado \u00e0s Rodelas sem A\u00e7\u00facar \u2013 o toque tropical mais puro e delicioso!<\/strong><\/p>","protected":false},"excerpt":{"rendered":"<p>Anan\u00e1s Desidratado \u00e0s Rodelas sem A\u00e7\u00facar.<\/p>","protected":false},"featured_media":1603,"comment_status":"open","ping_status":"closed","template":"","meta":{"om_disable_all_campaigns":false,"_monsterinsights_skip_tracking":false,"_monsterinsights_sitenote_active":false,"_monsterinsights_sitenote_note":"","_monsterinsights_sitenote_category":0,"_uf_show_specific_survey":0,"_uf_disable_surveys":false,"_iconic_wsb_product_page_order_bump_ids":[[]],"_sku":["Ref#66"],"_iconic_wsb_product_page_bump_modal_ids":[[]]},"product_brand":[],"product_cat":[43],"product_tag":[50],"class_list":{"0":"post-1598","1":"product","2":"type-product","3":"status-publish","4":"has-post-thumbnail","6":"product_cat-frutas-desidratadas","7":"product_tag-ananas","9":"first","10":"instock","11":"taxable","12":"shipping-taxable","13":"purchasable","14":"product-type-variable"},"aioseo_notices":[],"jetpack_sharing_enabled":true,"_links":{"self":[{"href":"https:\/\/www.biogranel.com\/en\/wp-json\/wp\/v2\/product\/1598","targetHints":{"allow":["GET"]}}],"collection":[{"href":"https:\/\/www.biogranel.com\/en\/wp-json\/wp\/v2\/product"}],"about":[{"href":"https:\/\/www.biogranel.com\/en\/wp-json\/wp\/v2\/types\/product"}],"replies":[{"embeddable":true,"href":"https:\/\/www.biogranel.com\/en\/wp-json\/wp\/v2\/comments?post=1598"}],"version-history":[{"count":2,"href":"https:\/\/www.biogranel.com\/en\/wp-json\/wp\/v2\/product\/1598\/revisions"}],"predecessor-version":[{"id":1605,"href":"https:\/\/www.biogranel.com\/en\/wp-json\/wp\/v2\/product\/1598\/revisions\/1605"}],"wp:featuredmedia":[{"embeddable":true,"href":"https:\/\/www.biogranel.com\/en\/wp-json\/wp\/v2\/media\/1603"}],"wp:attachment":[{"href":"https:\/\/www.biogranel.com\/en\/wp-json\/wp\/v2\/media?parent=1598"}],"wp:term":[{"taxonomy":"product_brand","embeddable":true,"href":"https:\/\/www.biogranel.com\/en\/wp-json\/wp\/v2\/product_brand?post=1598"},{"taxonomy":"product_cat","embeddable":true,"href":"https:\/\/www.biogranel.com\/en\/wp-json\/wp\/v2\/product_cat?post=1598"},{"taxonomy":"product_tag","embeddable":true,"href":"https:\/\/www.biogranel.com\/en\/wp-json\/wp\/v2\/product_tag?post=1598"}],"curies":[{"name":"wp","href":"https:\/\/api.w.org\/{rel}","templated":true}]}}