{"id":1591,"date":"2025-12-09T17:08:02","date_gmt":"2025-12-09T17:08:02","guid":{"rendered":"https:\/\/www.biogranel.com\/?post_type=product&#038;p=1591"},"modified":"2025-12-09T17:19:55","modified_gmt":"2025-12-09T17:19:55","slug":"sultana-miuda","status":"publish","type":"product","link":"https:\/\/www.biogranel.com\/en\/product\/sultana-miuda\/","title":{"rendered":"Sultana Mi\u00fada"},"content":{"rendered":"<p data-start=\"223\" data-end=\"412\">A nossa <strong data-start=\"231\" data-end=\"248\">sultana mi\u00fada<\/strong> \u00e9 ideal para quem procura uma uva passa pr\u00e1tica, vers\u00e1til e cheia de sabor. Com textura macia e do\u00e7ura natural, adapta-se a qualquer receita ou momento de consumo.<\/p>\n<p data-start=\"414\" data-end=\"535\">Perfeita para <strong data-start=\"428\" data-end=\"440\">granolas<\/strong>, <strong data-start=\"442\" data-end=\"457\">p\u00e3o caseiro<\/strong>, <strong data-start=\"459\" data-end=\"468\">bolos<\/strong>, <strong data-start=\"470\" data-end=\"480\">snacks<\/strong>, <strong data-start=\"482\" data-end=\"493\">saladas<\/strong> ou simplesmente para petiscar ao natural.<\/p>\n<p data-start=\"537\" data-end=\"678\">\ud83c\udf47 <strong data-start=\"540\" data-end=\"579\">Pequena no tamanho, grande no sabor<\/strong><br data-start=\"579\" data-end=\"582\" \/>\ud83c\udf31 <strong data-start=\"585\" data-end=\"619\">100% natural e rica em energia<\/strong><br data-start=\"619\" data-end=\"622\" \/>\ud83e\udd63 <strong data-start=\"625\" data-end=\"678\">Ideal para pastelaria, mixes e receitas saud\u00e1veis<\/strong><\/p>\n<p data-start=\"680\" data-end=\"745\"><strong data-start=\"680\" data-end=\"745\">Sultana Mi\u00fada \u2013 o toque doce e vers\u00e1til que combina com tudo!<\/strong><\/p>","protected":false},"excerpt":{"rendered":"<p>Sultana Mi\u00fada.<\/p>","protected":false},"featured_media":1596,"comment_status":"open","ping_status":"closed","template":"","meta":{"om_disable_all_campaigns":false,"_monsterinsights_skip_tracking":false,"_monsterinsights_sitenote_active":false,"_monsterinsights_sitenote_note":"","_monsterinsights_sitenote_category":0,"_uf_show_specific_survey":0,"_uf_disable_surveys":false,"_iconic_wsb_product_page_order_bump_ids":[[]],"_sku":["Ref#65"],"_iconic_wsb_product_page_bump_modal_ids":[[]]},"product_brand":[],"product_cat":[20],"product_tag":[73],"class_list":{"0":"post-1591","1":"product","2":"type-product","3":"status-publish","4":"has-post-thumbnail","6":"product_cat-frutos-secos","7":"product_tag-sultana","9":"first","10":"instock","11":"taxable","12":"shipping-taxable","13":"purchasable","14":"product-type-variable"},"aioseo_notices":[],"jetpack_sharing_enabled":true,"_links":{"self":[{"href":"https:\/\/www.biogranel.com\/en\/wp-json\/wp\/v2\/product\/1591","targetHints":{"allow":["GET"]}}],"collection":[{"href":"https:\/\/www.biogranel.com\/en\/wp-json\/wp\/v2\/product"}],"about":[{"href":"https:\/\/www.biogranel.com\/en\/wp-json\/wp\/v2\/types\/product"}],"replies":[{"embeddable":true,"href":"https:\/\/www.biogranel.com\/en\/wp-json\/wp\/v2\/comments?post=1591"}],"version-history":[{"count":2,"href":"https:\/\/www.biogranel.com\/en\/wp-json\/wp\/v2\/product\/1591\/revisions"}],"predecessor-version":[{"id":1606,"href":"https:\/\/www.biogranel.com\/en\/wp-json\/wp\/v2\/product\/1591\/revisions\/1606"}],"wp:featuredmedia":[{"embeddable":true,"href":"https:\/\/www.biogranel.com\/en\/wp-json\/wp\/v2\/media\/1596"}],"wp:attachment":[{"href":"https:\/\/www.biogranel.com\/en\/wp-json\/wp\/v2\/media?parent=1591"}],"wp:term":[{"taxonomy":"product_brand","embeddable":true,"href":"https:\/\/www.biogranel.com\/en\/wp-json\/wp\/v2\/product_brand?post=1591"},{"taxonomy":"product_cat","embeddable":true,"href":"https:\/\/www.biogranel.com\/en\/wp-json\/wp\/v2\/product_cat?post=1591"},{"taxonomy":"product_tag","embeddable":true,"href":"https:\/\/www.biogranel.com\/en\/wp-json\/wp\/v2\/product_tag?post=1591"}],"curies":[{"name":"wp","href":"https:\/\/api.w.org\/{rel}","templated":true}]}}