{"id":1570,"date":"2025-11-28T15:45:42","date_gmt":"2025-11-28T15:45:42","guid":{"rendered":"https:\/\/www.biogranel.com\/?post_type=product&#038;p=1570"},"modified":"2025-11-28T15:48:37","modified_gmt":"2025-11-28T15:48:37","slug":"tomate-seco","status":"publish","type":"product","link":"https:\/\/www.biogranel.com\/en\/product\/tomate-seco\/","title":{"rendered":"Tomate Seco"},"content":{"rendered":"<p data-start=\"216\" data-end=\"442\">O nosso <strong data-start=\"224\" data-end=\"239\">tomate seco<\/strong> \u00e9 rico em sabor, aroma e cor, perfeito para quem adora um toque mediterr\u00e2nico na cozinha. Com um perfil intenso e ligeiramente adocicado, transforma qualquer prato numa verdadeira experi\u00eancia gourmet.<\/p>\n<p data-start=\"444\" data-end=\"566\">Ideal para <strong data-start=\"455\" data-end=\"466\">saladas<\/strong>, <strong data-start=\"468\" data-end=\"478\">massas<\/strong>, <strong data-start=\"480\" data-end=\"490\">pizzas<\/strong>, <strong data-start=\"492\" data-end=\"507\">bruschettas<\/strong>, <strong data-start=\"509\" data-end=\"519\">tostas<\/strong>, molhos ou para incluir em t\u00e1buas de petiscos.<\/p>\n<p data-start=\"568\" data-end=\"706\">\ud83c\udf45 <strong data-start=\"571\" data-end=\"604\">Sabor concentrado e arom\u00e1tico<\/strong><br data-start=\"604\" data-end=\"607\" \/>\ud83c\udf31 <strong data-start=\"610\" data-end=\"648\">100% natural e vers\u00e1til na cozinha<\/strong><br data-start=\"648\" data-end=\"651\" \/>\ud83c\udf7d\ufe0f <strong data-start=\"655\" data-end=\"706\">Perfeito para receitas mediterr\u00e2nicas e gourmet<\/strong><\/p>\n<p data-start=\"708\" data-end=\"789\" data-is-last-node=\"\" data-is-only-node=\"\"><strong data-start=\"708\" data-end=\"789\" data-is-last-node=\"\">Tomate Seco \u2013 o ingrediente secreto que eleva as tuas receitas a outro n\u00edvel!<\/strong><\/p>","protected":false},"excerpt":{"rendered":"<p>Tomate Seco.<\/p>","protected":false},"featured_media":1575,"comment_status":"open","ping_status":"closed","template":"","meta":{"om_disable_all_campaigns":false,"_monsterinsights_skip_tracking":false,"_monsterinsights_sitenote_active":false,"_monsterinsights_sitenote_note":"","_monsterinsights_sitenote_category":0,"_uf_show_specific_survey":0,"_uf_disable_surveys":false,"_iconic_wsb_product_page_order_bump_ids":[[]],"_sku":["Ref#62"],"_iconic_wsb_product_page_bump_modal_ids":[[]]},"product_brand":[],"product_cat":[20],"product_tag":[74],"class_list":{"0":"post-1570","1":"product","2":"type-product","3":"status-publish","4":"has-post-thumbnail","6":"product_cat-frutos-secos","7":"product_tag-tomate","9":"first","10":"instock","11":"taxable","12":"shipping-taxable","13":"purchasable","14":"product-type-variable"},"aioseo_notices":[],"jetpack_sharing_enabled":true,"_links":{"self":[{"href":"https:\/\/www.biogranel.com\/en\/wp-json\/wp\/v2\/product\/1570","targetHints":{"allow":["GET"]}}],"collection":[{"href":"https:\/\/www.biogranel.com\/en\/wp-json\/wp\/v2\/product"}],"about":[{"href":"https:\/\/www.biogranel.com\/en\/wp-json\/wp\/v2\/types\/product"}],"replies":[{"embeddable":true,"href":"https:\/\/www.biogranel.com\/en\/wp-json\/wp\/v2\/comments?post=1570"}],"version-history":[{"count":1,"href":"https:\/\/www.biogranel.com\/en\/wp-json\/wp\/v2\/product\/1570\/revisions"}],"predecessor-version":[{"id":1576,"href":"https:\/\/www.biogranel.com\/en\/wp-json\/wp\/v2\/product\/1570\/revisions\/1576"}],"wp:featuredmedia":[{"embeddable":true,"href":"https:\/\/www.biogranel.com\/en\/wp-json\/wp\/v2\/media\/1575"}],"wp:attachment":[{"href":"https:\/\/www.biogranel.com\/en\/wp-json\/wp\/v2\/media?parent=1570"}],"wp:term":[{"taxonomy":"product_brand","embeddable":true,"href":"https:\/\/www.biogranel.com\/en\/wp-json\/wp\/v2\/product_brand?post=1570"},{"taxonomy":"product_cat","embeddable":true,"href":"https:\/\/www.biogranel.com\/en\/wp-json\/wp\/v2\/product_cat?post=1570"},{"taxonomy":"product_tag","embeddable":true,"href":"https:\/\/www.biogranel.com\/en\/wp-json\/wp\/v2\/product_tag?post=1570"}],"curies":[{"name":"wp","href":"https:\/\/api.w.org\/{rel}","templated":true}]}}