{"id":1563,"date":"2025-11-28T15:40:59","date_gmt":"2025-11-28T15:40:59","guid":{"rendered":"https:\/\/www.biogranel.com\/?post_type=product&#038;p=1563"},"modified":"2025-12-09T17:14:02","modified_gmt":"2025-12-09T17:14:02","slug":"sultana-dourada","status":"publish","type":"product","link":"https:\/\/www.biogranel.com\/en\/product\/sultana-dourada\/","title":{"rendered":"Sultana Dourada"},"content":{"rendered":"<p data-start=\"220\" data-end=\"412\">A nossa <strong data-start=\"228\" data-end=\"247\">sultana dourada<\/strong> conquista pelo seu sabor naturalmente doce, textura macia e cor vibrante. Um cl\u00e1ssico da fruta desidratada, perfeito para quem procura um snack saud\u00e1vel e vers\u00e1til.<\/p>\n<p data-start=\"414\" data-end=\"566\">Ideal para <strong data-start=\"425\" data-end=\"437\">petiscar<\/strong>, <strong data-start=\"439\" data-end=\"463\">misturar em granolas<\/strong>, <strong data-start=\"465\" data-end=\"492\">adicionar a bolos e p\u00e3o<\/strong>, <strong data-start=\"494\" data-end=\"513\">usar em saladas<\/strong>, ou incluir em <strong data-start=\"529\" data-end=\"565\">receitas tradicionais e modernas<\/strong>.<\/p>\n<p data-start=\"568\" data-end=\"700\">\ud83c\udf47 <strong data-start=\"571\" data-end=\"600\">Cor dourada e sabor suave<\/strong><br data-start=\"600\" data-end=\"603\" \/>\ud83c\udf31 <strong data-start=\"606\" data-end=\"640\">100% natural e rica em energia<\/strong><br data-start=\"640\" data-end=\"643\" \/>\ud83e\udd63 <strong data-start=\"646\" data-end=\"700\">Perfeita para snacks, pastelaria e acompanhamentos<\/strong><\/p>\n<p data-start=\"702\" data-end=\"767\"><strong data-start=\"702\" data-end=\"767\">Sultana Dourada \u2013 um toque doce que ilumina qualquer receita!<\/strong><\/p>","protected":false},"excerpt":{"rendered":"<p>Sultana Dourada.<\/p>","protected":false},"featured_media":1568,"comment_status":"open","ping_status":"closed","template":"","meta":{"om_disable_all_campaigns":false,"_monsterinsights_skip_tracking":false,"_monsterinsights_sitenote_active":false,"_monsterinsights_sitenote_note":"","_monsterinsights_sitenote_category":0,"_uf_show_specific_survey":0,"_uf_disable_surveys":false,"_iconic_wsb_product_page_order_bump_ids":[[]],"_sku":["Ref#61"],"_iconic_wsb_product_page_bump_modal_ids":[[]]},"product_brand":[],"product_cat":[20],"product_tag":[73],"class_list":{"0":"post-1563","1":"product","2":"type-product","3":"status-publish","4":"has-post-thumbnail","6":"product_cat-frutos-secos","7":"product_tag-sultana","9":"first","10":"instock","11":"taxable","12":"shipping-taxable","13":"purchasable","14":"product-type-variable"},"aioseo_notices":[],"jetpack_sharing_enabled":true,"_links":{"self":[{"href":"https:\/\/www.biogranel.com\/en\/wp-json\/wp\/v2\/product\/1563","targetHints":{"allow":["GET"]}}],"collection":[{"href":"https:\/\/www.biogranel.com\/en\/wp-json\/wp\/v2\/product"}],"about":[{"href":"https:\/\/www.biogranel.com\/en\/wp-json\/wp\/v2\/types\/product"}],"replies":[{"embeddable":true,"href":"https:\/\/www.biogranel.com\/en\/wp-json\/wp\/v2\/comments?post=1563"}],"version-history":[{"count":1,"href":"https:\/\/www.biogranel.com\/en\/wp-json\/wp\/v2\/product\/1563\/revisions"}],"predecessor-version":[{"id":1569,"href":"https:\/\/www.biogranel.com\/en\/wp-json\/wp\/v2\/product\/1563\/revisions\/1569"}],"wp:featuredmedia":[{"embeddable":true,"href":"https:\/\/www.biogranel.com\/en\/wp-json\/wp\/v2\/media\/1568"}],"wp:attachment":[{"href":"https:\/\/www.biogranel.com\/en\/wp-json\/wp\/v2\/media?parent=1563"}],"wp:term":[{"taxonomy":"product_brand","embeddable":true,"href":"https:\/\/www.biogranel.com\/en\/wp-json\/wp\/v2\/product_brand?post=1563"},{"taxonomy":"product_cat","embeddable":true,"href":"https:\/\/www.biogranel.com\/en\/wp-json\/wp\/v2\/product_cat?post=1563"},{"taxonomy":"product_tag","embeddable":true,"href":"https:\/\/www.biogranel.com\/en\/wp-json\/wp\/v2\/product_tag?post=1563"}],"curies":[{"name":"wp","href":"https:\/\/api.w.org\/{rel}","templated":true}]}}