{"id":1556,"date":"2025-11-28T15:36:38","date_gmt":"2025-11-28T15:36:38","guid":{"rendered":"https:\/\/www.biogranel.com\/?post_type=product&#038;p=1556"},"modified":"2025-11-28T15:49:36","modified_gmt":"2025-11-28T15:49:36","slug":"pera-seca","status":"publish","type":"product","link":"https:\/\/www.biogranel.com\/en\/product\/pera-seca\/","title":{"rendered":"P\u00eara Seca"},"content":{"rendered":"<p data-start=\"209\" data-end=\"418\">A nossa <strong data-start=\"217\" data-end=\"230\">p\u00eara seca<\/strong> \u00e9 um snack tradicional e reconfortante, com do\u00e7ura natural e textura macia. Um verdadeiro cl\u00e1ssico da fruta desidratada portuguesa, perfeito para quem procura sabor aut\u00eantico e nutritivo.<\/p>\n<p data-start=\"420\" data-end=\"555\">Ideal para <strong data-start=\"431\" data-end=\"443\">petiscar<\/strong>, <strong data-start=\"445\" data-end=\"467\">usar em sobremesas<\/strong>, <strong data-start=\"469\" data-end=\"491\">acompanhar queijos<\/strong>, <strong data-start=\"493\" data-end=\"517\">misturar em granolas<\/strong>, ou incluir em <strong data-start=\"533\" data-end=\"554\">receitas caseiras<\/strong>.<\/p>\n<p data-start=\"557\" data-end=\"682\">\ud83c\udf50 <strong data-start=\"560\" data-end=\"594\">Sabor delicado e textura macia<\/strong><br data-start=\"594\" data-end=\"597\" \/>\ud83c\udf31 <strong data-start=\"600\" data-end=\"631\">100% natural e sem aditivos<\/strong><br data-start=\"631\" data-end=\"634\" \/>\ud83d\udc9b <strong data-start=\"637\" data-end=\"682\">Perfeita para snacks, t\u00e1buas e sobremesas<\/strong><\/p>\n<p data-start=\"684\" data-end=\"742\"><strong data-start=\"684\" data-end=\"742\">P\u00eara Seca \u2013 tradi\u00e7\u00e3o e do\u00e7ura natural em cada dentada!<\/strong><\/p>","protected":false},"excerpt":{"rendered":"<p>P\u00eara Seca.<\/p>","protected":false},"featured_media":1561,"comment_status":"open","ping_status":"closed","template":"","meta":{"om_disable_all_campaigns":false,"_monsterinsights_skip_tracking":false,"_monsterinsights_sitenote_active":false,"_monsterinsights_sitenote_note":"","_monsterinsights_sitenote_category":0,"_uf_show_specific_survey":0,"_uf_disable_surveys":false,"_iconic_wsb_product_page_order_bump_ids":[[]],"_sku":["Ref#60"],"_iconic_wsb_product_page_bump_modal_ids":[[]]},"product_brand":[],"product_cat":[20],"product_tag":[72],"class_list":{"0":"post-1556","1":"product","2":"type-product","3":"status-publish","4":"has-post-thumbnail","6":"product_cat-frutos-secos","7":"product_tag-pera","9":"first","10":"instock","11":"taxable","12":"shipping-taxable","13":"purchasable","14":"product-type-variable"},"aioseo_notices":[],"jetpack_sharing_enabled":true,"_links":{"self":[{"href":"https:\/\/www.biogranel.com\/en\/wp-json\/wp\/v2\/product\/1556","targetHints":{"allow":["GET"]}}],"collection":[{"href":"https:\/\/www.biogranel.com\/en\/wp-json\/wp\/v2\/product"}],"about":[{"href":"https:\/\/www.biogranel.com\/en\/wp-json\/wp\/v2\/types\/product"}],"replies":[{"embeddable":true,"href":"https:\/\/www.biogranel.com\/en\/wp-json\/wp\/v2\/comments?post=1556"}],"version-history":[{"count":1,"href":"https:\/\/www.biogranel.com\/en\/wp-json\/wp\/v2\/product\/1556\/revisions"}],"predecessor-version":[{"id":1562,"href":"https:\/\/www.biogranel.com\/en\/wp-json\/wp\/v2\/product\/1556\/revisions\/1562"}],"wp:featuredmedia":[{"embeddable":true,"href":"https:\/\/www.biogranel.com\/en\/wp-json\/wp\/v2\/media\/1561"}],"wp:attachment":[{"href":"https:\/\/www.biogranel.com\/en\/wp-json\/wp\/v2\/media?parent=1556"}],"wp:term":[{"taxonomy":"product_brand","embeddable":true,"href":"https:\/\/www.biogranel.com\/en\/wp-json\/wp\/v2\/product_brand?post=1556"},{"taxonomy":"product_cat","embeddable":true,"href":"https:\/\/www.biogranel.com\/en\/wp-json\/wp\/v2\/product_cat?post=1556"},{"taxonomy":"product_tag","embeddable":true,"href":"https:\/\/www.biogranel.com\/en\/wp-json\/wp\/v2\/product_tag?post=1556"}],"curies":[{"name":"wp","href":"https:\/\/api.w.org\/{rel}","templated":true}]}}