{"id":1549,"date":"2025-11-28T15:22:25","date_gmt":"2025-11-28T15:22:25","guid":{"rendered":"https:\/\/www.biogranel.com\/?post_type=product&#038;p=1549"},"modified":"2026-01-20T16:47:57","modified_gmt":"2026-01-20T16:47:57","slug":"passa-de-uva-moscatel-em-rama","status":"publish","type":"product","link":"https:\/\/www.biogranel.com\/en\/product\/passa-de-uva-moscatel-em-rama\/","title":{"rendered":"Passa de Uva Moscatel em Rama"},"content":{"rendered":"<p data-start=\"251\" data-end=\"453\">A nossa <strong data-start=\"259\" data-end=\"292\">passa de uva Moscatel em rama<\/strong> \u00e9 um verdadeiro tesouro da fruta desidratada: suculenta, arom\u00e1tica e naturalmente doce, ainda ligada ao seu cacho para garantir m\u00e1xima frescura e autenticidade.<\/p>\n<p data-start=\"455\" data-end=\"603\">Perfeita para <strong data-start=\"469\" data-end=\"481\">petiscar<\/strong>, <strong data-start=\"483\" data-end=\"505\">acompanhar queijos<\/strong>, <strong data-start=\"507\" data-end=\"529\">usar em pastelaria<\/strong>, <strong data-start=\"531\" data-end=\"543\">granolas<\/strong>, ou simplesmente saborear como um doce natural e nutritivo.<\/p>\n<p data-start=\"605\" data-end=\"756\">\ud83c\udf47 <strong data-start=\"608\" data-end=\"648\">Aroma intenso t\u00edpico da uva Moscatel<\/strong><br data-start=\"648\" data-end=\"651\" \/>\ud83c\udf3f <strong data-start=\"654\" data-end=\"696\">100% natural, sem a\u00e7\u00facares adicionados<\/strong><br data-start=\"696\" data-end=\"699\" \/>\u2728 <strong data-start=\"701\" data-end=\"756\">Apresenta\u00e7\u00e3o premium em rama, mais sabor e frescura<\/strong><\/p>\n<p data-start=\"758\" data-end=\"840\"><strong data-start=\"758\" data-end=\"840\">Passa de Uva Moscatel em Rama \u2013 a eleg\u00e2ncia e do\u00e7ura da Moscatel num s\u00f3 cacho!<\/strong><\/p>","protected":false},"excerpt":{"rendered":"<p>Passa de Uva Moscatel em Rama.<\/p>","protected":false},"featured_media":1554,"comment_status":"open","ping_status":"closed","template":"","meta":{"om_disable_all_campaigns":false,"_monsterinsights_skip_tracking":false,"_monsterinsights_sitenote_active":false,"_monsterinsights_sitenote_note":"","_monsterinsights_sitenote_category":0,"_uf_show_specific_survey":0,"_uf_disable_surveys":false,"_iconic_wsb_product_page_order_bump_ids":[[]],"_sku":["Ref#59"],"_iconic_wsb_product_page_bump_modal_ids":[[]]},"product_brand":[],"product_cat":[20],"product_tag":[70],"class_list":{"0":"post-1549","1":"product","2":"type-product","3":"status-publish","4":"has-post-thumbnail","6":"product_cat-frutos-secos","7":"product_tag-passa-de-uva","9":"first","10":"outofstock","11":"taxable","12":"shipping-taxable","13":"purchasable","14":"product-type-variable"},"aioseo_notices":[],"jetpack_sharing_enabled":true,"_links":{"self":[{"href":"https:\/\/www.biogranel.com\/en\/wp-json\/wp\/v2\/product\/1549","targetHints":{"allow":["GET"]}}],"collection":[{"href":"https:\/\/www.biogranel.com\/en\/wp-json\/wp\/v2\/product"}],"about":[{"href":"https:\/\/www.biogranel.com\/en\/wp-json\/wp\/v2\/types\/product"}],"replies":[{"embeddable":true,"href":"https:\/\/www.biogranel.com\/en\/wp-json\/wp\/v2\/comments?post=1549"}],"version-history":[{"count":1,"href":"https:\/\/www.biogranel.com\/en\/wp-json\/wp\/v2\/product\/1549\/revisions"}],"predecessor-version":[{"id":1555,"href":"https:\/\/www.biogranel.com\/en\/wp-json\/wp\/v2\/product\/1549\/revisions\/1555"}],"wp:featuredmedia":[{"embeddable":true,"href":"https:\/\/www.biogranel.com\/en\/wp-json\/wp\/v2\/media\/1554"}],"wp:attachment":[{"href":"https:\/\/www.biogranel.com\/en\/wp-json\/wp\/v2\/media?parent=1549"}],"wp:term":[{"taxonomy":"product_brand","embeddable":true,"href":"https:\/\/www.biogranel.com\/en\/wp-json\/wp\/v2\/product_brand?post=1549"},{"taxonomy":"product_cat","embeddable":true,"href":"https:\/\/www.biogranel.com\/en\/wp-json\/wp\/v2\/product_cat?post=1549"},{"taxonomy":"product_tag","embeddable":true,"href":"https:\/\/www.biogranel.com\/en\/wp-json\/wp\/v2\/product_tag?post=1549"}],"curies":[{"name":"wp","href":"https:\/\/api.w.org\/{rel}","templated":true}]}}