{"id":1529,"date":"2025-11-28T15:12:15","date_gmt":"2025-11-28T15:12:15","guid":{"rendered":"https:\/\/www.biogranel.com\/?post_type=product&#038;p=1529"},"modified":"2025-11-28T15:50:21","modified_gmt":"2025-11-28T15:50:21","slug":"mirtilo-seco","status":"publish","type":"product","link":"https:\/\/www.biogranel.com\/en\/product\/mirtilo-seco\/","title":{"rendered":"Mirtilo Seco"},"content":{"rendered":"<p data-start=\"216\" data-end=\"408\">O nosso <strong data-start=\"224\" data-end=\"240\">mirtilo seco<\/strong> \u00e9 irresistivelmente doce, levemente \u00e1cido e cheio de aroma. Um snack vibrante e nutritivo, perfeito para quem procura sabor intenso e benef\u00edcios naturais num s\u00f3 fruto.<\/p>\n<p data-start=\"410\" data-end=\"600\">Rico em <strong data-start=\"418\" data-end=\"435\">antioxidantes<\/strong>, <strong data-start=\"437\" data-end=\"451\">vitamina C<\/strong> e <strong data-start=\"454\" data-end=\"464\">fibras<\/strong>, \u00e9 ideal para <strong data-start=\"479\" data-end=\"491\">petiscar<\/strong>, <strong data-start=\"493\" data-end=\"517\">misturar em granolas<\/strong>, <strong data-start=\"519\" data-end=\"531\">iogurtes<\/strong>, <strong data-start=\"533\" data-end=\"546\">panquecas<\/strong>, ou para usar em <strong data-start=\"564\" data-end=\"599\">sobremesas e receitas saud\u00e1veis<\/strong>.<\/p>\n<p data-start=\"602\" data-end=\"730\">\ud83e\uded0 <strong data-start=\"605\" data-end=\"638\">Sabor frutado e textura macia<\/strong><br data-start=\"638\" data-end=\"641\" \/>\ud83d\udcaa <strong data-start=\"644\" data-end=\"679\">Fonte poderosa de antioxidantes<\/strong><br data-start=\"679\" data-end=\"682\" \/>\ud83e\udd63 <strong data-start=\"685\" data-end=\"730\">Perfeito para snacks e receitas criativas<\/strong><\/p>\n<p data-start=\"732\" data-end=\"802\"><strong data-start=\"732\" data-end=\"802\">Mirtilo Seco \u2013 um toque delicioso e cheio de energia em cada baga!<\/strong><\/p>","protected":false},"excerpt":{"rendered":"<p>Mirtilo Seco.<\/p>","protected":false},"featured_media":1534,"comment_status":"open","ping_status":"closed","template":"","meta":{"om_disable_all_campaigns":false,"_monsterinsights_skip_tracking":false,"_monsterinsights_sitenote_active":false,"_monsterinsights_sitenote_note":"","_monsterinsights_sitenote_category":0,"_uf_show_specific_survey":0,"_uf_disable_surveys":false,"_iconic_wsb_product_page_order_bump_ids":[[]],"_sku":["Ref#57"],"_iconic_wsb_product_page_bump_modal_ids":[[]]},"product_brand":[],"product_cat":[20],"product_tag":[71],"class_list":{"0":"post-1529","1":"product","2":"type-product","3":"status-publish","4":"has-post-thumbnail","6":"product_cat-frutos-secos","7":"product_tag-mirtilo","9":"first","10":"instock","11":"taxable","12":"shipping-taxable","13":"purchasable","14":"product-type-variable"},"aioseo_notices":[],"jetpack_sharing_enabled":true,"_links":{"self":[{"href":"https:\/\/www.biogranel.com\/en\/wp-json\/wp\/v2\/product\/1529","targetHints":{"allow":["GET"]}}],"collection":[{"href":"https:\/\/www.biogranel.com\/en\/wp-json\/wp\/v2\/product"}],"about":[{"href":"https:\/\/www.biogranel.com\/en\/wp-json\/wp\/v2\/types\/product"}],"replies":[{"embeddable":true,"href":"https:\/\/www.biogranel.com\/en\/wp-json\/wp\/v2\/comments?post=1529"}],"version-history":[{"count":1,"href":"https:\/\/www.biogranel.com\/en\/wp-json\/wp\/v2\/product\/1529\/revisions"}],"predecessor-version":[{"id":1535,"href":"https:\/\/www.biogranel.com\/en\/wp-json\/wp\/v2\/product\/1529\/revisions\/1535"}],"wp:featuredmedia":[{"embeddable":true,"href":"https:\/\/www.biogranel.com\/en\/wp-json\/wp\/v2\/media\/1534"}],"wp:attachment":[{"href":"https:\/\/www.biogranel.com\/en\/wp-json\/wp\/v2\/media?parent=1529"}],"wp:term":[{"taxonomy":"product_brand","embeddable":true,"href":"https:\/\/www.biogranel.com\/en\/wp-json\/wp\/v2\/product_brand?post=1529"},{"taxonomy":"product_cat","embeddable":true,"href":"https:\/\/www.biogranel.com\/en\/wp-json\/wp\/v2\/product_cat?post=1529"},{"taxonomy":"product_tag","embeddable":true,"href":"https:\/\/www.biogranel.com\/en\/wp-json\/wp\/v2\/product_tag?post=1529"}],"curies":[{"name":"wp","href":"https:\/\/api.w.org\/{rel}","templated":true}]}}