{"id":1516,"date":"2025-11-26T16:42:07","date_gmt":"2025-11-26T16:42:07","guid":{"rendered":"https:\/\/www.biogranel.com\/?post_type=product&#038;p=1516"},"modified":"2025-11-26T16:44:14","modified_gmt":"2025-11-26T16:44:14","slug":"maca-desidratada-em-cubos","status":"publish","type":"product","link":"https:\/\/www.biogranel.com\/en\/product\/maca-desidratada-em-cubos\/","title":{"rendered":"Ma\u00e7\u00e3 Desidratada em Cubos"},"content":{"rendered":"<p data-start=\"249\" data-end=\"433\">Os nossos <strong data-start=\"259\" data-end=\"288\">cubos de ma\u00e7\u00e3 desidratada<\/strong> s\u00e3o deliciosamente suaves, arom\u00e1ticos e cheios de do\u00e7ura natural. Uma op\u00e7\u00e3o pr\u00e1tica e vers\u00e1til para quem procura fruta desidratada de qualidade.<\/p>\n<p data-start=\"435\" data-end=\"569\">Ideais para <strong data-start=\"447\" data-end=\"459\">granolas<\/strong>, <strong data-start=\"461\" data-end=\"473\">iogurtes<\/strong>, <strong data-start=\"475\" data-end=\"484\">bolos<\/strong>, <strong data-start=\"486\" data-end=\"501\">p\u00e3o caseiro<\/strong>, <strong data-start=\"503\" data-end=\"513\">snacks<\/strong>, ou para misturar em <strong data-start=\"535\" data-end=\"568\">mixes de fruta e frutos secos<\/strong>.<\/p>\n<p data-start=\"571\" data-end=\"702\">\ud83c\udf4e <strong data-start=\"574\" data-end=\"602\">Sabor doce e aroma suave<\/strong><br data-start=\"602\" data-end=\"605\" \/>\ud83c\udf31 <strong data-start=\"608\" data-end=\"644\">100% natural e pronto a consumir<\/strong><br data-start=\"644\" data-end=\"647\" \/>\ud83e\udd63 <strong data-start=\"650\" data-end=\"702\">Perfeito para receitas, mixes e snacks saud\u00e1veis<\/strong><\/p>\n<p data-start=\"704\" data-end=\"782\"><strong data-start=\"704\" data-end=\"782\">Ma\u00e7\u00e3 Desidratada em Cubos \u2013 simplicidade, sabor e nutri\u00e7\u00e3o em cada peda\u00e7o!<\/strong><\/p>","protected":false},"excerpt":{"rendered":"<p>Ma\u00e7\u00e3 Desidratada em Cubos.<\/p>","protected":false},"featured_media":1521,"comment_status":"open","ping_status":"closed","template":"","meta":{"om_disable_all_campaigns":false,"_monsterinsights_skip_tracking":false,"_monsterinsights_sitenote_active":false,"_monsterinsights_sitenote_note":"","_monsterinsights_sitenote_category":0,"_uf_show_specific_survey":0,"_uf_disable_surveys":false,"_iconic_wsb_product_page_order_bump_ids":[[]],"_sku":["Ref#56"],"_iconic_wsb_product_page_bump_modal_ids":[[]]},"product_brand":[],"product_cat":[43],"product_tag":[69],"class_list":{"0":"post-1516","1":"product","2":"type-product","3":"status-publish","4":"has-post-thumbnail","6":"product_cat-frutas-desidratadas","7":"product_tag-maca","9":"first","10":"instock","11":"taxable","12":"shipping-taxable","13":"purchasable","14":"product-type-variable"},"aioseo_notices":[],"jetpack_sharing_enabled":true,"_links":{"self":[{"href":"https:\/\/www.biogranel.com\/en\/wp-json\/wp\/v2\/product\/1516","targetHints":{"allow":["GET"]}}],"collection":[{"href":"https:\/\/www.biogranel.com\/en\/wp-json\/wp\/v2\/product"}],"about":[{"href":"https:\/\/www.biogranel.com\/en\/wp-json\/wp\/v2\/types\/product"}],"replies":[{"embeddable":true,"href":"https:\/\/www.biogranel.com\/en\/wp-json\/wp\/v2\/comments?post=1516"}],"version-history":[{"count":1,"href":"https:\/\/www.biogranel.com\/en\/wp-json\/wp\/v2\/product\/1516\/revisions"}],"predecessor-version":[{"id":1522,"href":"https:\/\/www.biogranel.com\/en\/wp-json\/wp\/v2\/product\/1516\/revisions\/1522"}],"wp:featuredmedia":[{"embeddable":true,"href":"https:\/\/www.biogranel.com\/en\/wp-json\/wp\/v2\/media\/1521"}],"wp:attachment":[{"href":"https:\/\/www.biogranel.com\/en\/wp-json\/wp\/v2\/media?parent=1516"}],"wp:term":[{"taxonomy":"product_brand","embeddable":true,"href":"https:\/\/www.biogranel.com\/en\/wp-json\/wp\/v2\/product_brand?post=1516"},{"taxonomy":"product_cat","embeddable":true,"href":"https:\/\/www.biogranel.com\/en\/wp-json\/wp\/v2\/product_cat?post=1516"},{"taxonomy":"product_tag","embeddable":true,"href":"https:\/\/www.biogranel.com\/en\/wp-json\/wp\/v2\/product_tag?post=1516"}],"curies":[{"name":"wp","href":"https:\/\/api.w.org\/{rel}","templated":true}]}}