{"id":1509,"date":"2025-11-26T16:38:35","date_gmt":"2025-11-26T16:38:35","guid":{"rendered":"https:\/\/www.biogranel.com\/?post_type=product&#038;p=1509"},"modified":"2025-11-26T16:47:44","modified_gmt":"2025-11-26T16:47:44","slug":"maca-desidratada-com-canela","status":"publish","type":"product","link":"https:\/\/www.biogranel.com\/en\/product\/maca-desidratada-com-canela\/","title":{"rendered":"Ma\u00e7\u00e3 Desidratada com Canela"},"content":{"rendered":"<p data-start=\"253\" data-end=\"436\">A nossa <strong data-start=\"261\" data-end=\"292\">ma\u00e7\u00e3 desidratada com canela<\/strong> combina a do\u00e7ura natural da ma\u00e7\u00e3 com o aroma quente e reconfortante da canela. Um snack leve, saboroso e perfeito para qualquer momento do dia.<\/p>\n<p data-start=\"438\" data-end=\"596\">Ideal para <strong data-start=\"449\" data-end=\"461\">petiscar<\/strong>, <strong data-start=\"463\" data-end=\"487\">misturar em granolas<\/strong>, <strong data-start=\"489\" data-end=\"511\">acrescentar a ch\u00e1s<\/strong>, <strong data-start=\"513\" data-end=\"535\">usar em sobremesas<\/strong>, ou simplesmente saborear como um doce saud\u00e1vel e arom\u00e1tico.<\/p>\n<p data-start=\"598\" data-end=\"733\">\ud83c\udf4e <strong data-start=\"601\" data-end=\"646\">Sabor natural da ma\u00e7\u00e3 com toque de canela<\/strong><br data-start=\"646\" data-end=\"649\" \/>\ud83c\udf3f <strong data-start=\"652\" data-end=\"683\">Arom\u00e1tico, leve e delicioso<\/strong><br data-start=\"683\" data-end=\"686\" \/>\ud83e\udd63 <strong data-start=\"689\" data-end=\"733\">Perfeito para snacks e receitas caseiras<\/strong><\/p>\n<p data-start=\"735\" data-end=\"814\"><strong data-start=\"735\" data-end=\"814\">Ma\u00e7\u00e3 Desidratada com Canela \u2013 o sabor que conforta e deixa o dia mais doce!<\/strong><\/p>","protected":false},"excerpt":{"rendered":"<p>Ma\u00e7\u00e3 Desidratada com Canela.<\/p>","protected":false},"featured_media":1514,"comment_status":"open","ping_status":"closed","template":"","meta":{"om_disable_all_campaigns":false,"_monsterinsights_skip_tracking":false,"_monsterinsights_sitenote_active":false,"_monsterinsights_sitenote_note":"","_monsterinsights_sitenote_category":0,"_uf_show_specific_survey":0,"_uf_disable_surveys":false,"_iconic_wsb_product_page_order_bump_ids":[[]],"_sku":["Ref#55"],"_iconic_wsb_product_page_bump_modal_ids":[[]]},"product_brand":[],"product_cat":[43],"product_tag":[69],"class_list":{"0":"post-1509","1":"product","2":"type-product","3":"status-publish","4":"has-post-thumbnail","6":"product_cat-frutas-desidratadas","7":"product_tag-maca","9":"first","10":"instock","11":"taxable","12":"shipping-taxable","13":"purchasable","14":"product-type-variable"},"aioseo_notices":[],"jetpack_sharing_enabled":true,"_links":{"self":[{"href":"https:\/\/www.biogranel.com\/en\/wp-json\/wp\/v2\/product\/1509","targetHints":{"allow":["GET"]}}],"collection":[{"href":"https:\/\/www.biogranel.com\/en\/wp-json\/wp\/v2\/product"}],"about":[{"href":"https:\/\/www.biogranel.com\/en\/wp-json\/wp\/v2\/types\/product"}],"replies":[{"embeddable":true,"href":"https:\/\/www.biogranel.com\/en\/wp-json\/wp\/v2\/comments?post=1509"}],"version-history":[{"count":1,"href":"https:\/\/www.biogranel.com\/en\/wp-json\/wp\/v2\/product\/1509\/revisions"}],"predecessor-version":[{"id":1515,"href":"https:\/\/www.biogranel.com\/en\/wp-json\/wp\/v2\/product\/1509\/revisions\/1515"}],"wp:featuredmedia":[{"embeddable":true,"href":"https:\/\/www.biogranel.com\/en\/wp-json\/wp\/v2\/media\/1514"}],"wp:attachment":[{"href":"https:\/\/www.biogranel.com\/en\/wp-json\/wp\/v2\/media?parent=1509"}],"wp:term":[{"taxonomy":"product_brand","embeddable":true,"href":"https:\/\/www.biogranel.com\/en\/wp-json\/wp\/v2\/product_brand?post=1509"},{"taxonomy":"product_cat","embeddable":true,"href":"https:\/\/www.biogranel.com\/en\/wp-json\/wp\/v2\/product_cat?post=1509"},{"taxonomy":"product_tag","embeddable":true,"href":"https:\/\/www.biogranel.com\/en\/wp-json\/wp\/v2\/product_tag?post=1509"}],"curies":[{"name":"wp","href":"https:\/\/api.w.org\/{rel}","templated":true}]}}