{"id":1495,"date":"2025-11-26T16:31:38","date_gmt":"2025-11-26T16:31:38","guid":{"rendered":"https:\/\/www.biogranel.com\/?post_type=product&#038;p=1495"},"modified":"2025-11-26T16:34:07","modified_gmt":"2025-11-26T16:34:07","slug":"bagas-de-goji","status":"publish","type":"product","link":"https:\/\/www.biogranel.com\/en\/product\/bagas-de-goji\/","title":{"rendered":"Bagas de Goji"},"content":{"rendered":"<p data-start=\"223\" data-end=\"438\">As nossas <strong data-start=\"233\" data-end=\"250\">bagas de goji<\/strong> s\u00e3o um superalimento natural, conhecido pelo seu sabor suave e levemente adocicado. Cheias de cor e energia, s\u00e3o perfeitas para incluir numa alimenta\u00e7\u00e3o equilibrada e cheia de vitalidade.<\/p>\n<p data-start=\"440\" data-end=\"632\">Ricas em <strong data-start=\"449\" data-end=\"466\">antioxidantes<\/strong>, <strong data-start=\"468\" data-end=\"481\">vitaminas<\/strong>, <strong data-start=\"483\" data-end=\"495\">minerais<\/strong> e <strong data-start=\"498\" data-end=\"513\">amino\u00e1cidos<\/strong>, s\u00e3o ideais para <strong data-start=\"531\" data-end=\"543\">petiscar<\/strong>, <strong data-start=\"545\" data-end=\"569\">adicionar a granolas<\/strong>, <strong data-start=\"571\" data-end=\"583\">iogurtes<\/strong>, <strong data-start=\"585\" data-end=\"596\">batidos<\/strong>, ou usar em <strong data-start=\"609\" data-end=\"631\">receitas saud\u00e1veis<\/strong>.<\/p>\n<p data-start=\"634\" data-end=\"788\">\ud83c\udf47 <strong data-start=\"637\" data-end=\"668\">Sabor suave e textura macia<\/strong><br data-start=\"668\" data-end=\"671\" \/>\ud83d\udcaa <strong data-start=\"674\" data-end=\"737\">Superalimento rico em antioxidantes e nutrientes essenciais<\/strong><br data-start=\"737\" data-end=\"740\" \/>\ud83e\udd63 <strong data-start=\"743\" data-end=\"788\">Perfeito para snacks e receitas saud\u00e1veis<\/strong><\/p>\n<p data-start=\"790\" data-end=\"855\"><strong data-start=\"790\" data-end=\"855\">Bagas de Goji \u2013 energia natural para o teu dia, em cada baga!<\/strong><\/p>","protected":false},"excerpt":{"rendered":"<p>Bagas de Goji.<\/p>","protected":false},"featured_media":1500,"comment_status":"open","ping_status":"closed","template":"","meta":{"om_disable_all_campaigns":false,"_monsterinsights_skip_tracking":false,"_monsterinsights_sitenote_active":false,"_monsterinsights_sitenote_note":"","_monsterinsights_sitenote_category":0,"_uf_show_specific_survey":0,"_uf_disable_surveys":false,"_iconic_wsb_product_page_order_bump_ids":[[]],"_sku":["Ref#53"],"_iconic_wsb_product_page_bump_modal_ids":[[]]},"product_brand":[],"product_cat":[20],"product_tag":[67],"class_list":{"0":"post-1495","1":"product","2":"type-product","3":"status-publish","4":"has-post-thumbnail","6":"product_cat-frutos-secos","7":"product_tag-goji","9":"first","10":"instock","11":"taxable","12":"shipping-taxable","13":"purchasable","14":"product-type-variable"},"aioseo_notices":[],"jetpack_sharing_enabled":true,"_links":{"self":[{"href":"https:\/\/www.biogranel.com\/en\/wp-json\/wp\/v2\/product\/1495","targetHints":{"allow":["GET"]}}],"collection":[{"href":"https:\/\/www.biogranel.com\/en\/wp-json\/wp\/v2\/product"}],"about":[{"href":"https:\/\/www.biogranel.com\/en\/wp-json\/wp\/v2\/types\/product"}],"replies":[{"embeddable":true,"href":"https:\/\/www.biogranel.com\/en\/wp-json\/wp\/v2\/comments?post=1495"}],"version-history":[{"count":1,"href":"https:\/\/www.biogranel.com\/en\/wp-json\/wp\/v2\/product\/1495\/revisions"}],"predecessor-version":[{"id":1501,"href":"https:\/\/www.biogranel.com\/en\/wp-json\/wp\/v2\/product\/1495\/revisions\/1501"}],"wp:featuredmedia":[{"embeddable":true,"href":"https:\/\/www.biogranel.com\/en\/wp-json\/wp\/v2\/media\/1500"}],"wp:attachment":[{"href":"https:\/\/www.biogranel.com\/en\/wp-json\/wp\/v2\/media?parent=1495"}],"wp:term":[{"taxonomy":"product_brand","embeddable":true,"href":"https:\/\/www.biogranel.com\/en\/wp-json\/wp\/v2\/product_brand?post=1495"},{"taxonomy":"product_cat","embeddable":true,"href":"https:\/\/www.biogranel.com\/en\/wp-json\/wp\/v2\/product_cat?post=1495"},{"taxonomy":"product_tag","embeddable":true,"href":"https:\/\/www.biogranel.com\/en\/wp-json\/wp\/v2\/product_tag?post=1495"}],"curies":[{"name":"wp","href":"https:\/\/api.w.org\/{rel}","templated":true}]}}