{"id":1488,"date":"2025-11-26T16:27:49","date_gmt":"2025-11-26T16:27:49","guid":{"rendered":"https:\/\/www.biogranel.com\/?post_type=product&#038;p=1488"},"modified":"2025-11-26T16:29:54","modified_gmt":"2025-11-26T16:29:54","slug":"arando-vermelho-seco","status":"publish","type":"product","link":"https:\/\/www.biogranel.com\/en\/product\/arando-vermelho-seco\/","title":{"rendered":"Arando Vermelho Seco"},"content":{"rendered":"<p data-start=\"244\" data-end=\"397\">O nosso <strong data-start=\"252\" data-end=\"276\">arando vermelho seco<\/strong> combina na perfei\u00e7\u00e3o a do\u00e7ura subtil com um toque levemente \u00e1cido, criando um snack vibrante, saboroso e irresist\u00edvel.<\/p>\n<p data-start=\"399\" data-end=\"579\">Rico em <strong data-start=\"407\" data-end=\"424\">antioxidantes<\/strong>, <strong data-start=\"426\" data-end=\"440\">vitamina C<\/strong> e <strong data-start=\"443\" data-end=\"452\">fibra<\/strong>, \u00e9 ideal para <strong data-start=\"467\" data-end=\"479\">petiscar<\/strong>, <strong data-start=\"481\" data-end=\"505\">misturar em granolas<\/strong>, <strong data-start=\"507\" data-end=\"528\">juntar a iogurtes<\/strong>, <strong data-start=\"530\" data-end=\"541\">saladas<\/strong>, ou usar em <strong data-start=\"554\" data-end=\"578\">sobremesas saud\u00e1veis<\/strong>.<\/p>\n<p data-start=\"581\" data-end=\"726\">\ud83c\udf52 <strong data-start=\"584\" data-end=\"612\">Sabor doce e refrescante<\/strong><br data-start=\"612\" data-end=\"615\" \/>\ud83d\udcaa <strong data-start=\"618\" data-end=\"665\">Fonte natural de antioxidantes e vitamina C<\/strong><br data-start=\"665\" data-end=\"668\" \/>\ud83e\udd63 <strong data-start=\"671\" data-end=\"726\">Perfeito para snacks, granolas e receitas criativas<\/strong><\/p>\n<p data-start=\"728\" data-end=\"797\"><strong data-start=\"728\" data-end=\"797\">Arando Vermelho Seco \u2013 um toque frutado, leve e cheio de energia!<\/strong><\/p>","protected":false},"excerpt":{"rendered":"<p>Arando Vermelho Seco.<\/p>","protected":false},"featured_media":1493,"comment_status":"open","ping_status":"closed","template":"","meta":{"om_disable_all_campaigns":false,"_monsterinsights_skip_tracking":false,"_monsterinsights_sitenote_active":false,"_monsterinsights_sitenote_note":"","_monsterinsights_sitenote_category":0,"_uf_show_specific_survey":0,"_uf_disable_surveys":false,"_iconic_wsb_product_page_order_bump_ids":[[]],"_sku":["Ref#52"],"_iconic_wsb_product_page_bump_modal_ids":[[]]},"product_brand":[],"product_cat":[20],"product_tag":[66],"class_list":{"0":"post-1488","1":"product","2":"type-product","3":"status-publish","4":"has-post-thumbnail","6":"product_cat-frutos-secos","7":"product_tag-arando","9":"first","10":"instock","11":"taxable","12":"shipping-taxable","13":"purchasable","14":"product-type-variable"},"aioseo_notices":[],"jetpack_sharing_enabled":true,"_links":{"self":[{"href":"https:\/\/www.biogranel.com\/en\/wp-json\/wp\/v2\/product\/1488","targetHints":{"allow":["GET"]}}],"collection":[{"href":"https:\/\/www.biogranel.com\/en\/wp-json\/wp\/v2\/product"}],"about":[{"href":"https:\/\/www.biogranel.com\/en\/wp-json\/wp\/v2\/types\/product"}],"replies":[{"embeddable":true,"href":"https:\/\/www.biogranel.com\/en\/wp-json\/wp\/v2\/comments?post=1488"}],"version-history":[{"count":1,"href":"https:\/\/www.biogranel.com\/en\/wp-json\/wp\/v2\/product\/1488\/revisions"}],"predecessor-version":[{"id":1494,"href":"https:\/\/www.biogranel.com\/en\/wp-json\/wp\/v2\/product\/1488\/revisions\/1494"}],"wp:featuredmedia":[{"embeddable":true,"href":"https:\/\/www.biogranel.com\/en\/wp-json\/wp\/v2\/media\/1493"}],"wp:attachment":[{"href":"https:\/\/www.biogranel.com\/en\/wp-json\/wp\/v2\/media?parent=1488"}],"wp:term":[{"taxonomy":"product_brand","embeddable":true,"href":"https:\/\/www.biogranel.com\/en\/wp-json\/wp\/v2\/product_brand?post=1488"},{"taxonomy":"product_cat","embeddable":true,"href":"https:\/\/www.biogranel.com\/en\/wp-json\/wp\/v2\/product_cat?post=1488"},{"taxonomy":"product_tag","embeddable":true,"href":"https:\/\/www.biogranel.com\/en\/wp-json\/wp\/v2\/product_tag?post=1488"}],"curies":[{"name":"wp","href":"https:\/\/api.w.org\/{rel}","templated":true}]}}