{"id":1480,"date":"2025-11-26T16:16:31","date_gmt":"2025-11-26T16:16:31","guid":{"rendered":"https:\/\/www.biogranel.com\/?post_type=product&#038;p=1480"},"modified":"2025-11-26T16:26:46","modified_gmt":"2025-11-26T16:26:46","slug":"miolo-de-amendoim-barbecue","status":"publish","type":"product","link":"https:\/\/www.biogranel.com\/en\/product\/miolo-de-amendoim-barbecue\/","title":{"rendered":"Miolo de Amendoim Barbecue"},"content":{"rendered":"<p data-start=\"227\" data-end=\"418\">O nosso <strong data-start=\"235\" data-end=\"256\">miolo de amendoim barbecue<\/strong> combina a croc\u00e2ncia irresist\u00edvel do amendoim com um tempero defumado e levemente picante, criando um snack cheio de personalidade e imposs\u00edvel de parar de comer.<\/p>\n<p data-start=\"420\" data-end=\"553\">Perfeito para <strong data-start=\"434\" data-end=\"446\">petiscar<\/strong>, <strong data-start=\"448\" data-end=\"474\">partilhar em conv\u00edvios<\/strong>, acompanhar bebidas ou simplesmente dar mais sabor aos teus momentos de pausa.<\/p>\n<p data-start=\"555\" data-end=\"673\">\ud83d\udd25 <strong data-start=\"558\" data-end=\"592\">Sabor fumado e tempero intenso<\/strong><br data-start=\"592\" data-end=\"595\" \/>\ud83e\udd5c <strong data-start=\"598\" data-end=\"630\">Crocante e cheio de car\u00e1cter<\/strong><br data-start=\"630\" data-end=\"633\" \/>\ud83d\udca5 <strong data-start=\"636\" data-end=\"673\">Viciante desde a primeira dentada<\/strong><\/p>\n<p data-start=\"675\" data-end=\"761\"><strong data-start=\"675\" data-end=\"761\">Amendoim Barbecue \u2013 o snack que transforma qualquer momento num festival de sabor!<\/strong><\/p>","protected":false},"excerpt":{"rendered":"<p>Miolo de Amendoim Barbecue.<\/p>","protected":false},"featured_media":1485,"comment_status":"open","ping_status":"closed","template":"","meta":{"om_disable_all_campaigns":false,"_monsterinsights_skip_tracking":false,"_monsterinsights_sitenote_active":false,"_monsterinsights_sitenote_note":"","_monsterinsights_sitenote_category":0,"_uf_show_specific_survey":0,"_uf_disable_surveys":false,"_iconic_wsb_product_page_order_bump_ids":[[]],"_sku":["Ref#51"],"_iconic_wsb_product_page_bump_modal_ids":[[]]},"product_brand":[],"product_cat":[20],"product_tag":[26],"class_list":{"0":"post-1480","1":"product","2":"type-product","3":"status-publish","4":"has-post-thumbnail","6":"product_cat-frutos-secos","7":"product_tag-amendoim","9":"first","10":"instock","11":"taxable","12":"shipping-taxable","13":"purchasable","14":"product-type-variable"},"aioseo_notices":[],"jetpack_sharing_enabled":true,"_links":{"self":[{"href":"https:\/\/www.biogranel.com\/en\/wp-json\/wp\/v2\/product\/1480","targetHints":{"allow":["GET"]}}],"collection":[{"href":"https:\/\/www.biogranel.com\/en\/wp-json\/wp\/v2\/product"}],"about":[{"href":"https:\/\/www.biogranel.com\/en\/wp-json\/wp\/v2\/types\/product"}],"replies":[{"embeddable":true,"href":"https:\/\/www.biogranel.com\/en\/wp-json\/wp\/v2\/comments?post=1480"}],"version-history":[{"count":2,"href":"https:\/\/www.biogranel.com\/en\/wp-json\/wp\/v2\/product\/1480\/revisions"}],"predecessor-version":[{"id":1487,"href":"https:\/\/www.biogranel.com\/en\/wp-json\/wp\/v2\/product\/1480\/revisions\/1487"}],"wp:featuredmedia":[{"embeddable":true,"href":"https:\/\/www.biogranel.com\/en\/wp-json\/wp\/v2\/media\/1485"}],"wp:attachment":[{"href":"https:\/\/www.biogranel.com\/en\/wp-json\/wp\/v2\/media?parent=1480"}],"wp:term":[{"taxonomy":"product_brand","embeddable":true,"href":"https:\/\/www.biogranel.com\/en\/wp-json\/wp\/v2\/product_brand?post=1480"},{"taxonomy":"product_cat","embeddable":true,"href":"https:\/\/www.biogranel.com\/en\/wp-json\/wp\/v2\/product_cat?post=1480"},{"taxonomy":"product_tag","embeddable":true,"href":"https:\/\/www.biogranel.com\/en\/wp-json\/wp\/v2\/product_tag?post=1480"}],"curies":[{"name":"wp","href":"https:\/\/api.w.org\/{rel}","templated":true}]}}