{"id":1468,"date":"2025-11-26T16:11:33","date_gmt":"2025-11-26T16:11:33","guid":{"rendered":"https:\/\/www.biogranel.com\/?post_type=product&#038;p=1468"},"modified":"2025-11-26T16:15:56","modified_gmt":"2025-11-26T16:15:56","slug":"tamara","status":"publish","type":"product","link":"https:\/\/www.biogranel.com\/en\/product\/tamara\/","title":{"rendered":"T\u00e2mara"},"content":{"rendered":"<p data-start=\"229\" data-end=\"472\">As nossas <strong data-start=\"239\" data-end=\"263\">t\u00e2maras<\/strong>, dispon\u00edveis <strong data-start=\"277\" data-end=\"291\">com caro\u00e7o<\/strong> ou <strong data-start=\"295\" data-end=\"309\">sem caro\u00e7o<\/strong>, s\u00e3o perfeitas para quem procura um snack saud\u00e1vel, doce e cheio de energia. Com textura macia e sabor caramelizado, tornam qualquer momento ainda mais delicioso.<\/p>\n<p data-start=\"474\" data-end=\"645\">A vers\u00e3o <strong data-start=\"483\" data-end=\"497\">sem caro\u00e7o<\/strong> \u00e9 pr\u00e1tica e ideal para consumo imediato ou para usar em receitas; a vers\u00e3o <strong data-start=\"573\" data-end=\"587\">com caro\u00e7o<\/strong> preserva melhor a sucul\u00eancia e o sabor original do fruto.<\/p>\n<p data-start=\"647\" data-end=\"808\">\ud83c\udf34 <strong data-start=\"650\" data-end=\"703\">Sabor naturalmente doce, sem a\u00e7\u00facares adicionados<\/strong><br data-start=\"703\" data-end=\"706\" \/>\ud83c\udf6c <strong data-start=\"709\" data-end=\"738\">Textura macia e arom\u00e1tica<\/strong><br data-start=\"738\" data-end=\"741\" \/>\ud83d\udc4c <strong data-start=\"744\" data-end=\"808\">Com caro\u00e7o \u2013 mais sucul\u00eancia | Sem caro\u00e7o \u2013 mais praticidade<\/strong><\/p>\n<p data-start=\"810\" data-end=\"873\"><strong data-start=\"810\" data-end=\"873\">T\u00e2maras \u2013 o doce natural que d\u00e1 energia e sabor ao teu dia!<\/strong><\/p>","protected":false},"excerpt":{"rendered":"<p>T\u00e2mara, com e sem Caro\u00e7o.<\/p>","protected":false},"featured_media":1478,"comment_status":"open","ping_status":"closed","template":"","meta":{"om_disable_all_campaigns":false,"_monsterinsights_skip_tracking":false,"_monsterinsights_sitenote_active":false,"_monsterinsights_sitenote_note":"","_monsterinsights_sitenote_category":0,"_uf_show_specific_survey":0,"_uf_disable_surveys":false,"_iconic_wsb_product_page_order_bump_ids":[[]],"_sku":["Ref#50"],"_iconic_wsb_product_page_bump_modal_ids":[[]]},"product_brand":[],"product_cat":[20],"product_tag":[44],"class_list":{"0":"post-1468","1":"product","2":"type-product","3":"status-publish","4":"has-post-thumbnail","6":"product_cat-frutos-secos","7":"product_tag-tamara","9":"first","10":"instock","11":"taxable","12":"shipping-taxable","13":"purchasable","14":"product-type-variable"},"aioseo_notices":[],"jetpack_sharing_enabled":true,"_links":{"self":[{"href":"https:\/\/www.biogranel.com\/en\/wp-json\/wp\/v2\/product\/1468","targetHints":{"allow":["GET"]}}],"collection":[{"href":"https:\/\/www.biogranel.com\/en\/wp-json\/wp\/v2\/product"}],"about":[{"href":"https:\/\/www.biogranel.com\/en\/wp-json\/wp\/v2\/types\/product"}],"replies":[{"embeddable":true,"href":"https:\/\/www.biogranel.com\/en\/wp-json\/wp\/v2\/comments?post=1468"}],"version-history":[{"count":1,"href":"https:\/\/www.biogranel.com\/en\/wp-json\/wp\/v2\/product\/1468\/revisions"}],"predecessor-version":[{"id":1479,"href":"https:\/\/www.biogranel.com\/en\/wp-json\/wp\/v2\/product\/1468\/revisions\/1479"}],"wp:featuredmedia":[{"embeddable":true,"href":"https:\/\/www.biogranel.com\/en\/wp-json\/wp\/v2\/media\/1478"}],"wp:attachment":[{"href":"https:\/\/www.biogranel.com\/en\/wp-json\/wp\/v2\/media?parent=1468"}],"wp:term":[{"taxonomy":"product_brand","embeddable":true,"href":"https:\/\/www.biogranel.com\/en\/wp-json\/wp\/v2\/product_brand?post=1468"},{"taxonomy":"product_cat","embeddable":true,"href":"https:\/\/www.biogranel.com\/en\/wp-json\/wp\/v2\/product_cat?post=1468"},{"taxonomy":"product_tag","embeddable":true,"href":"https:\/\/www.biogranel.com\/en\/wp-json\/wp\/v2\/product_tag?post=1468"}],"curies":[{"name":"wp","href":"https:\/\/api.w.org\/{rel}","templated":true}]}}