{"id":1456,"date":"2025-11-26T16:04:16","date_gmt":"2025-11-26T16:04:16","guid":{"rendered":"https:\/\/www.biogranel.com\/?post_type=product&#038;p=1456"},"modified":"2025-11-26T16:11:23","modified_gmt":"2025-11-26T16:11:23","slug":"ameixa-preta-seca","status":"publish","type":"product","link":"https:\/\/www.biogranel.com\/en\/product\/ameixa-preta-seca\/","title":{"rendered":"Ameixa Preta Seca"},"content":{"rendered":"<p data-start=\"234\" data-end=\"469\">A nossa <strong data-start=\"242\" data-end=\"270\">ameixa preta seca<\/strong>, dispon\u00edvel <strong data-start=\"283\" data-end=\"297\">com caro\u00e7o<\/strong> ou <strong data-start=\"301\" data-end=\"315\">sem caro\u00e7o<\/strong>, \u00e9 um cl\u00e1ssico irresist\u00edvel da fruta seca. Com textura macia, sabor doce e aroma envolvente, \u00e9 perfeita para quem procura um snack nutritivo e delicioso.<\/p>\n<p data-start=\"471\" data-end=\"648\">A vers\u00e3o <strong data-start=\"480\" data-end=\"494\">sem caro\u00e7o<\/strong> \u00e9 pr\u00e1tica e ideal para consumo imediato ou para usar em receitas; j\u00e1 a vers\u00e3o <strong data-start=\"573\" data-end=\"587\">com caro\u00e7o<\/strong> preserva ainda mais o sabor e a sucul\u00eancia natural da fruta.<\/p>\n<p data-start=\"650\" data-end=\"812\">\ud83c\udf51 <strong data-start=\"653\" data-end=\"696\">Textura macia e sabor intensamente doce<\/strong><br data-start=\"696\" data-end=\"699\" \/>\ud83c\udf31 <strong data-start=\"702\" data-end=\"747\">100% natural, rica em fibras e nutrientes<\/strong><br data-start=\"747\" data-end=\"750\" \/>\ud83d\udc4c <strong data-start=\"753\" data-end=\"812\">Com caro\u00e7o \u2013 mais aroma | Sem caro\u00e7o \u2013 mais praticidade<\/strong><\/p>\n<p data-start=\"814\" data-end=\"887\"><strong data-start=\"814\" data-end=\"887\">Ameixa Preta \u2013 o toque doce e saud\u00e1vel que completa qualquer momento!<\/strong><\/p>","protected":false},"excerpt":{"rendered":"<p>Ameixa Preta Seca, com e sem Caro\u00e7o.<\/p>","protected":false},"featured_media":1466,"comment_status":"open","ping_status":"closed","template":"","meta":{"om_disable_all_campaigns":false,"_monsterinsights_skip_tracking":false,"_monsterinsights_sitenote_active":false,"_monsterinsights_sitenote_note":"","_monsterinsights_sitenote_category":0,"_uf_show_specific_survey":0,"_uf_disable_surveys":false,"_iconic_wsb_product_page_order_bump_ids":[[]],"_sku":["Ref#49"],"_iconic_wsb_product_page_bump_modal_ids":[[]]},"product_brand":[],"product_cat":[20],"product_tag":[65],"class_list":{"0":"post-1456","1":"product","2":"type-product","3":"status-publish","4":"has-post-thumbnail","6":"product_cat-frutos-secos","7":"product_tag-ameixa","9":"first","10":"instock","11":"taxable","12":"shipping-taxable","13":"purchasable","14":"product-type-variable"},"aioseo_notices":[],"jetpack_sharing_enabled":true,"_links":{"self":[{"href":"https:\/\/www.biogranel.com\/en\/wp-json\/wp\/v2\/product\/1456","targetHints":{"allow":["GET"]}}],"collection":[{"href":"https:\/\/www.biogranel.com\/en\/wp-json\/wp\/v2\/product"}],"about":[{"href":"https:\/\/www.biogranel.com\/en\/wp-json\/wp\/v2\/types\/product"}],"replies":[{"embeddable":true,"href":"https:\/\/www.biogranel.com\/en\/wp-json\/wp\/v2\/comments?post=1456"}],"version-history":[{"count":1,"href":"https:\/\/www.biogranel.com\/en\/wp-json\/wp\/v2\/product\/1456\/revisions"}],"predecessor-version":[{"id":1467,"href":"https:\/\/www.biogranel.com\/en\/wp-json\/wp\/v2\/product\/1456\/revisions\/1467"}],"wp:featuredmedia":[{"embeddable":true,"href":"https:\/\/www.biogranel.com\/en\/wp-json\/wp\/v2\/media\/1466"}],"wp:attachment":[{"href":"https:\/\/www.biogranel.com\/en\/wp-json\/wp\/v2\/media?parent=1456"}],"wp:term":[{"taxonomy":"product_brand","embeddable":true,"href":"https:\/\/www.biogranel.com\/en\/wp-json\/wp\/v2\/product_brand?post=1456"},{"taxonomy":"product_cat","embeddable":true,"href":"https:\/\/www.biogranel.com\/en\/wp-json\/wp\/v2\/product_cat?post=1456"},{"taxonomy":"product_tag","embeddable":true,"href":"https:\/\/www.biogranel.com\/en\/wp-json\/wp\/v2\/product_tag?post=1456"}],"curies":[{"name":"wp","href":"https:\/\/api.w.org\/{rel}","templated":true}]}}