{"id":1448,"date":"2025-11-25T16:49:58","date_gmt":"2025-11-25T16:49:58","guid":{"rendered":"https:\/\/www.biogranel.com\/?post_type=product&#038;p=1448"},"modified":"2025-11-26T16:21:59","modified_gmt":"2025-11-26T16:21:59","slug":"tamara-em-rama","status":"publish","type":"product","link":"https:\/\/www.biogranel.com\/en\/product\/tamara-em-rama\/","title":{"rendered":"T\u00e2mara em Rama"},"content":{"rendered":"<p data-start=\"222\" data-end=\"402\">A nossa <strong data-start=\"230\" data-end=\"248\">t\u00e2mara em rama<\/strong> \u00e9 uma verdadeira del\u00edcia natural: frutos inteiros, macios e caramelizados, ainda unidos ao seu ramo original para garantir m\u00e1xima frescura e qualidade.<\/p>\n<p data-start=\"404\" data-end=\"557\">Com um sabor intenso e textura suculenta, \u00e9 perfeita para <strong data-start=\"462\" data-end=\"474\">petiscar<\/strong>, <strong data-start=\"476\" data-end=\"503\">acompanhar frutos secos<\/strong>, <strong data-start=\"505\" data-end=\"524\">ado\u00e7ar receitas<\/strong> ou servir em <strong data-start=\"538\" data-end=\"556\">t\u00e1buas gourmet<\/strong>.<\/p>\n<p data-start=\"559\" data-end=\"687\">\ud83c\udf34 <strong data-start=\"562\" data-end=\"592\">Sabor doce e textura macia<\/strong><br data-start=\"592\" data-end=\"595\" \/>\ud83c\udf6f <strong data-start=\"598\" data-end=\"641\">100% natural e sem a\u00e7\u00facares adicionados<\/strong><br data-start=\"641\" data-end=\"644\" \/>\u2728 <strong data-start=\"646\" data-end=\"687\">Apresenta\u00e7\u00e3o premium no ramo original<\/strong><\/p>\n<p data-start=\"689\" data-end=\"768\"><strong data-start=\"689\" data-end=\"768\">T\u00e2mara em Rama \u2013 a forma mais pura e elegante de saborear este fruto \u00fanico!<\/strong><\/p>","protected":false},"excerpt":{"rendered":"<p>T\u00e2mara em Rama.<\/p>","protected":false},"featured_media":1453,"comment_status":"open","ping_status":"closed","template":"","meta":{"om_disable_all_campaigns":false,"_monsterinsights_skip_tracking":false,"_monsterinsights_sitenote_active":false,"_monsterinsights_sitenote_note":"","_monsterinsights_sitenote_category":0,"_uf_show_specific_survey":0,"_uf_disable_surveys":false,"_iconic_wsb_product_page_order_bump_ids":[[]],"_sku":["Ref#48"],"_iconic_wsb_product_page_bump_modal_ids":[[]]},"product_brand":[],"product_cat":[20],"product_tag":[44],"class_list":{"0":"post-1448","1":"product","2":"type-product","3":"status-publish","4":"has-post-thumbnail","6":"product_cat-frutos-secos","7":"product_tag-tamara","9":"first","10":"instock","11":"taxable","12":"shipping-taxable","13":"purchasable","14":"product-type-variable"},"aioseo_notices":[],"jetpack_sharing_enabled":true,"_links":{"self":[{"href":"https:\/\/www.biogranel.com\/en\/wp-json\/wp\/v2\/product\/1448","targetHints":{"allow":["GET"]}}],"collection":[{"href":"https:\/\/www.biogranel.com\/en\/wp-json\/wp\/v2\/product"}],"about":[{"href":"https:\/\/www.biogranel.com\/en\/wp-json\/wp\/v2\/types\/product"}],"replies":[{"embeddable":true,"href":"https:\/\/www.biogranel.com\/en\/wp-json\/wp\/v2\/comments?post=1448"}],"version-history":[{"count":1,"href":"https:\/\/www.biogranel.com\/en\/wp-json\/wp\/v2\/product\/1448\/revisions"}],"predecessor-version":[{"id":1454,"href":"https:\/\/www.biogranel.com\/en\/wp-json\/wp\/v2\/product\/1448\/revisions\/1454"}],"wp:featuredmedia":[{"embeddable":true,"href":"https:\/\/www.biogranel.com\/en\/wp-json\/wp\/v2\/media\/1453"}],"wp:attachment":[{"href":"https:\/\/www.biogranel.com\/en\/wp-json\/wp\/v2\/media?parent=1448"}],"wp:term":[{"taxonomy":"product_brand","embeddable":true,"href":"https:\/\/www.biogranel.com\/en\/wp-json\/wp\/v2\/product_brand?post=1448"},{"taxonomy":"product_cat","embeddable":true,"href":"https:\/\/www.biogranel.com\/en\/wp-json\/wp\/v2\/product_cat?post=1448"},{"taxonomy":"product_tag","embeddable":true,"href":"https:\/\/www.biogranel.com\/en\/wp-json\/wp\/v2\/product_tag?post=1448"}],"curies":[{"name":"wp","href":"https:\/\/api.w.org\/{rel}","templated":true}]}}