{"id":1427,"date":"2025-11-25T16:36:18","date_gmt":"2025-11-25T16:36:18","guid":{"rendered":"https:\/\/www.biogranel.com\/?post_type=product&#038;p=1427"},"modified":"2025-11-25T16:41:03","modified_gmt":"2025-11-25T16:41:03","slug":"pistacho-torrado","status":"publish","type":"product","link":"https:\/\/www.biogranel.com\/en\/product\/pistacho-torrado\/","title":{"rendered":"Pistacho Torrado"},"content":{"rendered":"<p data-start=\"239\" data-end=\"475\">Os nossos <strong data-start=\"249\" data-end=\"271\">pistachos torrados<\/strong>, dispon\u00edveis <strong data-start=\"285\" data-end=\"296\">com sal<\/strong> ou <strong data-start=\"300\" data-end=\"311\">sem sal<\/strong>, s\u00e3o a escolha perfeita para quem aprecia um snack premium, crocante e cheio de sabor. Torrados no ponto exato, revelam todo o aroma e riqueza natural do pistacho.<\/p>\n<p data-start=\"477\" data-end=\"627\">A vers\u00e3o <strong data-start=\"486\" data-end=\"497\">com sal<\/strong> oferece um sabor mais intenso e viciante, enquanto a vers\u00e3o <strong data-start=\"558\" data-end=\"569\">sem sal<\/strong> \u00e9 ideal para quem procura uma op\u00e7\u00e3o mais leve e saud\u00e1vel.<\/p>\n<p data-start=\"629\" data-end=\"803\">\ud83d\udd25 <strong data-start=\"632\" data-end=\"679\">Torrados para real\u00e7ar o sabor e a croc\u00e2ncia<\/strong><br data-start=\"679\" data-end=\"682\" \/>\ud83e\uddc2 <strong data-start=\"685\" data-end=\"746\">Com sal \u2013 sabor intenso | Sem sal \u2013 natural e equilibrado<\/strong><br data-start=\"746\" data-end=\"749\" \/>\ud83d\udc9a <strong data-start=\"752\" data-end=\"803\">Fonte de prote\u00ednas, fibras e gorduras saud\u00e1veis<\/strong><\/p>\n<p data-start=\"805\" data-end=\"871\"><strong data-start=\"805\" data-end=\"871\">Pistacho Torrado \u2013 o snack perfeito, na vers\u00e3o que preferires!<\/strong><\/p>","protected":false},"excerpt":{"rendered":"<p>Pistacho Torrado, com e sem Sal.<\/p>","protected":false},"featured_media":1433,"comment_status":"open","ping_status":"closed","template":"","meta":{"om_disable_all_campaigns":false,"_monsterinsights_skip_tracking":false,"_monsterinsights_sitenote_active":false,"_monsterinsights_sitenote_note":"","_monsterinsights_sitenote_category":0,"_uf_show_specific_survey":0,"_uf_disable_surveys":false,"_iconic_wsb_product_page_order_bump_ids":[[]],"_sku":["Ref#46"],"_iconic_wsb_product_page_bump_modal_ids":[[]]},"product_brand":[],"product_cat":[20],"product_tag":[63],"class_list":{"0":"post-1427","1":"product","2":"type-product","3":"status-publish","4":"has-post-thumbnail","6":"product_cat-frutos-secos","7":"product_tag-pistacho","9":"first","10":"instock","11":"taxable","12":"shipping-taxable","13":"purchasable","14":"product-type-variable"},"aioseo_notices":[],"jetpack_sharing_enabled":true,"_links":{"self":[{"href":"https:\/\/www.biogranel.com\/en\/wp-json\/wp\/v2\/product\/1427","targetHints":{"allow":["GET"]}}],"collection":[{"href":"https:\/\/www.biogranel.com\/en\/wp-json\/wp\/v2\/product"}],"about":[{"href":"https:\/\/www.biogranel.com\/en\/wp-json\/wp\/v2\/types\/product"}],"replies":[{"embeddable":true,"href":"https:\/\/www.biogranel.com\/en\/wp-json\/wp\/v2\/comments?post=1427"}],"version-history":[{"count":1,"href":"https:\/\/www.biogranel.com\/en\/wp-json\/wp\/v2\/product\/1427\/revisions"}],"predecessor-version":[{"id":1438,"href":"https:\/\/www.biogranel.com\/en\/wp-json\/wp\/v2\/product\/1427\/revisions\/1438"}],"wp:featuredmedia":[{"embeddable":true,"href":"https:\/\/www.biogranel.com\/en\/wp-json\/wp\/v2\/media\/1433"}],"wp:attachment":[{"href":"https:\/\/www.biogranel.com\/en\/wp-json\/wp\/v2\/media?parent=1427"}],"wp:term":[{"taxonomy":"product_brand","embeddable":true,"href":"https:\/\/www.biogranel.com\/en\/wp-json\/wp\/v2\/product_brand?post=1427"},{"taxonomy":"product_cat","embeddable":true,"href":"https:\/\/www.biogranel.com\/en\/wp-json\/wp\/v2\/product_cat?post=1427"},{"taxonomy":"product_tag","embeddable":true,"href":"https:\/\/www.biogranel.com\/en\/wp-json\/wp\/v2\/product_tag?post=1427"}],"curies":[{"name":"wp","href":"https:\/\/api.w.org\/{rel}","templated":true}]}}