{"id":1420,"date":"2025-11-25T16:33:08","date_gmt":"2025-11-25T16:33:08","guid":{"rendered":"https:\/\/www.biogranel.com\/?post_type=product&#038;p=1420"},"modified":"2025-11-25T16:41:45","modified_gmt":"2025-11-25T16:41:45","slug":"miolo-de-pistacho-cru","status":"publish","type":"product","link":"https:\/\/www.biogranel.com\/en\/product\/miolo-de-pistacho-cru\/","title":{"rendered":"Miolo de Pistacho Cru"},"content":{"rendered":"<p data-start=\"235\" data-end=\"417\">O nosso <strong data-start=\"243\" data-end=\"259\">pistacho cru<\/strong> preserva todo o sabor original e a textura macia deste fruto t\u00e3o apreciado. Perfeito para quem procura uma op\u00e7\u00e3o natural, nutritiva e incrivelmente vers\u00e1til.<\/p>\n<p data-start=\"419\" data-end=\"610\">Rico em <strong data-start=\"427\" data-end=\"440\">prote\u00ednas<\/strong>, <strong data-start=\"442\" data-end=\"451\">fibra<\/strong>, <strong data-start=\"453\" data-end=\"470\">antioxidantes<\/strong> e <strong data-start=\"473\" data-end=\"495\">gorduras saud\u00e1veis<\/strong>, \u00e9 ideal para <strong data-start=\"510\" data-end=\"522\">petiscar<\/strong>, <strong data-start=\"524\" data-end=\"554\">usar em receitas saud\u00e1veis<\/strong>, <strong data-start=\"556\" data-end=\"566\">pestos<\/strong>, <strong data-start=\"568\" data-end=\"579\">saladas<\/strong>, ou <strong data-start=\"584\" data-end=\"609\">sobremesas artesanais<\/strong>.<\/p>\n<p data-start=\"612\" data-end=\"736\">\ud83d\udc9a <strong data-start=\"615\" data-end=\"649\">Sabor aut\u00eantico e cor vibrante<\/strong><br data-start=\"649\" data-end=\"652\" \/>\ud83c\udf31 <strong data-start=\"655\" data-end=\"686\">100% natural e sem aditivos<\/strong><br data-start=\"686\" data-end=\"689\" \/>\ud83d\udcaa <strong data-start=\"692\" data-end=\"736\">Fonte de nutrientes essenciais e energia<\/strong><\/p>\n<p data-start=\"738\" data-end=\"801\"><strong data-start=\"738\" data-end=\"801\">Miolo de Pistacho Cru \u2013 puro, nutritivo e sempre delicioso!<\/strong><\/p>","protected":false},"excerpt":{"rendered":"<p>Miolo de Pistacho Cru.<\/p>","protected":false},"featured_media":1425,"comment_status":"open","ping_status":"closed","template":"","meta":{"om_disable_all_campaigns":false,"_monsterinsights_skip_tracking":false,"_monsterinsights_sitenote_active":false,"_monsterinsights_sitenote_note":"","_monsterinsights_sitenote_category":0,"_uf_show_specific_survey":0,"_uf_disable_surveys":false,"_iconic_wsb_product_page_order_bump_ids":[[]],"_sku":["Ref#45"],"_iconic_wsb_product_page_bump_modal_ids":[[]]},"product_brand":[],"product_cat":[20],"product_tag":[63],"class_list":{"0":"post-1420","1":"product","2":"type-product","3":"status-publish","4":"has-post-thumbnail","6":"product_cat-frutos-secos","7":"product_tag-pistacho","9":"first","10":"instock","11":"taxable","12":"shipping-taxable","13":"purchasable","14":"product-type-variable"},"aioseo_notices":[],"jetpack_sharing_enabled":true,"_links":{"self":[{"href":"https:\/\/www.biogranel.com\/en\/wp-json\/wp\/v2\/product\/1420","targetHints":{"allow":["GET"]}}],"collection":[{"href":"https:\/\/www.biogranel.com\/en\/wp-json\/wp\/v2\/product"}],"about":[{"href":"https:\/\/www.biogranel.com\/en\/wp-json\/wp\/v2\/types\/product"}],"replies":[{"embeddable":true,"href":"https:\/\/www.biogranel.com\/en\/wp-json\/wp\/v2\/comments?post=1420"}],"version-history":[{"count":1,"href":"https:\/\/www.biogranel.com\/en\/wp-json\/wp\/v2\/product\/1420\/revisions"}],"predecessor-version":[{"id":1426,"href":"https:\/\/www.biogranel.com\/en\/wp-json\/wp\/v2\/product\/1420\/revisions\/1426"}],"wp:featuredmedia":[{"embeddable":true,"href":"https:\/\/www.biogranel.com\/en\/wp-json\/wp\/v2\/media\/1425"}],"wp:attachment":[{"href":"https:\/\/www.biogranel.com\/en\/wp-json\/wp\/v2\/media?parent=1420"}],"wp:term":[{"taxonomy":"product_brand","embeddable":true,"href":"https:\/\/www.biogranel.com\/en\/wp-json\/wp\/v2\/product_brand?post=1420"},{"taxonomy":"product_cat","embeddable":true,"href":"https:\/\/www.biogranel.com\/en\/wp-json\/wp\/v2\/product_cat?post=1420"},{"taxonomy":"product_tag","embeddable":true,"href":"https:\/\/www.biogranel.com\/en\/wp-json\/wp\/v2\/product_tag?post=1420"}],"curies":[{"name":"wp","href":"https:\/\/api.w.org\/{rel}","templated":true}]}}