{"id":1405,"date":"2025-11-25T16:22:14","date_gmt":"2025-11-25T16:22:14","guid":{"rendered":"https:\/\/www.biogranel.com\/?post_type=product&#038;p=1405"},"modified":"2025-11-25T16:26:32","modified_gmt":"2025-11-25T16:26:32","slug":"pevides-de-abobora-torradas-com-casca-com-sal","status":"publish","type":"product","link":"https:\/\/www.biogranel.com\/en\/product\/pevides-de-abobora-torradas-com-casca-com-sal\/","title":{"rendered":"Pevides de Ab\u00f3bora Torradas com Casca com Sal"},"content":{"rendered":"<p data-start=\"283\" data-end=\"471\">As nossas <strong data-start=\"293\" data-end=\"340\">pevides de ab\u00f3bora torradas com casca e com sal<\/strong> oferecem uma croc\u00e2ncia irresist\u00edvel e um sabor mais intenso, perfeito para quem adora um snack r\u00fastico e naturalmente delicioso.<\/p>\n<p data-start=\"473\" data-end=\"668\">Torradas no ponto certo e temperadas com a quantidade ideal de sal, s\u00e3o fant\u00e1sticas para <strong data-start=\"562\" data-end=\"574\">petiscar<\/strong>, <strong data-start=\"576\" data-end=\"601\">acrescentar a saladas<\/strong>, <strong data-start=\"603\" data-end=\"624\">granolas salgadas<\/strong>, ou simplesmente desfrutar entre refei\u00e7\u00f5es.<\/p>\n<p data-start=\"670\" data-end=\"810\">\ud83c\udf83 <strong data-start=\"673\" data-end=\"711\">Com casca para uma croc\u00e2ncia extra<\/strong><br data-start=\"711\" data-end=\"714\" \/>\ud83e\uddc2 <strong data-start=\"717\" data-end=\"757\">Sabor salgado equilibrado e viciante<\/strong><br data-start=\"757\" data-end=\"760\" \/>\ud83d\udcaa <strong data-start=\"763\" data-end=\"810\">Fonte de fibras, minerais e energia natural<\/strong><\/p>\n<p data-start=\"812\" data-end=\"910\"><strong data-start=\"812\" data-end=\"910\">Pevides de Ab\u00f3bora Torradas com Casca com Sal \u2013 o snack r\u00fastico que conquista em cada dentada!<\/strong><\/p>","protected":false},"excerpt":{"rendered":"<p>Pevides de Ab\u00f3bora Torradas com Casca com Sal.<\/p>","protected":false},"featured_media":1410,"comment_status":"open","ping_status":"closed","template":"","meta":{"om_disable_all_campaigns":false,"_monsterinsights_skip_tracking":false,"_monsterinsights_sitenote_active":false,"_monsterinsights_sitenote_note":"","_monsterinsights_sitenote_category":0,"_uf_show_specific_survey":0,"_uf_disable_surveys":false,"_iconic_wsb_product_page_order_bump_ids":[[]],"_sku":["Ref#43"],"_iconic_wsb_product_page_bump_modal_ids":[[]]},"product_brand":[],"product_cat":[29],"product_tag":[61],"class_list":{"0":"post-1405","1":"product","2":"type-product","3":"status-publish","4":"has-post-thumbnail","6":"product_cat-sementes","7":"product_tag-abobora","9":"first","10":"instock","11":"taxable","12":"shipping-taxable","13":"purchasable","14":"product-type-variable"},"aioseo_notices":[],"jetpack_sharing_enabled":true,"_links":{"self":[{"href":"https:\/\/www.biogranel.com\/en\/wp-json\/wp\/v2\/product\/1405","targetHints":{"allow":["GET"]}}],"collection":[{"href":"https:\/\/www.biogranel.com\/en\/wp-json\/wp\/v2\/product"}],"about":[{"href":"https:\/\/www.biogranel.com\/en\/wp-json\/wp\/v2\/types\/product"}],"replies":[{"embeddable":true,"href":"https:\/\/www.biogranel.com\/en\/wp-json\/wp\/v2\/comments?post=1405"}],"version-history":[{"count":1,"href":"https:\/\/www.biogranel.com\/en\/wp-json\/wp\/v2\/product\/1405\/revisions"}],"predecessor-version":[{"id":1412,"href":"https:\/\/www.biogranel.com\/en\/wp-json\/wp\/v2\/product\/1405\/revisions\/1412"}],"wp:featuredmedia":[{"embeddable":true,"href":"https:\/\/www.biogranel.com\/en\/wp-json\/wp\/v2\/media\/1410"}],"wp:attachment":[{"href":"https:\/\/www.biogranel.com\/en\/wp-json\/wp\/v2\/media?parent=1405"}],"wp:term":[{"taxonomy":"product_brand","embeddable":true,"href":"https:\/\/www.biogranel.com\/en\/wp-json\/wp\/v2\/product_brand?post=1405"},{"taxonomy":"product_cat","embeddable":true,"href":"https:\/\/www.biogranel.com\/en\/wp-json\/wp\/v2\/product_cat?post=1405"},{"taxonomy":"product_tag","embeddable":true,"href":"https:\/\/www.biogranel.com\/en\/wp-json\/wp\/v2\/product_tag?post=1405"}],"curies":[{"name":"wp","href":"https:\/\/api.w.org\/{rel}","templated":true}]}}