{"id":1398,"date":"2025-11-25T16:18:20","date_gmt":"2025-11-25T16:18:20","guid":{"rendered":"https:\/\/www.biogranel.com\/?post_type=product&#038;p=1398"},"modified":"2025-11-25T16:42:42","modified_gmt":"2025-11-25T16:42:42","slug":"miolo-de-pevide-de-abobora","status":"publish","type":"product","link":"https:\/\/www.biogranel.com\/en\/product\/miolo-de-pevide-de-abobora\/","title":{"rendered":"Miolo de Pevide de Ab\u00f3bora"},"content":{"rendered":"<p data-start=\"244\" data-end=\"466\">O nosso <strong data-start=\"252\" data-end=\"282\">miolo de pevide de ab\u00f3bora<\/strong> \u00e9 um superalimento natural, rico em nutrientes e perfeito para incluir numa alimenta\u00e7\u00e3o equilibrada. Com um sabor suave e textura agrad\u00e1vel, \u00e9 ideal para adicionar a qualquer receita.<\/p>\n<p data-start=\"468\" data-end=\"580\">Perfeito para <strong data-start=\"482\" data-end=\"492\">snacks<\/strong>, <strong data-start=\"494\" data-end=\"505\">saladas<\/strong>, <strong data-start=\"507\" data-end=\"522\">p\u00e3o caseiro<\/strong>, <strong data-start=\"524\" data-end=\"536\">granolas<\/strong>, <strong data-start=\"538\" data-end=\"547\">sopas<\/strong> ou at\u00e9 para consumir ao natural.<\/p>\n<p data-start=\"582\" data-end=\"701\">\ud83c\udf83 <strong data-start=\"585\" data-end=\"619\">Sabor suave e textura crocante<\/strong><br data-start=\"619\" data-end=\"622\" \/>\ud83d\udcaa <strong data-start=\"625\" data-end=\"664\">Rico em magn\u00e9sio, zinco e prote\u00ednas<\/strong><br data-start=\"664\" data-end=\"667\" \/>\ud83c\udf31 <strong data-start=\"670\" data-end=\"701\">100% natural e sem aditivos<\/strong><\/p>\n<p data-start=\"703\" data-end=\"776\"><strong data-start=\"703\" data-end=\"776\">Miolo de Pevide de Ab\u00f3bora \u2013 pequeno no tamanho, gigante na nutri\u00e7\u00e3o!<\/strong><\/p>","protected":false},"excerpt":{"rendered":"<p>Miolo de Pevide de Ab\u00f3bora.<\/p>","protected":false},"featured_media":1403,"comment_status":"open","ping_status":"closed","template":"","meta":{"om_disable_all_campaigns":false,"_monsterinsights_skip_tracking":false,"_monsterinsights_sitenote_active":false,"_monsterinsights_sitenote_note":"","_monsterinsights_sitenote_category":0,"_uf_show_specific_survey":0,"_uf_disable_surveys":false,"_iconic_wsb_product_page_order_bump_ids":[[]],"_sku":["Ref#42"],"_iconic_wsb_product_page_bump_modal_ids":[[]]},"product_brand":[],"product_cat":[29],"product_tag":[61],"class_list":{"0":"post-1398","1":"product","2":"type-product","3":"status-publish","4":"has-post-thumbnail","6":"product_cat-sementes","7":"product_tag-abobora","9":"first","10":"instock","11":"taxable","12":"shipping-taxable","13":"purchasable","14":"product-type-variable"},"aioseo_notices":[],"jetpack_sharing_enabled":true,"_links":{"self":[{"href":"https:\/\/www.biogranel.com\/en\/wp-json\/wp\/v2\/product\/1398","targetHints":{"allow":["GET"]}}],"collection":[{"href":"https:\/\/www.biogranel.com\/en\/wp-json\/wp\/v2\/product"}],"about":[{"href":"https:\/\/www.biogranel.com\/en\/wp-json\/wp\/v2\/types\/product"}],"replies":[{"embeddable":true,"href":"https:\/\/www.biogranel.com\/en\/wp-json\/wp\/v2\/comments?post=1398"}],"version-history":[{"count":2,"href":"https:\/\/www.biogranel.com\/en\/wp-json\/wp\/v2\/product\/1398\/revisions"}],"predecessor-version":[{"id":1439,"href":"https:\/\/www.biogranel.com\/en\/wp-json\/wp\/v2\/product\/1398\/revisions\/1439"}],"wp:featuredmedia":[{"embeddable":true,"href":"https:\/\/www.biogranel.com\/en\/wp-json\/wp\/v2\/media\/1403"}],"wp:attachment":[{"href":"https:\/\/www.biogranel.com\/en\/wp-json\/wp\/v2\/media?parent=1398"}],"wp:term":[{"taxonomy":"product_brand","embeddable":true,"href":"https:\/\/www.biogranel.com\/en\/wp-json\/wp\/v2\/product_brand?post=1398"},{"taxonomy":"product_cat","embeddable":true,"href":"https:\/\/www.biogranel.com\/en\/wp-json\/wp\/v2\/product_cat?post=1398"},{"taxonomy":"product_tag","embeddable":true,"href":"https:\/\/www.biogranel.com\/en\/wp-json\/wp\/v2\/product_tag?post=1398"}],"curies":[{"name":"wp","href":"https:\/\/api.w.org\/{rel}","templated":true}]}}