{"id":1370,"date":"2025-11-25T15:42:00","date_gmt":"2025-11-25T15:42:00","guid":{"rendered":"https:\/\/www.biogranel.com\/?post_type=product&#038;p=1370"},"modified":"2025-11-25T15:44:08","modified_gmt":"2025-11-25T15:44:08","slug":"gengibre-laminado-sem-acucar","status":"publish","type":"product","link":"https:\/\/www.biogranel.com\/en\/product\/gengibre-laminado-sem-acucar\/","title":{"rendered":"Gengibre Laminado sem A\u00e7\u00facar"},"content":{"rendered":"<p data-start=\"252\" data-end=\"491\">O nosso <strong data-start=\"260\" data-end=\"292\">gengibre laminado sem a\u00e7\u00facar<\/strong> preserva toda a for\u00e7a e autenticidade do gengibre no seu estado mais puro. Com um sabor intenso e levemente picante, \u00e9 perfeito para quem procura um snack natural, estimulante e cheio de benef\u00edcios.<\/p>\n<p data-start=\"493\" data-end=\"640\">Ideal para <strong data-start=\"504\" data-end=\"516\">infus\u00f5es<\/strong>, <strong data-start=\"518\" data-end=\"531\">smoothies<\/strong>, <strong data-start=\"533\" data-end=\"553\">cozinha oriental<\/strong>, <strong data-start=\"555\" data-end=\"578\">pastelaria saud\u00e1vel<\/strong>, ou simplesmente para dar um toque especial \u00e0s tuas receitas.<\/p>\n<p data-start=\"642\" data-end=\"775\">\ud83c\udf3f <strong data-start=\"645\" data-end=\"688\">100% natural e sem a\u00e7\u00facares adicionados<\/strong><br data-start=\"688\" data-end=\"691\" \/>\ud83d\udd25 <strong data-start=\"694\" data-end=\"721\">Sabor forte e arom\u00e1tico<\/strong><br data-start=\"721\" data-end=\"724\" \/>\ud83d\udcaa <strong data-start=\"727\" data-end=\"775\">Fonte de energia, antioxidantes e vitalidade<\/strong><\/p>\n<p data-start=\"777\" data-end=\"856\"><strong data-start=\"777\" data-end=\"856\">Gengibre Laminado sem A\u00e7\u00facar \u2013 puro, vibrante e irresistivelmente saud\u00e1vel!<\/strong><\/p>","protected":false},"excerpt":{"rendered":"<p>Gengibre Laminado sem A\u00e7\u00facar.<\/p>","protected":false},"featured_media":1375,"comment_status":"open","ping_status":"closed","template":"","meta":{"om_disable_all_campaigns":false,"_monsterinsights_skip_tracking":false,"_monsterinsights_sitenote_active":false,"_monsterinsights_sitenote_note":"","_monsterinsights_sitenote_category":0,"_uf_show_specific_survey":0,"_uf_disable_surveys":false,"_iconic_wsb_product_page_order_bump_ids":[[]],"_sku":["Ref#38"],"_iconic_wsb_product_page_bump_modal_ids":[[]]},"product_brand":[],"product_cat":[43],"product_tag":[57],"class_list":{"0":"post-1370","1":"product","2":"type-product","3":"status-publish","4":"has-post-thumbnail","6":"product_cat-frutas-desidratadas","7":"product_tag-gengibre","9":"first","10":"instock","11":"taxable","12":"shipping-taxable","13":"purchasable","14":"product-type-variable"},"aioseo_notices":[],"jetpack_sharing_enabled":true,"_links":{"self":[{"href":"https:\/\/www.biogranel.com\/en\/wp-json\/wp\/v2\/product\/1370","targetHints":{"allow":["GET"]}}],"collection":[{"href":"https:\/\/www.biogranel.com\/en\/wp-json\/wp\/v2\/product"}],"about":[{"href":"https:\/\/www.biogranel.com\/en\/wp-json\/wp\/v2\/types\/product"}],"replies":[{"embeddable":true,"href":"https:\/\/www.biogranel.com\/en\/wp-json\/wp\/v2\/comments?post=1370"}],"version-history":[{"count":1,"href":"https:\/\/www.biogranel.com\/en\/wp-json\/wp\/v2\/product\/1370\/revisions"}],"predecessor-version":[{"id":1376,"href":"https:\/\/www.biogranel.com\/en\/wp-json\/wp\/v2\/product\/1370\/revisions\/1376"}],"wp:featuredmedia":[{"embeddable":true,"href":"https:\/\/www.biogranel.com\/en\/wp-json\/wp\/v2\/media\/1375"}],"wp:attachment":[{"href":"https:\/\/www.biogranel.com\/en\/wp-json\/wp\/v2\/media?parent=1370"}],"wp:term":[{"taxonomy":"product_brand","embeddable":true,"href":"https:\/\/www.biogranel.com\/en\/wp-json\/wp\/v2\/product_brand?post=1370"},{"taxonomy":"product_cat","embeddable":true,"href":"https:\/\/www.biogranel.com\/en\/wp-json\/wp\/v2\/product_cat?post=1370"},{"taxonomy":"product_tag","embeddable":true,"href":"https:\/\/www.biogranel.com\/en\/wp-json\/wp\/v2\/product_tag?post=1370"}],"curies":[{"name":"wp","href":"https:\/\/api.w.org\/{rel}","templated":true}]}}