{"id":1363,"date":"2025-11-25T15:37:51","date_gmt":"2025-11-25T15:37:51","guid":{"rendered":"https:\/\/www.biogranel.com\/?post_type=product&#038;p=1363"},"modified":"2025-11-25T15:45:36","modified_gmt":"2025-11-25T15:45:36","slug":"gengibre-desidratado-em-cubos","status":"publish","type":"product","link":"https:\/\/www.biogranel.com\/en\/product\/gengibre-desidratado-em-cubos\/","title":{"rendered":"Gengibre Desidratado em Cubos"},"content":{"rendered":"<p data-start=\"250\" data-end=\"489\">O nosso <strong data-start=\"258\" data-end=\"291\">gengibre desidratado em cubos<\/strong> combina a intensidade do gengibre fresco com a praticidade de um snack delicioso e f\u00e1cil de consumir. Levemente picante e naturalmente arom\u00e1tico, \u00e9 perfeito para dar um toque especial ao teu dia.<\/p>\n<p data-start=\"491\" data-end=\"619\">Ideal para <strong data-start=\"502\" data-end=\"514\">petiscar<\/strong>, <strong data-start=\"516\" data-end=\"540\">misturar em granolas<\/strong>, <strong data-start=\"542\" data-end=\"562\">adicionar a ch\u00e1s<\/strong>, ou incluir em <strong data-start=\"578\" data-end=\"618\">receitas orientais, doces e salgadas<\/strong>.<\/p>\n<p data-start=\"621\" data-end=\"743\">\ud83c\udf3f <strong data-start=\"624\" data-end=\"661\">Sabor intenso e levemente picante<\/strong><br data-start=\"661\" data-end=\"664\" \/>\ud83d\udfe7 <strong data-start=\"667\" data-end=\"693\">Cubo macio e arom\u00e1tico<\/strong><br data-start=\"693\" data-end=\"696\" \/>\ud83d\udcaa <strong data-start=\"699\" data-end=\"743\">Fonte natural de energia e antioxidantes<\/strong><\/p>\n<p data-start=\"745\" data-end=\"824\"><strong data-start=\"745\" data-end=\"824\">Gengibre Desidratado em Cubos \u2013 um snack vibrante que desperta os sentidos!<\/strong><\/p>","protected":false},"excerpt":{"rendered":"<p>Gengibre Desidratado em Cubos.<\/p>","protected":false},"featured_media":1368,"comment_status":"open","ping_status":"closed","template":"","meta":{"om_disable_all_campaigns":false,"_monsterinsights_skip_tracking":false,"_monsterinsights_sitenote_active":false,"_monsterinsights_sitenote_note":"","_monsterinsights_sitenote_category":0,"_uf_show_specific_survey":0,"_uf_disable_surveys":false,"_iconic_wsb_product_page_order_bump_ids":[[]],"_sku":["Ref#37"],"_iconic_wsb_product_page_bump_modal_ids":[[]]},"product_brand":[],"product_cat":[43],"product_tag":[57],"class_list":{"0":"post-1363","1":"product","2":"type-product","3":"status-publish","4":"has-post-thumbnail","6":"product_cat-frutas-desidratadas","7":"product_tag-gengibre","9":"first","10":"instock","11":"taxable","12":"shipping-taxable","13":"purchasable","14":"product-type-variable"},"aioseo_notices":[],"jetpack_sharing_enabled":true,"_links":{"self":[{"href":"https:\/\/www.biogranel.com\/en\/wp-json\/wp\/v2\/product\/1363","targetHints":{"allow":["GET"]}}],"collection":[{"href":"https:\/\/www.biogranel.com\/en\/wp-json\/wp\/v2\/product"}],"about":[{"href":"https:\/\/www.biogranel.com\/en\/wp-json\/wp\/v2\/types\/product"}],"replies":[{"embeddable":true,"href":"https:\/\/www.biogranel.com\/en\/wp-json\/wp\/v2\/comments?post=1363"}],"version-history":[{"count":1,"href":"https:\/\/www.biogranel.com\/en\/wp-json\/wp\/v2\/product\/1363\/revisions"}],"predecessor-version":[{"id":1369,"href":"https:\/\/www.biogranel.com\/en\/wp-json\/wp\/v2\/product\/1363\/revisions\/1369"}],"wp:featuredmedia":[{"embeddable":true,"href":"https:\/\/www.biogranel.com\/en\/wp-json\/wp\/v2\/media\/1368"}],"wp:attachment":[{"href":"https:\/\/www.biogranel.com\/en\/wp-json\/wp\/v2\/media?parent=1363"}],"wp:term":[{"taxonomy":"product_brand","embeddable":true,"href":"https:\/\/www.biogranel.com\/en\/wp-json\/wp\/v2\/product_brand?post=1363"},{"taxonomy":"product_cat","embeddable":true,"href":"https:\/\/www.biogranel.com\/en\/wp-json\/wp\/v2\/product_cat?post=1363"},{"taxonomy":"product_tag","embeddable":true,"href":"https:\/\/www.biogranel.com\/en\/wp-json\/wp\/v2\/product_tag?post=1363"}],"curies":[{"name":"wp","href":"https:\/\/api.w.org\/{rel}","templated":true}]}}