{"id":1356,"date":"2025-11-25T15:33:35","date_gmt":"2025-11-25T15:33:35","guid":{"rendered":"https:\/\/www.biogranel.com\/?post_type=product&#038;p=1356"},"modified":"2025-11-25T15:37:47","modified_gmt":"2025-11-25T15:37:47","slug":"flor-de-hibisco-desidratada","status":"publish","type":"product","link":"https:\/\/www.biogranel.com\/en\/product\/flor-de-hibisco-desidratada\/","title":{"rendered":"Flor de Hibisco Desidratada"},"content":{"rendered":"<p data-start=\"251\" data-end=\"440\">A nossa <strong data-start=\"259\" data-end=\"290\">flor de hibisco desidratada<\/strong> destaca-se pelo seu aroma intenso, cor vibrante e sabor ligeiramente \u00e1cido, perfeito para preparar infus\u00f5es refrescantes e cheias de personalidade.<\/p>\n<p data-start=\"442\" data-end=\"651\">Rica em <strong data-start=\"450\" data-end=\"467\">antioxidantes<\/strong>, <strong data-start=\"469\" data-end=\"483\">vitamina C<\/strong> e propriedades naturais que ajudam a <strong data-start=\"521\" data-end=\"533\">hidratar<\/strong> e <strong data-start=\"536\" data-end=\"563\">revitalizar o organismo<\/strong>, \u00e9 ideal para ch\u00e1s, blends artesanais, compotas ou at\u00e9 para usar em receitas criativas.<\/p>\n<p data-start=\"653\" data-end=\"784\">\ud83c\udf3a <strong data-start=\"656\" data-end=\"685\">Cor viva e aroma marcante<\/strong><br data-start=\"685\" data-end=\"688\" \/>\ud83c\udf31 <strong data-start=\"691\" data-end=\"722\">100% natural e sem aditivos<\/strong><br data-start=\"722\" data-end=\"725\" \/>\ud83c\udf75 <strong data-start=\"728\" data-end=\"784\">Perfeita para infus\u00f5es, blends e receitas artesanais<\/strong><\/p>\n<p data-start=\"786\" data-end=\"856\"><strong data-start=\"786\" data-end=\"856\">Flor de Hibisco Desidratada \u2013 sabor, cor e bem-estar numa s\u00f3 flor!<\/strong><\/p>","protected":false},"excerpt":{"rendered":"<p>Flor de Hibisco Desidratada.<\/p>","protected":false},"featured_media":1361,"comment_status":"open","ping_status":"closed","template":"","meta":{"om_disable_all_campaigns":false,"_monsterinsights_skip_tracking":false,"_monsterinsights_sitenote_active":false,"_monsterinsights_sitenote_note":"","_monsterinsights_sitenote_category":0,"_uf_show_specific_survey":0,"_uf_disable_surveys":false,"_iconic_wsb_product_page_order_bump_ids":[[]],"_sku":["Ref#36"],"_iconic_wsb_product_page_bump_modal_ids":[[]]},"product_brand":[],"product_cat":[43],"product_tag":[56],"class_list":{"0":"post-1356","1":"product","2":"type-product","3":"status-publish","4":"has-post-thumbnail","6":"product_cat-frutas-desidratadas","7":"product_tag-hibisco","9":"first","10":"instock","11":"taxable","12":"shipping-taxable","13":"purchasable","14":"product-type-variable"},"aioseo_notices":[],"jetpack_sharing_enabled":true,"_links":{"self":[{"href":"https:\/\/www.biogranel.com\/en\/wp-json\/wp\/v2\/product\/1356","targetHints":{"allow":["GET"]}}],"collection":[{"href":"https:\/\/www.biogranel.com\/en\/wp-json\/wp\/v2\/product"}],"about":[{"href":"https:\/\/www.biogranel.com\/en\/wp-json\/wp\/v2\/types\/product"}],"replies":[{"embeddable":true,"href":"https:\/\/www.biogranel.com\/en\/wp-json\/wp\/v2\/comments?post=1356"}],"version-history":[{"count":1,"href":"https:\/\/www.biogranel.com\/en\/wp-json\/wp\/v2\/product\/1356\/revisions"}],"predecessor-version":[{"id":1362,"href":"https:\/\/www.biogranel.com\/en\/wp-json\/wp\/v2\/product\/1356\/revisions\/1362"}],"wp:featuredmedia":[{"embeddable":true,"href":"https:\/\/www.biogranel.com\/en\/wp-json\/wp\/v2\/media\/1361"}],"wp:attachment":[{"href":"https:\/\/www.biogranel.com\/en\/wp-json\/wp\/v2\/media?parent=1356"}],"wp:term":[{"taxonomy":"product_brand","embeddable":true,"href":"https:\/\/www.biogranel.com\/en\/wp-json\/wp\/v2\/product_brand?post=1356"},{"taxonomy":"product_cat","embeddable":true,"href":"https:\/\/www.biogranel.com\/en\/wp-json\/wp\/v2\/product_cat?post=1356"},{"taxonomy":"product_tag","embeddable":true,"href":"https:\/\/www.biogranel.com\/en\/wp-json\/wp\/v2\/product_tag?post=1356"}],"curies":[{"name":"wp","href":"https:\/\/api.w.org\/{rel}","templated":true}]}}