{"id":1349,"date":"2025-11-25T15:26:24","date_gmt":"2025-11-25T15:26:24","guid":{"rendered":"https:\/\/www.biogranel.com\/?post_type=product&#038;p=1349"},"modified":"2025-11-25T15:36:55","modified_gmt":"2025-11-25T15:36:55","slug":"flocos-de-aveia","status":"publish","type":"product","link":"https:\/\/www.biogranel.com\/en\/product\/flocos-de-aveia\/","title":{"rendered":"Flocos de Aveia"},"content":{"rendered":"<p data-start=\"234\" data-end=\"488\">Os nossos <strong data-start=\"244\" data-end=\"263\">flocos de aveia<\/strong> s\u00e3o a escolha perfeita para um pequeno-almo\u00e7o saud\u00e1vel, nutritivo e cheio de energia. Com sabor suave e textura reconfortante, adaptam-se a qualquer receita \u2014 desde papas cremosas a smoothies, panquecas ou granolas caseiras.<\/p>\n<p data-start=\"490\" data-end=\"625\">Ricos em <strong data-start=\"499\" data-end=\"509\">fibras<\/strong>, <strong data-start=\"511\" data-end=\"524\">vitaminas<\/strong> e <strong data-start=\"527\" data-end=\"563\">hidratos de carbono de qualidade<\/strong>, ajudam a manter a saciedade e a dar energia ao longo do dia.<\/p>\n<p data-start=\"627\" data-end=\"770\">\ud83c\udf3e <strong data-start=\"630\" data-end=\"673\">100% naturais, integrais e sem aditivos<\/strong><br data-start=\"673\" data-end=\"676\" \/>\ud83d\udcaa <strong data-start=\"679\" data-end=\"708\">Fonte de fibras e energia<\/strong><br data-start=\"708\" data-end=\"711\" \/>\ud83e\udd63 <strong data-start=\"714\" data-end=\"770\">Perfeitos para papas, smoothies e receitas saud\u00e1veis<\/strong><\/p>\n<p data-start=\"772\" data-end=\"843\"><strong data-start=\"772\" data-end=\"843\">Flocos de Aveia \u2013 simples, saud\u00e1veis e indispens\u00e1veis no dia a dia!<\/strong><\/p>","protected":false},"excerpt":{"rendered":"<p>Flocos de Aveia.<\/p>","protected":false},"featured_media":1354,"comment_status":"open","ping_status":"closed","template":"","meta":{"om_disable_all_campaigns":false,"_monsterinsights_skip_tracking":false,"_monsterinsights_sitenote_active":false,"_monsterinsights_sitenote_note":"","_monsterinsights_sitenote_category":0,"_uf_show_specific_survey":0,"_uf_disable_surveys":false,"_iconic_wsb_product_page_order_bump_ids":[[]],"_sku":["Ref#35"],"_iconic_wsb_product_page_bump_modal_ids":[[]]},"product_brand":[],"product_cat":[29],"product_tag":[55],"class_list":{"0":"post-1349","1":"product","2":"type-product","3":"status-publish","4":"has-post-thumbnail","6":"product_cat-sementes","7":"product_tag-aveia","9":"first","10":"instock","11":"taxable","12":"shipping-taxable","13":"purchasable","14":"product-type-variable"},"aioseo_notices":[],"jetpack_sharing_enabled":true,"_links":{"self":[{"href":"https:\/\/www.biogranel.com\/en\/wp-json\/wp\/v2\/product\/1349","targetHints":{"allow":["GET"]}}],"collection":[{"href":"https:\/\/www.biogranel.com\/en\/wp-json\/wp\/v2\/product"}],"about":[{"href":"https:\/\/www.biogranel.com\/en\/wp-json\/wp\/v2\/types\/product"}],"replies":[{"embeddable":true,"href":"https:\/\/www.biogranel.com\/en\/wp-json\/wp\/v2\/comments?post=1349"}],"version-history":[{"count":1,"href":"https:\/\/www.biogranel.com\/en\/wp-json\/wp\/v2\/product\/1349\/revisions"}],"predecessor-version":[{"id":1355,"href":"https:\/\/www.biogranel.com\/en\/wp-json\/wp\/v2\/product\/1349\/revisions\/1355"}],"wp:featuredmedia":[{"embeddable":true,"href":"https:\/\/www.biogranel.com\/en\/wp-json\/wp\/v2\/media\/1354"}],"wp:attachment":[{"href":"https:\/\/www.biogranel.com\/en\/wp-json\/wp\/v2\/media?parent=1349"}],"wp:term":[{"taxonomy":"product_brand","embeddable":true,"href":"https:\/\/www.biogranel.com\/en\/wp-json\/wp\/v2\/product_brand?post=1349"},{"taxonomy":"product_cat","embeddable":true,"href":"https:\/\/www.biogranel.com\/en\/wp-json\/wp\/v2\/product_cat?post=1349"},{"taxonomy":"product_tag","embeddable":true,"href":"https:\/\/www.biogranel.com\/en\/wp-json\/wp\/v2\/product_tag?post=1349"}],"curies":[{"name":"wp","href":"https:\/\/api.w.org\/{rel}","templated":true}]}}