{"id":1342,"date":"2025-11-25T15:13:56","date_gmt":"2025-11-25T15:13:56","guid":{"rendered":"https:\/\/www.biogranel.com\/?post_type=product&#038;p=1342"},"modified":"2025-11-25T15:29:11","modified_gmt":"2025-11-25T15:29:11","slug":"figo-seco-moscatel-seleccionado-do-algarve","status":"publish","type":"product","link":"https:\/\/www.biogranel.com\/en\/product\/figo-seco-moscatel-seleccionado-do-algarve\/","title":{"rendered":"Figo Seco Moscatel Seleccionado do Algarve"},"content":{"rendered":"<p data-start=\"274\" data-end=\"515\">O nosso <strong data-start=\"282\" data-end=\"328\">Figo Seco Moscatel Seleccionado do Algarve<\/strong> \u00e9 escolhido entre os melhores figos da regi\u00e3o, conhecido pelo seu aroma intenso, textura macia e do\u00e7ura naturalmente rica. Um verdadeiro tesouro algarvio, produzido de forma tradicional.<\/p>\n<p data-start=\"517\" data-end=\"656\">Perfeito para <strong data-start=\"531\" data-end=\"543\">petiscar<\/strong>, <strong data-start=\"545\" data-end=\"567\">acompanhar queijos<\/strong>, <strong data-start=\"569\" data-end=\"591\">usar em sobremesas<\/strong>, <strong data-start=\"593\" data-end=\"622\">misturar com frutos secos<\/strong> ou incluir em <strong data-start=\"637\" data-end=\"655\">t\u00e1buas gourmet<\/strong>.<\/p>\n<p data-start=\"658\" data-end=\"796\">\ud83c\udf6f <strong data-start=\"661\" data-end=\"700\">Doce, macio e de qualidade superior<\/strong><br data-start=\"700\" data-end=\"703\" \/>\ud83c\uddf5\ud83c\uddf9 <strong data-start=\"708\" data-end=\"737\">Origem garantida: Algarve<\/strong><br data-start=\"737\" data-end=\"740\" \/>\ud83d\udc9b <strong data-start=\"743\" data-end=\"796\">Ideal para snacks, t\u00e1buas e receitas tradicionais<\/strong><\/p>\n<p data-start=\"798\" data-end=\"890\"><strong data-start=\"798\" data-end=\"890\">Figo Seco Moscatel Seleccionado do Algarve \u2013 tradi\u00e7\u00e3o, qualidade e sabor que conquistam!<\/strong><\/p>","protected":false},"excerpt":{"rendered":"<p>Figo Seco Moscatel Seleccionado do Algarve.<\/p>","protected":false},"featured_media":1347,"comment_status":"open","ping_status":"closed","template":"","meta":{"om_disable_all_campaigns":false,"_monsterinsights_skip_tracking":false,"_monsterinsights_sitenote_active":false,"_monsterinsights_sitenote_note":"","_monsterinsights_sitenote_category":0,"_uf_show_specific_survey":0,"_uf_disable_surveys":false,"_iconic_wsb_product_page_order_bump_ids":[[]],"_sku":["Ref#34"],"_iconic_wsb_product_page_bump_modal_ids":[[]]},"product_brand":[],"product_cat":[20],"product_tag":[24],"class_list":{"0":"post-1342","1":"product","2":"type-product","3":"status-publish","4":"has-post-thumbnail","6":"product_cat-frutos-secos","7":"product_tag-figo-seco","9":"first","10":"instock","11":"taxable","12":"shipping-taxable","13":"purchasable","14":"product-type-variable"},"aioseo_notices":[],"jetpack_sharing_enabled":true,"_links":{"self":[{"href":"https:\/\/www.biogranel.com\/en\/wp-json\/wp\/v2\/product\/1342","targetHints":{"allow":["GET"]}}],"collection":[{"href":"https:\/\/www.biogranel.com\/en\/wp-json\/wp\/v2\/product"}],"about":[{"href":"https:\/\/www.biogranel.com\/en\/wp-json\/wp\/v2\/types\/product"}],"replies":[{"embeddable":true,"href":"https:\/\/www.biogranel.com\/en\/wp-json\/wp\/v2\/comments?post=1342"}],"version-history":[{"count":1,"href":"https:\/\/www.biogranel.com\/en\/wp-json\/wp\/v2\/product\/1342\/revisions"}],"predecessor-version":[{"id":1348,"href":"https:\/\/www.biogranel.com\/en\/wp-json\/wp\/v2\/product\/1342\/revisions\/1348"}],"wp:featuredmedia":[{"embeddable":true,"href":"https:\/\/www.biogranel.com\/en\/wp-json\/wp\/v2\/media\/1347"}],"wp:attachment":[{"href":"https:\/\/www.biogranel.com\/en\/wp-json\/wp\/v2\/media?parent=1342"}],"wp:term":[{"taxonomy":"product_brand","embeddable":true,"href":"https:\/\/www.biogranel.com\/en\/wp-json\/wp\/v2\/product_brand?post=1342"},{"taxonomy":"product_cat","embeddable":true,"href":"https:\/\/www.biogranel.com\/en\/wp-json\/wp\/v2\/product_cat?post=1342"},{"taxonomy":"product_tag","embeddable":true,"href":"https:\/\/www.biogranel.com\/en\/wp-json\/wp\/v2\/product_tag?post=1342"}],"curies":[{"name":"wp","href":"https:\/\/api.w.org\/{rel}","templated":true}]}}