{"id":1335,"date":"2025-11-25T15:08:01","date_gmt":"2025-11-25T15:08:01","guid":{"rendered":"https:\/\/www.biogranel.com\/?post_type=product&#038;p=1335"},"modified":"2025-11-25T15:29:50","modified_gmt":"2025-11-25T15:29:50","slug":"figo-seco-de-torres-novas","status":"publish","type":"product","link":"https:\/\/www.biogranel.com\/en\/product\/figo-seco-de-torres-novas\/","title":{"rendered":"Figo Seco de Torres Novas"},"content":{"rendered":"<p data-start=\"239\" data-end=\"434\">Diretamente de uma das regi\u00f5es mais emblem\u00e1ticas de produ\u00e7\u00e3o de figo em Portugal, o <strong data-start=\"323\" data-end=\"352\">Figo Seco de Torres Novas<\/strong> destaca-se pelo sabor intenso, textura macia e qualidade artesanal inconfund\u00edvel.<\/p>\n<p data-start=\"436\" data-end=\"577\">Naturalmente doce e nutritivo, \u00e9 perfeito para <strong data-start=\"483\" data-end=\"495\">petiscar<\/strong>, <strong data-start=\"497\" data-end=\"519\">acompanhar queijos<\/strong>, <strong data-start=\"521\" data-end=\"543\">usar em sobremesas<\/strong> ou incluir em <strong data-start=\"558\" data-end=\"576\">t\u00e1buas gourmet<\/strong>.<\/p>\n<p data-start=\"579\" data-end=\"719\">\ud83c\udf6f <strong data-start=\"582\" data-end=\"616\">Do\u00e7ura natural e textura macia<\/strong><br data-start=\"616\" data-end=\"619\" \/>\ud83c\uddf5\ud83c\uddf9 <strong data-start=\"624\" data-end=\"660\">Origem portuguesa \u2013 Torres Novas<\/strong><br data-start=\"660\" data-end=\"663\" \/>\ud83d\udc9b <strong data-start=\"666\" data-end=\"719\">Ideal para snacks, t\u00e1buas e receitas tradicionais<\/strong><\/p>\n<p data-start=\"721\" data-end=\"798\"><strong data-start=\"721\" data-end=\"798\">Figo Seco de Torres Novas \u2013 um cl\u00e1ssico portugu\u00eas que sabe sempre a mais!<\/strong><\/p>","protected":false},"excerpt":{"rendered":"<p>Figo Seco de Torres Novas.<\/p>","protected":false},"featured_media":1340,"comment_status":"open","ping_status":"closed","template":"","meta":{"om_disable_all_campaigns":false,"_monsterinsights_skip_tracking":false,"_monsterinsights_sitenote_active":false,"_monsterinsights_sitenote_note":"","_monsterinsights_sitenote_category":0,"_uf_show_specific_survey":0,"_uf_disable_surveys":false,"_iconic_wsb_product_page_order_bump_ids":[[]],"_sku":["Ref#33"],"_iconic_wsb_product_page_bump_modal_ids":[[]]},"product_brand":[],"product_cat":[20],"product_tag":[24],"class_list":{"0":"post-1335","1":"product","2":"type-product","3":"status-publish","4":"has-post-thumbnail","6":"product_cat-frutos-secos","7":"product_tag-figo-seco","9":"first","10":"instock","11":"taxable","12":"shipping-taxable","13":"purchasable","14":"product-type-variable"},"aioseo_notices":[],"jetpack_sharing_enabled":true,"_links":{"self":[{"href":"https:\/\/www.biogranel.com\/en\/wp-json\/wp\/v2\/product\/1335","targetHints":{"allow":["GET"]}}],"collection":[{"href":"https:\/\/www.biogranel.com\/en\/wp-json\/wp\/v2\/product"}],"about":[{"href":"https:\/\/www.biogranel.com\/en\/wp-json\/wp\/v2\/types\/product"}],"replies":[{"embeddable":true,"href":"https:\/\/www.biogranel.com\/en\/wp-json\/wp\/v2\/comments?post=1335"}],"version-history":[{"count":1,"href":"https:\/\/www.biogranel.com\/en\/wp-json\/wp\/v2\/product\/1335\/revisions"}],"predecessor-version":[{"id":1341,"href":"https:\/\/www.biogranel.com\/en\/wp-json\/wp\/v2\/product\/1335\/revisions\/1341"}],"wp:featuredmedia":[{"embeddable":true,"href":"https:\/\/www.biogranel.com\/en\/wp-json\/wp\/v2\/media\/1340"}],"wp:attachment":[{"href":"https:\/\/www.biogranel.com\/en\/wp-json\/wp\/v2\/media?parent=1335"}],"wp:term":[{"taxonomy":"product_brand","embeddable":true,"href":"https:\/\/www.biogranel.com\/en\/wp-json\/wp\/v2\/product_brand?post=1335"},{"taxonomy":"product_cat","embeddable":true,"href":"https:\/\/www.biogranel.com\/en\/wp-json\/wp\/v2\/product_cat?post=1335"},{"taxonomy":"product_tag","embeddable":true,"href":"https:\/\/www.biogranel.com\/en\/wp-json\/wp\/v2\/product_tag?post=1335"}],"curies":[{"name":"wp","href":"https:\/\/api.w.org\/{rel}","templated":true}]}}