{"id":1323,"date":"2025-11-25T15:00:51","date_gmt":"2025-11-25T15:00:51","guid":{"rendered":"https:\/\/www.biogranel.com\/?post_type=product&#038;p=1323"},"modified":"2025-11-25T15:31:11","modified_gmt":"2025-11-25T15:31:11","slug":"figo-moscatel-miudo","status":"publish","type":"product","link":"https:\/\/www.biogranel.com\/en\/product\/figo-moscatel-miudo\/","title":{"rendered":"Figo Moscatel Mi\u00fado"},"content":{"rendered":"<p data-start=\"250\" data-end=\"386\">O nosso <strong data-start=\"258\" data-end=\"281\">figo Moscatel mi\u00fado<\/strong> \u00e9 perfeito para quem aprecia fruta seca tradicional com sabor intenso, textura macia e do\u00e7ura natural.<\/p>\n<p data-start=\"388\" data-end=\"561\">Dispon\u00edvel <strong data-start=\"399\" data-end=\"414\">com farinha<\/strong>, que ajuda a preservar o figo e lhe d\u00e1 o toque t\u00edpico da tradi\u00e7\u00e3o portuguesa, ou <strong data-start=\"496\" data-end=\"511\">sem farinha<\/strong>, para quem prefere uma op\u00e7\u00e3o mais natural e pura.<\/p>\n<p data-start=\"563\" data-end=\"689\">Ideal para <strong data-start=\"574\" data-end=\"586\">petiscar<\/strong>, <strong data-start=\"588\" data-end=\"615\">acompanhar frutos secos<\/strong>, <strong data-start=\"617\" data-end=\"637\">juntar a queijos<\/strong>, ou utilizar em <strong data-start=\"654\" data-end=\"688\">sobremesas e receitas caseiras<\/strong>.<\/p>\n<p data-start=\"691\" data-end=\"853\">\ud83c\udf6f <strong data-start=\"694\" data-end=\"726\">Doce, macio e cheio de aroma<\/strong><br data-start=\"726\" data-end=\"729\" \/>\ud83c\udf3e <strong data-start=\"732\" data-end=\"791\">Com ou sem farinha \u2013 duas vers\u00f5es igualmente deliciosas<\/strong><br data-start=\"791\" data-end=\"794\" \/>\ud83d\udc9b <strong data-start=\"797\" data-end=\"853\">Perfeito para snacks, t\u00e1buas e receitas tradicionais<\/strong><\/p>\n<p data-start=\"855\" data-end=\"925\"><strong data-start=\"855\" data-end=\"925\">Figo Moscatel Mi\u00fado \u2013 tradi\u00e7\u00e3o, sabor e qualidade em cada mordida!<\/strong><\/p>","protected":false},"excerpt":{"rendered":"<p>Figo Moscatel Mi\u00fado, com e sem Farinha.<\/p>","protected":false},"featured_media":1332,"comment_status":"open","ping_status":"closed","template":"","meta":{"om_disable_all_campaigns":false,"_monsterinsights_skip_tracking":false,"_monsterinsights_sitenote_active":false,"_monsterinsights_sitenote_note":"","_monsterinsights_sitenote_category":0,"_uf_show_specific_survey":0,"_uf_disable_surveys":false,"_iconic_wsb_product_page_order_bump_ids":[[]],"_sku":["Ref#32"],"_iconic_wsb_product_page_bump_modal_ids":[[]]},"product_brand":[],"product_cat":[20],"product_tag":[24],"class_list":{"0":"post-1323","1":"product","2":"type-product","3":"status-publish","4":"has-post-thumbnail","6":"product_cat-frutos-secos","7":"product_tag-figo-seco","9":"first","10":"instock","11":"taxable","12":"shipping-taxable","13":"purchasable","14":"product-type-variable"},"aioseo_notices":[],"jetpack_sharing_enabled":true,"_links":{"self":[{"href":"https:\/\/www.biogranel.com\/en\/wp-json\/wp\/v2\/product\/1323","targetHints":{"allow":["GET"]}}],"collection":[{"href":"https:\/\/www.biogranel.com\/en\/wp-json\/wp\/v2\/product"}],"about":[{"href":"https:\/\/www.biogranel.com\/en\/wp-json\/wp\/v2\/types\/product"}],"replies":[{"embeddable":true,"href":"https:\/\/www.biogranel.com\/en\/wp-json\/wp\/v2\/comments?post=1323"}],"version-history":[{"count":1,"href":"https:\/\/www.biogranel.com\/en\/wp-json\/wp\/v2\/product\/1323\/revisions"}],"predecessor-version":[{"id":1334,"href":"https:\/\/www.biogranel.com\/en\/wp-json\/wp\/v2\/product\/1323\/revisions\/1334"}],"wp:featuredmedia":[{"embeddable":true,"href":"https:\/\/www.biogranel.com\/en\/wp-json\/wp\/v2\/media\/1332"}],"wp:attachment":[{"href":"https:\/\/www.biogranel.com\/en\/wp-json\/wp\/v2\/media?parent=1323"}],"wp:term":[{"taxonomy":"product_brand","embeddable":true,"href":"https:\/\/www.biogranel.com\/en\/wp-json\/wp\/v2\/product_brand?post=1323"},{"taxonomy":"product_cat","embeddable":true,"href":"https:\/\/www.biogranel.com\/en\/wp-json\/wp\/v2\/product_cat?post=1323"},{"taxonomy":"product_tag","embeddable":true,"href":"https:\/\/www.biogranel.com\/en\/wp-json\/wp\/v2\/product_tag?post=1323"}],"curies":[{"name":"wp","href":"https:\/\/api.w.org\/{rel}","templated":true}]}}