{"id":1302,"date":"2025-11-25T14:42:59","date_gmt":"2025-11-25T14:42:59","guid":{"rendered":"https:\/\/www.biogranel.com\/?post_type=product&#038;p=1302"},"modified":"2025-11-25T15:32:52","modified_gmt":"2025-11-25T15:32:52","slug":"figo-seco-com-noz","status":"publish","type":"product","link":"https:\/\/www.biogranel.com\/en\/product\/figo-seco-com-noz\/","title":{"rendered":"Figo Seco com Noz"},"content":{"rendered":"<p data-start=\"237\" data-end=\"418\">O nosso <strong data-start=\"245\" data-end=\"266\">figo seco com noz<\/strong> junta o melhor de dois mundos: a do\u00e7ura natural e macia do figo e a croc\u00e2ncia rica da noz. Um snack irresist\u00edvel, cheio de sabor e tradi\u00e7\u00e3o portuguesa.<\/p>\n<p data-start=\"420\" data-end=\"555\">Perfeito para <strong data-start=\"434\" data-end=\"446\">petiscar<\/strong>, <strong data-start=\"448\" data-end=\"475\">acompanhar caf\u00e9s e ch\u00e1s<\/strong>, <strong data-start=\"477\" data-end=\"505\">servir em t\u00e1buas gourmet<\/strong> ou dar um toque especial a sobremesas e receitas.<\/p>\n<p data-start=\"557\" data-end=\"680\">\ud83c\udf6f <strong data-start=\"560\" data-end=\"586\">Do\u00e7ura natural do figo<\/strong><br data-start=\"586\" data-end=\"589\" \/>\ud83c\udf30 <strong data-start=\"592\" data-end=\"632\">Croc\u00e2ncia e riqueza nutritiva da noz<\/strong><br data-start=\"632\" data-end=\"635\" \/>\ud83d\udc9b <strong data-start=\"638\" data-end=\"680\">Ideal para snacks, t\u00e1buas e sobremesas<\/strong><\/p>\n<p data-start=\"682\" data-end=\"761\"><strong data-start=\"682\" data-end=\"761\">Figo Seco com Noz \u2013 um cl\u00e1ssico gourmet, simples e absolutamente delicioso!<\/strong><\/p>","protected":false},"excerpt":{"rendered":"<p>Figo Seco com Noz.<\/p>","protected":false},"featured_media":1307,"comment_status":"open","ping_status":"closed","template":"","meta":{"om_disable_all_campaigns":false,"_monsterinsights_skip_tracking":false,"_monsterinsights_sitenote_active":false,"_monsterinsights_sitenote_note":"","_monsterinsights_sitenote_category":0,"_uf_show_specific_survey":0,"_uf_disable_surveys":false,"_iconic_wsb_product_page_order_bump_ids":[[]],"_sku":["Ref#30"],"_iconic_wsb_product_page_bump_modal_ids":[[]]},"product_brand":[],"product_cat":[20],"product_tag":[24],"class_list":{"0":"post-1302","1":"product","2":"type-product","3":"status-publish","4":"has-post-thumbnail","6":"product_cat-frutos-secos","7":"product_tag-figo-seco","9":"first","10":"instock","11":"taxable","12":"shipping-taxable","13":"purchasable","14":"product-type-variable"},"aioseo_notices":[],"jetpack_sharing_enabled":true,"_links":{"self":[{"href":"https:\/\/www.biogranel.com\/en\/wp-json\/wp\/v2\/product\/1302","targetHints":{"allow":["GET"]}}],"collection":[{"href":"https:\/\/www.biogranel.com\/en\/wp-json\/wp\/v2\/product"}],"about":[{"href":"https:\/\/www.biogranel.com\/en\/wp-json\/wp\/v2\/types\/product"}],"replies":[{"embeddable":true,"href":"https:\/\/www.biogranel.com\/en\/wp-json\/wp\/v2\/comments?post=1302"}],"version-history":[{"count":2,"href":"https:\/\/www.biogranel.com\/en\/wp-json\/wp\/v2\/product\/1302\/revisions"}],"predecessor-version":[{"id":1309,"href":"https:\/\/www.biogranel.com\/en\/wp-json\/wp\/v2\/product\/1302\/revisions\/1309"}],"wp:featuredmedia":[{"embeddable":true,"href":"https:\/\/www.biogranel.com\/en\/wp-json\/wp\/v2\/media\/1307"}],"wp:attachment":[{"href":"https:\/\/www.biogranel.com\/en\/wp-json\/wp\/v2\/media?parent=1302"}],"wp:term":[{"taxonomy":"product_brand","embeddable":true,"href":"https:\/\/www.biogranel.com\/en\/wp-json\/wp\/v2\/product_brand?post=1302"},{"taxonomy":"product_cat","embeddable":true,"href":"https:\/\/www.biogranel.com\/en\/wp-json\/wp\/v2\/product_cat?post=1302"},{"taxonomy":"product_tag","embeddable":true,"href":"https:\/\/www.biogranel.com\/en\/wp-json\/wp\/v2\/product_tag?post=1302"}],"curies":[{"name":"wp","href":"https:\/\/api.w.org\/{rel}","templated":true}]}}