{"id":1295,"date":"2025-11-25T14:39:47","date_gmt":"2025-11-25T14:39:47","guid":{"rendered":"https:\/\/www.biogranel.com\/?post_type=product&#038;p=1295"},"modified":"2025-11-25T15:56:10","modified_gmt":"2025-11-25T15:56:10","slug":"favas-fritas-com-sal","status":"publish","type":"product","link":"https:\/\/www.biogranel.com\/en\/product\/favas-fritas-com-sal\/","title":{"rendered":"Favas Fritas com Sal"},"content":{"rendered":"<p data-start=\"248\" data-end=\"465\">As nossas <strong data-start=\"258\" data-end=\"282\">favas fritas com cal<\/strong> s\u00e3o um cl\u00e1ssico dos snacks portugueses: crocantes, leves e irresist\u00edveis. Com um toque tradicional que lembra os petiscos de antigamente, s\u00e3o perfeitas para saborear a qualquer hora.<\/p>\n<p data-start=\"467\" data-end=\"604\">Ideais para <strong data-start=\"479\" data-end=\"491\">petiscar<\/strong>, <strong data-start=\"493\" data-end=\"517\">acompanhar conv\u00edvios<\/strong>, ou simplesmente desfrutar de um snack diferente, cheio de car\u00e1cter e sabor aut\u00eantico.<\/p>\n<p data-start=\"606\" data-end=\"722\">\ud83e\udd57 <strong data-start=\"609\" data-end=\"635\">Crocantes e deliciosas<\/strong><br data-start=\"635\" data-end=\"638\" \/>\ud83d\udd25 <strong data-start=\"641\" data-end=\"677\">Preparadas ao estilo tradicional<\/strong><br data-start=\"677\" data-end=\"680\" \/>\ud83d\udc9b <strong data-start=\"683\" data-end=\"722\">Perfeitas para petiscar e partilhar<\/strong><\/p>\n<p data-start=\"724\" data-end=\"793\"><strong data-start=\"724\" data-end=\"793\">Favas Fritas com Cal \u2013 tradi\u00e7\u00e3o, textura e sabor em cada dentada!<\/strong><\/p>","protected":false},"excerpt":{"rendered":"<p>Favas Fritas com Sal.<\/p>","protected":false},"featured_media":1300,"comment_status":"open","ping_status":"closed","template":"","meta":{"om_disable_all_campaigns":false,"_monsterinsights_skip_tracking":false,"_monsterinsights_sitenote_active":false,"_monsterinsights_sitenote_note":"","_monsterinsights_sitenote_category":0,"_uf_show_specific_survey":0,"_uf_disable_surveys":false,"_iconic_wsb_product_page_order_bump_ids":[[]],"_sku":["Ref#28"],"_iconic_wsb_product_page_bump_modal_ids":[[]]},"product_brand":[],"product_cat":[20],"product_tag":[54],"class_list":{"0":"post-1295","1":"product","2":"type-product","3":"status-publish","4":"has-post-thumbnail","6":"product_cat-frutos-secos","7":"product_tag-favas","9":"first","10":"instock","11":"taxable","12":"shipping-taxable","13":"purchasable","14":"product-type-variable"},"aioseo_notices":[],"jetpack_sharing_enabled":true,"_links":{"self":[{"href":"https:\/\/www.biogranel.com\/en\/wp-json\/wp\/v2\/product\/1295","targetHints":{"allow":["GET"]}}],"collection":[{"href":"https:\/\/www.biogranel.com\/en\/wp-json\/wp\/v2\/product"}],"about":[{"href":"https:\/\/www.biogranel.com\/en\/wp-json\/wp\/v2\/types\/product"}],"replies":[{"embeddable":true,"href":"https:\/\/www.biogranel.com\/en\/wp-json\/wp\/v2\/comments?post=1295"}],"version-history":[{"count":1,"href":"https:\/\/www.biogranel.com\/en\/wp-json\/wp\/v2\/product\/1295\/revisions"}],"predecessor-version":[{"id":1301,"href":"https:\/\/www.biogranel.com\/en\/wp-json\/wp\/v2\/product\/1295\/revisions\/1301"}],"wp:featuredmedia":[{"embeddable":true,"href":"https:\/\/www.biogranel.com\/en\/wp-json\/wp\/v2\/media\/1300"}],"wp:attachment":[{"href":"https:\/\/www.biogranel.com\/en\/wp-json\/wp\/v2\/media?parent=1295"}],"wp:term":[{"taxonomy":"product_brand","embeddable":true,"href":"https:\/\/www.biogranel.com\/en\/wp-json\/wp\/v2\/product_brand?post=1295"},{"taxonomy":"product_cat","embeddable":true,"href":"https:\/\/www.biogranel.com\/en\/wp-json\/wp\/v2\/product_cat?post=1295"},{"taxonomy":"product_tag","embeddable":true,"href":"https:\/\/www.biogranel.com\/en\/wp-json\/wp\/v2\/product_tag?post=1295"}],"curies":[{"name":"wp","href":"https:\/\/api.w.org\/{rel}","templated":true}]}}