{"id":1281,"date":"2025-11-21T16:50:06","date_gmt":"2025-11-21T16:50:06","guid":{"rendered":"https:\/\/www.biogranel.com\/?post_type=product&#038;p=1281"},"modified":"2025-11-25T14:33:01","modified_gmt":"2025-11-25T14:33:01","slug":"coco-desidratado-em-cubos","status":"publish","type":"product","link":"https:\/\/www.biogranel.com\/en\/product\/coco-desidratado-em-cubos\/","title":{"rendered":"Coco Desidratado em Cubos"},"content":{"rendered":"<p data-start=\"245\" data-end=\"407\">Com um sabor suave e ex\u00f3tico, o nosso <strong data-start=\"283\" data-end=\"312\">coco desidratado em cubos<\/strong> \u00e9 o snack perfeito para quem procura uma combina\u00e7\u00e3o deliciosa de croc\u00e2ncia e do\u00e7ura natural.<\/p>\n<p data-start=\"409\" data-end=\"566\">Ideal para <strong data-start=\"420\" data-end=\"432\">petiscar<\/strong>, <strong data-start=\"434\" data-end=\"458\">adicionar a granolas<\/strong>, <strong data-start=\"460\" data-end=\"497\">misturar em mixes de frutos secos<\/strong>, usar em <strong data-start=\"507\" data-end=\"521\">sobremesas<\/strong> ou dar um toque tropical \u00e0s tuas receitas.<\/p>\n<p data-start=\"568\" data-end=\"711\">\ud83e\udd65 <strong data-start=\"571\" data-end=\"618\">Textura crocante e sabor tropical aut\u00eantico<\/strong><br data-start=\"618\" data-end=\"621\" \/>\ud83c\udf31 <strong data-start=\"624\" data-end=\"660\">100% natural e pronto a consumir<\/strong><br data-start=\"660\" data-end=\"663\" \/>\ud83e\udd63 <strong data-start=\"666\" data-end=\"711\">Perfeito para snacks e receitas criativas<\/strong><\/p>\n<p data-start=\"713\" data-end=\"781\"><strong data-start=\"713\" data-end=\"781\">Coco Desidratado em Cubos \u2013 frescura tropical em cada pedacinho!<\/strong><\/p>","protected":false},"excerpt":{"rendered":"<p>Coco Desidratado em Cubos.<\/p>","protected":false},"featured_media":1286,"comment_status":"open","ping_status":"closed","template":"","meta":{"om_disable_all_campaigns":false,"_monsterinsights_skip_tracking":false,"_monsterinsights_sitenote_active":false,"_monsterinsights_sitenote_note":"","_monsterinsights_sitenote_category":0,"_uf_show_specific_survey":0,"_uf_disable_surveys":false,"_iconic_wsb_product_page_order_bump_ids":[[]],"_sku":["Ref#26"],"_iconic_wsb_product_page_bump_modal_ids":[[]]},"product_brand":[],"product_cat":[43],"product_tag":[53],"class_list":{"0":"post-1281","1":"product","2":"type-product","3":"status-publish","4":"has-post-thumbnail","6":"product_cat-frutas-desidratadas","7":"product_tag-coco","9":"first","10":"instock","11":"taxable","12":"shipping-taxable","13":"purchasable","14":"product-type-variable"},"aioseo_notices":[],"jetpack_sharing_enabled":true,"_links":{"self":[{"href":"https:\/\/www.biogranel.com\/en\/wp-json\/wp\/v2\/product\/1281","targetHints":{"allow":["GET"]}}],"collection":[{"href":"https:\/\/www.biogranel.com\/en\/wp-json\/wp\/v2\/product"}],"about":[{"href":"https:\/\/www.biogranel.com\/en\/wp-json\/wp\/v2\/types\/product"}],"replies":[{"embeddable":true,"href":"https:\/\/www.biogranel.com\/en\/wp-json\/wp\/v2\/comments?post=1281"}],"version-history":[{"count":1,"href":"https:\/\/www.biogranel.com\/en\/wp-json\/wp\/v2\/product\/1281\/revisions"}],"predecessor-version":[{"id":1287,"href":"https:\/\/www.biogranel.com\/en\/wp-json\/wp\/v2\/product\/1281\/revisions\/1287"}],"wp:featuredmedia":[{"embeddable":true,"href":"https:\/\/www.biogranel.com\/en\/wp-json\/wp\/v2\/media\/1286"}],"wp:attachment":[{"href":"https:\/\/www.biogranel.com\/en\/wp-json\/wp\/v2\/media?parent=1281"}],"wp:term":[{"taxonomy":"product_brand","embeddable":true,"href":"https:\/\/www.biogranel.com\/en\/wp-json\/wp\/v2\/product_brand?post=1281"},{"taxonomy":"product_cat","embeddable":true,"href":"https:\/\/www.biogranel.com\/en\/wp-json\/wp\/v2\/product_cat?post=1281"},{"taxonomy":"product_tag","embeddable":true,"href":"https:\/\/www.biogranel.com\/en\/wp-json\/wp\/v2\/product_tag?post=1281"}],"curies":[{"name":"wp","href":"https:\/\/api.w.org\/{rel}","templated":true}]}}