{"id":1267,"date":"2025-11-21T16:39:52","date_gmt":"2025-11-21T16:39:52","guid":{"rendered":"https:\/\/www.biogranel.com\/?post_type=product&#038;p=1267"},"modified":"2025-11-21T16:47:26","modified_gmt":"2025-11-21T16:47:26","slug":"banana-chips","status":"publish","type":"product","link":"https:\/\/www.biogranel.com\/en\/product\/banana-chips\/","title":{"rendered":"Banana Chips"},"content":{"rendered":"<p data-start=\"218\" data-end=\"427\">As nossas <strong data-start=\"228\" data-end=\"244\">banana chips<\/strong> s\u00e3o o snack perfeito para quem adora sabor tropical aliado a uma croc\u00e2ncia viciante. Finas, douradas e naturalmente deliciosas, s\u00e3o ideais para petiscar em qualquer momento do dia.<\/p>\n<p data-start=\"429\" data-end=\"550\">Perfeitas tamb\u00e9m para <strong data-start=\"451\" data-end=\"463\">granolas<\/strong>, <strong data-start=\"465\" data-end=\"477\">iogurtes<\/strong>, <strong data-start=\"479\" data-end=\"504\">mixes de frutos secos<\/strong> ou para dar um toque especial a sobremesas.<\/p>\n<p data-start=\"552\" data-end=\"679\">\ud83c\udf4c <strong data-start=\"555\" data-end=\"586\">Crocantes e cheias de sabor<\/strong><br data-start=\"586\" data-end=\"589\" \/>\ud83c\udf31 <strong data-start=\"592\" data-end=\"630\">100% naturais e prontas a consumir<\/strong><br data-start=\"630\" data-end=\"633\" \/>\ud83e\udd63 <strong data-start=\"636\" data-end=\"679\">Ideais para snacks e receitas tropicais<\/strong><\/p>\n<p data-start=\"681\" data-end=\"747\"><strong data-start=\"681\" data-end=\"745\">Banana Chips \u2013 simples, saborosas e imposs\u00edveis de resistir!<\/strong><\/p>","protected":false},"excerpt":{"rendered":"<p>Banana Chips.<\/p>","protected":false},"featured_media":1272,"comment_status":"open","ping_status":"closed","template":"","meta":{"om_disable_all_campaigns":false,"_monsterinsights_skip_tracking":false,"_monsterinsights_sitenote_active":false,"_monsterinsights_sitenote_note":"","_monsterinsights_sitenote_category":0,"_uf_show_specific_survey":0,"_uf_disable_surveys":false,"_iconic_wsb_product_page_order_bump_ids":[[]],"_sku":["Ref#24"],"_iconic_wsb_product_page_bump_modal_ids":[[]]},"product_brand":[],"product_cat":[43],"product_tag":[51],"class_list":{"0":"post-1267","1":"product","2":"type-product","3":"status-publish","4":"has-post-thumbnail","6":"product_cat-frutas-desidratadas","7":"product_tag-banana","9":"first","10":"instock","11":"taxable","12":"shipping-taxable","13":"purchasable","14":"product-type-variable"},"aioseo_notices":[],"jetpack_sharing_enabled":true,"_links":{"self":[{"href":"https:\/\/www.biogranel.com\/en\/wp-json\/wp\/v2\/product\/1267","targetHints":{"allow":["GET"]}}],"collection":[{"href":"https:\/\/www.biogranel.com\/en\/wp-json\/wp\/v2\/product"}],"about":[{"href":"https:\/\/www.biogranel.com\/en\/wp-json\/wp\/v2\/types\/product"}],"replies":[{"embeddable":true,"href":"https:\/\/www.biogranel.com\/en\/wp-json\/wp\/v2\/comments?post=1267"}],"version-history":[{"count":1,"href":"https:\/\/www.biogranel.com\/en\/wp-json\/wp\/v2\/product\/1267\/revisions"}],"predecessor-version":[{"id":1273,"href":"https:\/\/www.biogranel.com\/en\/wp-json\/wp\/v2\/product\/1267\/revisions\/1273"}],"wp:featuredmedia":[{"embeddable":true,"href":"https:\/\/www.biogranel.com\/en\/wp-json\/wp\/v2\/media\/1272"}],"wp:attachment":[{"href":"https:\/\/www.biogranel.com\/en\/wp-json\/wp\/v2\/media?parent=1267"}],"wp:term":[{"taxonomy":"product_brand","embeddable":true,"href":"https:\/\/www.biogranel.com\/en\/wp-json\/wp\/v2\/product_brand?post=1267"},{"taxonomy":"product_cat","embeddable":true,"href":"https:\/\/www.biogranel.com\/en\/wp-json\/wp\/v2\/product_cat?post=1267"},{"taxonomy":"product_tag","embeddable":true,"href":"https:\/\/www.biogranel.com\/en\/wp-json\/wp\/v2\/product_tag?post=1267"}],"curies":[{"name":"wp","href":"https:\/\/api.w.org\/{rel}","templated":true}]}}