{"id":1239,"date":"2025-11-21T16:15:28","date_gmt":"2025-11-21T16:15:28","guid":{"rendered":"https:\/\/www.biogranel.com\/?post_type=product&#038;p=1239"},"modified":"2025-11-21T16:29:09","modified_gmt":"2025-11-21T16:29:09","slug":"miolo-de-amendoim-torrado-sem-sal","status":"publish","type":"product","link":"https:\/\/www.biogranel.com\/en\/product\/miolo-de-amendoim-torrado-sem-sal\/","title":{"rendered":"Miolo de Amendoim Torrado sem Sal"},"content":{"rendered":"<p data-start=\"256\" data-end=\"433\">Torrado no ponto certo e sem qualquer adi\u00e7\u00e3o de sal, o nosso <strong data-start=\"317\" data-end=\"345\">amendoim torrado natural<\/strong> \u00e9 perfeito para quem prefere um snack mais leve, saud\u00e1vel e cheio de sabor aut\u00eantico.<\/p>\n<p data-start=\"435\" data-end=\"589\">Rico em <strong data-start=\"443\" data-end=\"485\">prote\u00ednas, fibras e gorduras saud\u00e1veis<\/strong>, \u00e9 ideal para <strong data-start=\"500\" data-end=\"512\">petiscar<\/strong>, <strong data-start=\"514\" data-end=\"538\">adicionar a granolas<\/strong>, <strong data-start=\"540\" data-end=\"551\">saladas<\/strong> ou usar em <strong data-start=\"563\" data-end=\"586\">receitas nutritivas<\/strong>.<\/p>\n<p data-start=\"591\" data-end=\"719\">\ud83e\udd5c <strong data-start=\"594\" data-end=\"620\">100% natural e sem sal<\/strong><br data-start=\"620\" data-end=\"623\" \/>\ud83d\udd25 <strong data-start=\"626\" data-end=\"669\">Torrado para uma croc\u00e2ncia irresist\u00edvel<\/strong><br data-start=\"669\" data-end=\"672\" \/>\ud83d\udcaa <strong data-start=\"675\" data-end=\"719\">Fonte de energia e nutrientes essenciais<\/strong><\/p>\n<p data-start=\"721\" data-end=\"789\"><strong data-start=\"721\" data-end=\"787\">Miolo de Amendoim Torrado sem Sal \u2013 simplicidade que sabe bem!<\/strong><\/p>","protected":false},"excerpt":{"rendered":"<p>Miolo de Amendoim Torrado sem Sal.<\/p>","protected":false},"featured_media":1244,"comment_status":"open","ping_status":"closed","template":"","meta":{"om_disable_all_campaigns":false,"_monsterinsights_skip_tracking":false,"_monsterinsights_sitenote_active":false,"_monsterinsights_sitenote_note":"","_monsterinsights_sitenote_category":0,"_uf_show_specific_survey":0,"_uf_disable_surveys":false,"_iconic_wsb_product_page_order_bump_ids":[[]],"_sku":["Ref#20"],"_iconic_wsb_product_page_bump_modal_ids":[[]]},"product_brand":[],"product_cat":[20],"product_tag":[26],"class_list":{"0":"post-1239","1":"product","2":"type-product","3":"status-publish","4":"has-post-thumbnail","6":"product_cat-frutos-secos","7":"product_tag-amendoim","9":"first","10":"instock","11":"taxable","12":"shipping-taxable","13":"purchasable","14":"product-type-variable"},"aioseo_notices":[],"jetpack_sharing_enabled":true,"_links":{"self":[{"href":"https:\/\/www.biogranel.com\/en\/wp-json\/wp\/v2\/product\/1239","targetHints":{"allow":["GET"]}}],"collection":[{"href":"https:\/\/www.biogranel.com\/en\/wp-json\/wp\/v2\/product"}],"about":[{"href":"https:\/\/www.biogranel.com\/en\/wp-json\/wp\/v2\/types\/product"}],"replies":[{"embeddable":true,"href":"https:\/\/www.biogranel.com\/en\/wp-json\/wp\/v2\/comments?post=1239"}],"version-history":[{"count":1,"href":"https:\/\/www.biogranel.com\/en\/wp-json\/wp\/v2\/product\/1239\/revisions"}],"predecessor-version":[{"id":1245,"href":"https:\/\/www.biogranel.com\/en\/wp-json\/wp\/v2\/product\/1239\/revisions\/1245"}],"wp:featuredmedia":[{"embeddable":true,"href":"https:\/\/www.biogranel.com\/en\/wp-json\/wp\/v2\/media\/1244"}],"wp:attachment":[{"href":"https:\/\/www.biogranel.com\/en\/wp-json\/wp\/v2\/media?parent=1239"}],"wp:term":[{"taxonomy":"product_brand","embeddable":true,"href":"https:\/\/www.biogranel.com\/en\/wp-json\/wp\/v2\/product_brand?post=1239"},{"taxonomy":"product_cat","embeddable":true,"href":"https:\/\/www.biogranel.com\/en\/wp-json\/wp\/v2\/product_cat?post=1239"},{"taxonomy":"product_tag","embeddable":true,"href":"https:\/\/www.biogranel.com\/en\/wp-json\/wp\/v2\/product_tag?post=1239"}],"curies":[{"name":"wp","href":"https:\/\/api.w.org\/{rel}","templated":true}]}}