{"id":1224,"date":"2025-11-21T15:26:49","date_gmt":"2025-11-21T15:26:49","guid":{"rendered":"https:\/\/www.biogranel.com\/?post_type=product&#038;p=1224"},"modified":"2025-11-28T15:11:00","modified_gmt":"2025-11-28T15:11:00","slug":"miolo-de-amendoim-cru","status":"publish","type":"product","link":"https:\/\/www.biogranel.com\/en\/product\/miolo-de-amendoim-cru\/","title":{"rendered":"Miolo de Amendoim Cru"},"content":{"rendered":"<p data-start=\"253\" data-end=\"464\">O nosso <strong data-start=\"261\" data-end=\"286\">amendoim cru, com ou sem pele<\/strong> preserva todo o sabor e valor nutricional do fruto no seu estado mais puro. Levemente crocante e rico em nutrientes, \u00e9 perfeito para quem procura uma op\u00e7\u00e3o natural e vers\u00e1til.<\/p>\n<p data-start=\"466\" data-end=\"604\">Rico em <strong data-start=\"474\" data-end=\"511\">prote\u00ednas, fibras e antioxidantes<\/strong>, pode ser consumido ao natural, tostado em casa ou utilizado em receitas doces e salgadas.<\/p>\n<p data-start=\"606\" data-end=\"758\">\ud83e\udd5c <strong data-start=\"609\" data-end=\"640\">100% natural e sem aditivos<\/strong><br data-start=\"640\" data-end=\"643\" \/>\ud83d\udcaa <strong data-start=\"646\" data-end=\"690\">Fonte de energia, fibras e antioxidantes<\/strong><br data-start=\"690\" data-end=\"693\" \/>\ud83d\udd25 <strong data-start=\"696\" data-end=\"758\">Ideal para torrar em casa, cozinhar ou petiscar ao natural<\/strong><\/p>\n<p data-start=\"760\" data-end=\"837\"><strong data-start=\"760\" data-end=\"835\">Miolo de Amendoim Cru \u2013 autenticidade e nutri\u00e7\u00e3o em cada gr\u00e3o!<\/strong><\/p>","protected":false},"excerpt":{"rendered":"<p>Miolo de Amendoim Cru com Pele.<\/p>","protected":false},"featured_media":1229,"comment_status":"open","ping_status":"closed","template":"","meta":{"om_disable_all_campaigns":false,"_monsterinsights_skip_tracking":false,"_monsterinsights_sitenote_active":false,"_monsterinsights_sitenote_note":"","_monsterinsights_sitenote_category":0,"_uf_show_specific_survey":0,"_uf_disable_surveys":false,"_iconic_wsb_product_page_order_bump_ids":[[]],"_sku":["Ref#18"],"_iconic_wsb_product_page_bump_modal_ids":[[]]},"product_brand":[],"product_cat":[20],"product_tag":[26],"class_list":{"0":"post-1224","1":"product","2":"type-product","3":"status-publish","4":"has-post-thumbnail","6":"product_cat-frutos-secos","7":"product_tag-amendoim","9":"first","10":"instock","11":"taxable","12":"shipping-taxable","13":"purchasable","14":"product-type-variable"},"aioseo_notices":[],"jetpack_sharing_enabled":true,"_links":{"self":[{"href":"https:\/\/www.biogranel.com\/en\/wp-json\/wp\/v2\/product\/1224","targetHints":{"allow":["GET"]}}],"collection":[{"href":"https:\/\/www.biogranel.com\/en\/wp-json\/wp\/v2\/product"}],"about":[{"href":"https:\/\/www.biogranel.com\/en\/wp-json\/wp\/v2\/types\/product"}],"replies":[{"embeddable":true,"href":"https:\/\/www.biogranel.com\/en\/wp-json\/wp\/v2\/comments?post=1224"}],"version-history":[{"count":3,"href":"https:\/\/www.biogranel.com\/en\/wp-json\/wp\/v2\/product\/1224\/revisions"}],"predecessor-version":[{"id":1528,"href":"https:\/\/www.biogranel.com\/en\/wp-json\/wp\/v2\/product\/1224\/revisions\/1528"}],"wp:featuredmedia":[{"embeddable":true,"href":"https:\/\/www.biogranel.com\/en\/wp-json\/wp\/v2\/media\/1229"}],"wp:attachment":[{"href":"https:\/\/www.biogranel.com\/en\/wp-json\/wp\/v2\/media?parent=1224"}],"wp:term":[{"taxonomy":"product_brand","embeddable":true,"href":"https:\/\/www.biogranel.com\/en\/wp-json\/wp\/v2\/product_brand?post=1224"},{"taxonomy":"product_cat","embeddable":true,"href":"https:\/\/www.biogranel.com\/en\/wp-json\/wp\/v2\/product_cat?post=1224"},{"taxonomy":"product_tag","embeddable":true,"href":"https:\/\/www.biogranel.com\/en\/wp-json\/wp\/v2\/product_tag?post=1224"}],"curies":[{"name":"wp","href":"https:\/\/api.w.org\/{rel}","templated":true}]}}