{"id":1214,"date":"2025-11-21T15:07:07","date_gmt":"2025-11-21T15:07:07","guid":{"rendered":"https:\/\/www.biogranel.com\/?post_type=product&#038;p=1214"},"modified":"2025-11-21T15:11:52","modified_gmt":"2025-11-21T15:11:52","slug":"amendoa-laminada","status":"publish","type":"product","link":"https:\/\/www.biogranel.com\/en\/product\/amendoa-laminada\/","title":{"rendered":"Am\u00eandoa Laminada"},"content":{"rendered":"<p data-start=\"238\" data-end=\"454\">A nossa <strong data-start=\"246\" data-end=\"266\">am\u00eandoa laminada<\/strong> \u00e9 a escolha ideal para dar um toque especial a sobremesas, saladas, granolas e pratos gourmet. Fina, crocante e naturalmente saborosa, transforma qualquer receita num momento delicioso.<\/p>\n<p data-start=\"456\" data-end=\"580\">Rica em <strong data-start=\"464\" data-end=\"506\">fibras, prote\u00ednas e gorduras saud\u00e1veis<\/strong>, \u00e9 um ingrediente vers\u00e1til que combina nutri\u00e7\u00e3o e sabor em cada l\u00e2mina.<\/p>\n<p data-start=\"582\" data-end=\"712\">\ud83c\udf30 <strong data-start=\"585\" data-end=\"615\">100% natural, sem aditivos<\/strong><br data-start=\"615\" data-end=\"618\" \/>\ud83e\udd57 <strong data-start=\"621\" data-end=\"666\">Ideal para pastelaria, saladas e toppings<\/strong><br data-start=\"666\" data-end=\"669\" \/>\ud83d\udcaa <strong data-start=\"672\" data-end=\"712\">Leve, crocante e cheia de nutrientes<\/strong><\/p>\n<p data-start=\"714\" data-end=\"783\"><strong data-start=\"714\" data-end=\"781\">Am\u00eandoa Laminada \u2013 o detalhe crocante que faz toda a diferen\u00e7a!<\/strong><\/p>","protected":false},"excerpt":{"rendered":"<p>Am\u00eandoa Laminada.<\/p>","protected":false},"featured_media":1219,"comment_status":"open","ping_status":"closed","template":"","meta":{"om_disable_all_campaigns":false,"_monsterinsights_skip_tracking":false,"_monsterinsights_sitenote_active":false,"_monsterinsights_sitenote_note":"","_monsterinsights_sitenote_category":0,"_uf_show_specific_survey":0,"_uf_disable_surveys":false,"_iconic_wsb_product_page_order_bump_ids":[[]],"_sku":["Ref#16"],"_iconic_wsb_product_page_bump_modal_ids":[[]]},"product_brand":[],"product_cat":[20],"product_tag":[42],"class_list":{"0":"post-1214","1":"product","2":"type-product","3":"status-publish","4":"has-post-thumbnail","6":"product_cat-frutos-secos","7":"product_tag-amendoa","9":"first","10":"instock","11":"taxable","12":"shipping-taxable","13":"purchasable","14":"product-type-variable"},"aioseo_notices":[],"jetpack_sharing_enabled":true,"_links":{"self":[{"href":"https:\/\/www.biogranel.com\/en\/wp-json\/wp\/v2\/product\/1214","targetHints":{"allow":["GET"]}}],"collection":[{"href":"https:\/\/www.biogranel.com\/en\/wp-json\/wp\/v2\/product"}],"about":[{"href":"https:\/\/www.biogranel.com\/en\/wp-json\/wp\/v2\/types\/product"}],"replies":[{"embeddable":true,"href":"https:\/\/www.biogranel.com\/en\/wp-json\/wp\/v2\/comments?post=1214"}],"version-history":[{"count":1,"href":"https:\/\/www.biogranel.com\/en\/wp-json\/wp\/v2\/product\/1214\/revisions"}],"predecessor-version":[{"id":1220,"href":"https:\/\/www.biogranel.com\/en\/wp-json\/wp\/v2\/product\/1214\/revisions\/1220"}],"wp:featuredmedia":[{"embeddable":true,"href":"https:\/\/www.biogranel.com\/en\/wp-json\/wp\/v2\/media\/1219"}],"wp:attachment":[{"href":"https:\/\/www.biogranel.com\/en\/wp-json\/wp\/v2\/media?parent=1214"}],"wp:term":[{"taxonomy":"product_brand","embeddable":true,"href":"https:\/\/www.biogranel.com\/en\/wp-json\/wp\/v2\/product_brand?post=1214"},{"taxonomy":"product_cat","embeddable":true,"href":"https:\/\/www.biogranel.com\/en\/wp-json\/wp\/v2\/product_cat?post=1214"},{"taxonomy":"product_tag","embeddable":true,"href":"https:\/\/www.biogranel.com\/en\/wp-json\/wp\/v2\/product_tag?post=1214"}],"curies":[{"name":"wp","href":"https:\/\/api.w.org\/{rel}","templated":true}]}}