{"id":1209,"date":"2025-11-21T15:06:16","date_gmt":"2025-11-21T15:06:16","guid":{"rendered":"https:\/\/www.biogranel.com\/?post_type=product&#038;p=1209"},"modified":"2025-11-21T16:33:55","modified_gmt":"2025-11-21T16:33:55","slug":"amendoim-torrado-com-casca","status":"publish","type":"product","link":"https:\/\/www.biogranel.com\/en\/product\/amendoim-torrado-com-casca\/","title":{"rendered":"Amendoim Torrado com Casca"},"content":{"rendered":"<p data-start=\"248\" data-end=\"449\">Crocante, saboroso e cheio de aroma, o nosso <strong data-start=\"293\" data-end=\"323\">amendoim torrado com casca<\/strong> traz de volta o verdadeiro sabor dos snacks tradicionais. Torrado no ponto certo, \u00e9 perfeito para petiscar a qualquer hora.<\/p>\n<p data-start=\"451\" data-end=\"588\">Rico em <strong data-start=\"459\" data-end=\"498\">prote\u00ednas, fibras e energia natural<\/strong>, \u00e9 uma op\u00e7\u00e3o deliciosa para partilhar com fam\u00edlia e amigos \u2014 ou para desfrutar sozinho!<\/p>\n<p data-start=\"590\" data-end=\"700\">\ud83e\udd5c <strong data-start=\"593\" data-end=\"619\">Torrado no ponto ideal<\/strong><br data-start=\"619\" data-end=\"622\" \/>\ud83c\udf30 <strong data-start=\"625\" data-end=\"661\">Sabor aut\u00eantico e casca crocante<\/strong><br data-start=\"661\" data-end=\"664\" \/>\ud83d\udcaa <strong data-start=\"667\" data-end=\"700\">Fonte de energia e nutrientes<\/strong><\/p>\n<p data-start=\"702\" data-end=\"777\"><strong data-start=\"702\" data-end=\"775\">Amendoim Torrado com Casca \u2013 simples, saboroso e sempre irresist\u00edvel!<\/strong><\/p>","protected":false},"excerpt":{"rendered":"<p>Amendoim Torrado com Casca.<\/p>","protected":false},"featured_media":1221,"comment_status":"open","ping_status":"closed","template":"","meta":{"om_disable_all_campaigns":false,"_monsterinsights_skip_tracking":false,"_monsterinsights_sitenote_active":false,"_monsterinsights_sitenote_note":"","_monsterinsights_sitenote_category":0,"_uf_show_specific_survey":0,"_uf_disable_surveys":false,"_iconic_wsb_product_page_order_bump_ids":[[]],"_sku":["Ref#17"],"_iconic_wsb_product_page_bump_modal_ids":[[]]},"product_brand":[],"product_cat":[20],"product_tag":[26],"class_list":{"0":"post-1209","1":"product","2":"type-product","3":"status-publish","4":"has-post-thumbnail","6":"product_cat-frutos-secos","7":"product_tag-amendoim","9":"first","10":"instock","11":"taxable","12":"shipping-taxable","13":"purchasable","14":"product-type-variable"},"aioseo_notices":[],"jetpack_sharing_enabled":true,"_links":{"self":[{"href":"https:\/\/www.biogranel.com\/en\/wp-json\/wp\/v2\/product\/1209","targetHints":{"allow":["GET"]}}],"collection":[{"href":"https:\/\/www.biogranel.com\/en\/wp-json\/wp\/v2\/product"}],"about":[{"href":"https:\/\/www.biogranel.com\/en\/wp-json\/wp\/v2\/types\/product"}],"replies":[{"embeddable":true,"href":"https:\/\/www.biogranel.com\/en\/wp-json\/wp\/v2\/comments?post=1209"}],"version-history":[{"count":2,"href":"https:\/\/www.biogranel.com\/en\/wp-json\/wp\/v2\/product\/1209\/revisions"}],"predecessor-version":[{"id":1223,"href":"https:\/\/www.biogranel.com\/en\/wp-json\/wp\/v2\/product\/1209\/revisions\/1223"}],"wp:featuredmedia":[{"embeddable":true,"href":"https:\/\/www.biogranel.com\/en\/wp-json\/wp\/v2\/media\/1221"}],"wp:attachment":[{"href":"https:\/\/www.biogranel.com\/en\/wp-json\/wp\/v2\/media?parent=1209"}],"wp:term":[{"taxonomy":"product_brand","embeddable":true,"href":"https:\/\/www.biogranel.com\/en\/wp-json\/wp\/v2\/product_brand?post=1209"},{"taxonomy":"product_cat","embeddable":true,"href":"https:\/\/www.biogranel.com\/en\/wp-json\/wp\/v2\/product_cat?post=1209"},{"taxonomy":"product_tag","embeddable":true,"href":"https:\/\/www.biogranel.com\/en\/wp-json\/wp\/v2\/product_tag?post=1209"}],"curies":[{"name":"wp","href":"https:\/\/api.w.org\/{rel}","templated":true}]}}