{"id":1202,"date":"2025-11-20T16:04:24","date_gmt":"2025-11-20T16:04:24","guid":{"rendered":"https:\/\/www.biogranel.com\/?post_type=product&#038;p=1202"},"modified":"2025-11-20T16:07:18","modified_gmt":"2025-11-20T16:07:18","slug":"alperce","status":"publish","type":"product","link":"https:\/\/www.biogranel.com\/en\/product\/alperce\/","title":{"rendered":"Alperce"},"content":{"rendered":"<p data-start=\"240\" data-end=\"397\">Com uma textura macia e um sabor frutado delicioso, o <strong data-start=\"294\" data-end=\"317\">alperce desidratado<\/strong> \u00e9 o snack perfeito para quem procura do\u00e7ura natural sem a\u00e7\u00facares adicionados.<\/p>\n<p data-start=\"399\" data-end=\"563\">Rico em <strong data-start=\"407\" data-end=\"444\">fibras, vitaminas e antioxidantes<\/strong>, \u00e9 ideal para <strong data-start=\"459\" data-end=\"471\">petiscar<\/strong>, <strong data-start=\"473\" data-end=\"497\">misturar em granolas<\/strong>, <strong data-start=\"499\" data-end=\"524\">acrescentar a saladas<\/strong> ou usar em <strong data-start=\"536\" data-end=\"560\">sobremesas saud\u00e1veis<\/strong>.<\/p>\n<p data-start=\"565\" data-end=\"697\">\ud83c\udf51 <strong data-start=\"568\" data-end=\"610\">100% natural, sem a\u00e7\u00facares adicionados<\/strong><br data-start=\"610\" data-end=\"613\" \/>\ud83d\udcaa <strong data-start=\"616\" data-end=\"645\">Fonte de energia e fibras<\/strong><br data-start=\"645\" data-end=\"648\" \/>\ud83e\udd63 <strong data-start=\"651\" data-end=\"697\">Perfeito para snacks e receitas nutritivas<\/strong><\/p>\n<p data-start=\"699\" data-end=\"773\"><strong data-start=\"699\" data-end=\"771\">Alperce Desidratado \u2013 o toque doce e saud\u00e1vel que ilumina o teu dia!<\/strong><\/p>","protected":false},"excerpt":{"rendered":"<p>Alperce.<\/p>","protected":false},"featured_media":1207,"comment_status":"open","ping_status":"closed","template":"","meta":{"om_disable_all_campaigns":false,"_monsterinsights_skip_tracking":false,"_monsterinsights_sitenote_active":false,"_monsterinsights_sitenote_note":"","_monsterinsights_sitenote_category":0,"_uf_show_specific_survey":0,"_uf_disable_surveys":false,"_iconic_wsb_product_page_order_bump_ids":[[]],"_sku":["Ref#15"],"_iconic_wsb_product_page_bump_modal_ids":[[]]},"product_brand":[],"product_cat":[43],"product_tag":[49],"class_list":{"0":"post-1202","1":"product","2":"type-product","3":"status-publish","4":"has-post-thumbnail","6":"product_cat-frutas-desidratadas","7":"product_tag-alperce","9":"first","10":"instock","11":"taxable","12":"shipping-taxable","13":"purchasable","14":"product-type-variable"},"aioseo_notices":[],"jetpack_sharing_enabled":true,"_links":{"self":[{"href":"https:\/\/www.biogranel.com\/en\/wp-json\/wp\/v2\/product\/1202","targetHints":{"allow":["GET"]}}],"collection":[{"href":"https:\/\/www.biogranel.com\/en\/wp-json\/wp\/v2\/product"}],"about":[{"href":"https:\/\/www.biogranel.com\/en\/wp-json\/wp\/v2\/types\/product"}],"replies":[{"embeddable":true,"href":"https:\/\/www.biogranel.com\/en\/wp-json\/wp\/v2\/comments?post=1202"}],"version-history":[{"count":1,"href":"https:\/\/www.biogranel.com\/en\/wp-json\/wp\/v2\/product\/1202\/revisions"}],"predecessor-version":[{"id":1208,"href":"https:\/\/www.biogranel.com\/en\/wp-json\/wp\/v2\/product\/1202\/revisions\/1208"}],"wp:featuredmedia":[{"embeddable":true,"href":"https:\/\/www.biogranel.com\/en\/wp-json\/wp\/v2\/media\/1207"}],"wp:attachment":[{"href":"https:\/\/www.biogranel.com\/en\/wp-json\/wp\/v2\/media?parent=1202"}],"wp:term":[{"taxonomy":"product_brand","embeddable":true,"href":"https:\/\/www.biogranel.com\/en\/wp-json\/wp\/v2\/product_brand?post=1202"},{"taxonomy":"product_cat","embeddable":true,"href":"https:\/\/www.biogranel.com\/en\/wp-json\/wp\/v2\/product_cat?post=1202"},{"taxonomy":"product_tag","embeddable":true,"href":"https:\/\/www.biogranel.com\/en\/wp-json\/wp\/v2\/product_tag?post=1202"}],"curies":[{"name":"wp","href":"https:\/\/api.w.org\/{rel}","templated":true}]}}